{"id":133700,"date":"2025-05-17T14:53:19","date_gmt":"2025-05-17T14:53:19","guid":{"rendered":"https:\/\/www.customywear.com\/?post_type=product&#038;p=133700"},"modified":"2026-05-07T15:29:31","modified_gmt":"2026-05-07T15:29:31","slug":"doktor-ilham-cocuk-tisort","status":"publish","type":"product","link":"https:\/\/www.customywear.com\/tr\/doctor-inspiration-tshirt-child\/","title":{"rendered":"Custom Doctor Inspiration T-Shirt for Toddler Boys\u202f- Cotton DTG Personalized Photo Gift to Inspire Future Healthcare Heroes"},"content":{"rendered":"<p>K\u00fc\u00e7\u00fck \u00e7ocu\u011funuzun hayal g\u00fcc\u00fcn\u00fc, y\u00fcr\u00fcmeye ba\u015flayan \u00e7ocuklar i\u00e7in \u00d6zel Doktor \u0130lham Ti\u015f\u00f6rt\u00fcm\u00fczle ger\u00e7e\u011fe d\u00f6n\u00fc\u015ft\u00fcr\u00fcn. Yumu\u015fak, nefes alabilen birinci s\u0131n\u0131f pamuktan \u00fcretilen ve canl\u0131, uzun \u00f6m\u00fcrl\u00fc DTG teknolojisiyle bas\u0131lan her ti\u015f\u00f6rt, \u00e7ocu\u011funuzun foto\u011fraf\u0131n\u0131 tam \u00fcniformal\u0131 bir doktor olarak b\u00fcy\u00fcleyici bir dijital sanat eserine d\u00f6n\u00fc\u015ft\u00fcr\u00fcyor. G\u00fcnl\u00fck oyun i\u00e7in yeterince dayan\u0131kl\u0131 olan bu ki\u015fiselle\u015ftirilmi\u015f ti\u015f\u00f6rt, do\u011fum g\u00fcnleri, tatiller veya ba\u015fkalar\u0131na yard\u0131m etme konusundaki yeni ba\u015flayan tutkular\u0131n\u0131 te\u015fvik etmek i\u00e7in unutulmaz bir hediye.<\/p>","protected":false},"excerpt":{"rendered":"<p>K\u00fc\u00e7\u00fck \u00e7ocuklar i\u00e7in \u00f6zel bir doktor ilham ti\u015f\u00f6rt\u00fc ile k\u00fc\u00e7\u00fck sa\u011fl\u0131k kahramanlar\u0131n\u0131 g\u00fc\u00e7lendirin. Premium Cotton DTG ki\u015fiselle\u015ftirilmi\u015f ti\u015f\u00f6rtler, herhangi bir foto\u011fraf\u0131 e\u011flenceli, ilham verici bir ti\u015f\u00f6rt haline getirir.<\/p>","protected":false},"featured_media":133838,"comment_status":"open","ping_status":"closed","template":"","meta":{"_acf_changed":false},"product_brand":[],"product_cat":[6209,6380,6412,6428],"product_tag":[6433,6439,6221,6381],"class_list":{"0":"post-133700","1":"product","2":"type-product","3":"status-publish","4":"has-post-thumbnail","6":"product_cat-toddler-boy-t-shirts","7":"product_cat-custom-gifts-doctor-tees","8":"product_cat-photo-to-tees","9":"product_cat-translate-products","10":"product_tag-ai-artwork","11":"product_tag-ai-kids-artwork","12":"product_tag-custom-t-shirts-near-me","13":"product_tag-personalized-gifts-doctor-tees","15":"first","16":"instock","17":"taxable","18":"shipping-taxable","19":"purchasable","20":"product-type-simple"},"acf":[],"wcpa_form_fields":null,"_links":{"self":[{"href":"https:\/\/www.customywear.com\/tr\/wp-json\/wp\/v2\/product\/133700","targetHints":{"allow":["GET"]}}],"collection":[{"href":"https:\/\/www.customywear.com\/tr\/wp-json\/wp\/v2\/product"}],"about":[{"href":"https:\/\/www.customywear.com\/tr\/wp-json\/wp\/v2\/types\/product"}],"replies":[{"embeddable":true,"href":"https:\/\/www.customywear.com\/tr\/wp-json\/wp\/v2\/comments?post=133700"}],"wp:featuredmedia":[{"embeddable":true,"href":"https:\/\/www.customywear.com\/tr\/wp-json\/wp\/v2\/media\/133838"}],"wp:attachment":[{"href":"https:\/\/www.customywear.com\/tr\/wp-json\/wp\/v2\/media?parent=133700"}],"wp:term":[{"taxonomy":"product_brand","embeddable":true,"href":"https:\/\/www.customywear.com\/tr\/wp-json\/wp\/v2\/product_brand?post=133700"},{"taxonomy":"product_cat","embeddable":true,"href":"https:\/\/www.customywear.com\/tr\/wp-json\/wp\/v2\/product_cat?post=133700"},{"taxonomy":"product_tag","embeddable":true,"href":"https:\/\/www.customywear.com\/tr\/wp-json\/wp\/v2\/product_tag?post=133700"}],"curies":[{"name":"wp","href":"https:\/\/api.w.org\/{rel}","templated":true}]}}