{"id":133715,"date":"2025-05-17T14:53:20","date_gmt":"2025-05-17T14:53:20","guid":{"rendered":"https:\/\/www.customywear.com\/?post_type=product&#038;p=133715"},"modified":"2026-05-05T20:23:26","modified_gmt":"2026-05-05T20:23:26","slug":"ozel-fotograf-sanat-tisort-kadin-doktorlar","status":"publish","type":"product","link":"https:\/\/www.customywear.com\/tr\/custom-photo-art-tshirt-women-doctors\/","title":{"rendered":"Kad\u0131n Doktorlar ve Sa\u011fl\u0131k Kahramanlar\u0131 i\u00e7in \u00d6zel Foto\u011fraftan Sanata Ti\u015f\u00f6rtler \u2013 Hem\u015fireler ve T\u0131p \u00d6\u011frencileri i\u00e7in 0 Pamuktan Ki\u015fiselle\u015ftirilmi\u015f Hediye"},"content":{"rendered":"<p>Kad\u0131n Doktorlar i\u00e7in \u00d6zel Foto\u011fraftan Sanata Ti\u015f\u00f6rtlerimizle sa\u011fl\u0131k alan\u0131nda lider kad\u0131nlar\u0131 kutlay\u0131n. Sadece bir foto\u011fraf y\u00fckleyin ve yetenekli sanat\u00e7\u0131lar\u0131m\u0131z onu \u00fcniformal\u0131 bir kad\u0131n doktoru hastane fonunda tasvir eden canl\u0131 bir dijital sanat eserine d\u00f6n\u00fc\u015ft\u00fcrecektir. 0 birinci s\u0131n\u0131f pamuktan \u00fcretilen ve dayan\u0131kl\u0131 DTG m\u00fcrekkepleriyle bas\u0131lan bu ki\u015fiselle\u015ftirilmi\u015f ti\u015f\u00f6rt, t\u00fcm g\u00fcn konfor, kal\u0131c\u0131 kalite ve parlak renk tutma \u00f6zelli\u011fi sunar. Do\u011fum g\u00fcnlerinde, mezuniyetlerde, terfilerde veya \u00f6zverilerini onurland\u0131ran herhangi bir \u00f6zel g\u00fcnde doktorlara, hem\u015firelere, t\u0131p \u00f6\u011frencilerine ve e\u011fitimcilere hediye etmek i\u00e7in m\u00fckemmeldir.<\/p>","protected":false},"excerpt":{"rendered":"<p>Kad\u0131n doktorlar ve hem\u015fireler i\u00e7in \u00f6zel foto\u011fraf-sanat ti\u015f\u00f6rtleri ile sa\u011fl\u0131k alan\u0131nda kad\u0131nlar\u0131 onurland\u0131r\u0131n. Ki\u015fiselle\u015ftirilmi\u015f pamuklu ti\u015f\u00f6rtler, herhangi bir foto\u011fraf\u0131 benzersiz bir hediyeye d\u00f6n\u00fc\u015ft\u00fcr\u00fcr.<\/p>","protected":false},"featured_media":133746,"comment_status":"open","ping_status":"closed","template":"","meta":{"_acf_changed":false},"product_brand":[],"product_cat":[6191,6380,6412,6428,75,6354],"product_tag":[6214,6433,6328,229,6381,6215],"class_list":{"0":"post-133715","1":"product","2":"type-product","3":"status-publish","4":"has-post-thumbnail","6":"product_cat-t-shirts-women","7":"product_cat-custom-gifts-doctor-tees","8":"product_cat-photo-to-tees","9":"product_cat-translate-products","10":"product_cat-women","11":"product_cat-womens-profession-t-shirts","12":"product_tag-affordable-custom-t-shirts","13":"product_tag-ai-artwork","14":"product_tag-custom-image-t-shirt-for-women","15":"product_tag-custom-tee-shirts","16":"product_tag-personalized-gifts-doctor-tees","17":"product_tag-screen-printing-near-me","19":"first","20":"instock","21":"taxable","22":"shipping-taxable","23":"purchasable","24":"product-type-simple"},"acf":[],"wcpa_form_fields":null,"_links":{"self":[{"href":"https:\/\/www.customywear.com\/tr\/wp-json\/wp\/v2\/product\/133715","targetHints":{"allow":["GET"]}}],"collection":[{"href":"https:\/\/www.customywear.com\/tr\/wp-json\/wp\/v2\/product"}],"about":[{"href":"https:\/\/www.customywear.com\/tr\/wp-json\/wp\/v2\/types\/product"}],"replies":[{"embeddable":true,"href":"https:\/\/www.customywear.com\/tr\/wp-json\/wp\/v2\/comments?post=133715"}],"wp:featuredmedia":[{"embeddable":true,"href":"https:\/\/www.customywear.com\/tr\/wp-json\/wp\/v2\/media\/133746"}],"wp:attachment":[{"href":"https:\/\/www.customywear.com\/tr\/wp-json\/wp\/v2\/media?parent=133715"}],"wp:term":[{"taxonomy":"product_brand","embeddable":true,"href":"https:\/\/www.customywear.com\/tr\/wp-json\/wp\/v2\/product_brand?post=133715"},{"taxonomy":"product_cat","embeddable":true,"href":"https:\/\/www.customywear.com\/tr\/wp-json\/wp\/v2\/product_cat?post=133715"},{"taxonomy":"product_tag","embeddable":true,"href":"https:\/\/www.customywear.com\/tr\/wp-json\/wp\/v2\/product_tag?post=133715"}],"curies":[{"name":"wp","href":"https:\/\/api.w.org\/{rel}","templated":true}]}}