{"id":133879,"date":"2025-05-18T08:46:13","date_gmt":"2025-05-18T08:46:13","guid":{"rendered":"https:\/\/www.customywear.com\/?post_type=product&#038;p=133879"},"modified":"2026-05-07T15:29:31","modified_gmt":"2026-05-07T15:29:31","slug":"ozellestirilebilir-italya-bayrak-elbise-bebek-kiz-tisort","status":"publish","type":"product","link":"https:\/\/www.customywear.com\/tr\/personalized-italian-flag-dress-tee-toddler-girls\/","title":{"rendered":"K\u00fc\u00e7\u00fck K\u0131zlar \u0130\u00e7in Ki\u015fiselle\u015ftirilmi\u015f \u0130talyan Bayra\u011f\u0131 Elbise Ti\u015f\u00f6rt\u00fc \u2013 \u0130talya Seyahatinden Esinlenen Dijital Sanatla \u00d6zel Foto\u011frafl\u0131 Ti\u015f\u00f6rt"},"content":{"rendered":"<p>K\u00fc\u00e7\u00fck k\u0131z\u0131n\u0131z\u0131n \u0130talya&#039;ya olan sevgisini, K\u00fc\u00e7\u00fck K\u0131zlar \u0130\u00e7in Ki\u015fiselle\u015ftirilmi\u015f \u0130talyan Bayra\u011f\u0131 Elbise Ti\u015f\u00f6rt\u00fcm\u00fczle kutlay\u0131n. Foto\u011fraf\u0131n\u0131, ikonik bir \u0130talyan sahnesinin \u00f6n\u00fcnde g\u00fczelce tasarlanm\u0131\u015f bir bayrak elbisesi giyen b\u00fcy\u00fcleyici bir \u0130talyan karakterine d\u00f6n\u00fc\u015ft\u00fcren benzersiz bir \u00f6zel ti\u015f\u00f6rt. Yumu\u015fak, dayan\u0131kl\u0131 pamuktan \u00fcretilen ve canl\u0131, uzun \u00f6m\u00fcrl\u00fc bask\u0131lara sahip olan bu ti\u015f\u00f6rt, do\u011fum g\u00fcnleri, tatiller, aile seyahatleri veya k\u00fclt\u00fcrel kutlamalar i\u00e7in m\u00fckemmeldir. Yetenekli sanat\u00e7\u0131lar taraf\u0131ndan tasarlanan her ti\u015f\u00f6rt, \u00e7ocu\u011funuzun macerac\u0131 ruhunu ve \u0130talya ile olan ba\u011flant\u0131s\u0131n\u0131 yakalayan giyilebilir bir sanat eseridir. Avrupa&#039;y\u0131 hayal eden k\u00fc\u00e7\u00fck k\u0131zlar i\u00e7in m\u00fckemmel bir hat\u0131ra!<\/p>","protected":false},"excerpt":{"rendered":"<p>K\u00fc\u00e7\u00fck k\u0131zlar i\u00e7in ki\u015fiselle\u015ftirilmi\u015f bir \u0130talyan bayra\u011f\u0131 elbise ti\u015f\u00f6rt\u00fc ile \u0130talya'y\u0131 kutlay\u0131n. Seyahatten ilham alan dijital sanat eserleri ile \u00f6zel foto\u011fraf ti\u015f\u00f6rtleri, miras hat\u0131ralar\u0131n\u0131 e\u011flenceli hale getirir.<\/p>","protected":false},"featured_media":134048,"comment_status":"open","ping_status":"closed","template":"","meta":{"_acf_changed":false},"product_brand":[],"product_cat":[6207,6412,6428],"product_tag":[6433,6439,6221,6382],"class_list":{"0":"post-133879","1":"product","2":"type-product","3":"status-publish","4":"has-post-thumbnail","6":"product_cat-toddler-girl-t-shirts","7":"product_cat-photo-to-tees","8":"product_cat-translate-products","9":"product_tag-ai-artwork","10":"product_tag-ai-kids-artwork","11":"product_tag-custom-t-shirts-near-me","12":"product_tag-personalized-gifts-italian-culture","14":"first","15":"instock","16":"taxable","17":"shipping-taxable","18":"purchasable","19":"product-type-simple"},"acf":[],"wcpa_form_fields":null,"_links":{"self":[{"href":"https:\/\/www.customywear.com\/tr\/wp-json\/wp\/v2\/product\/133879","targetHints":{"allow":["GET"]}}],"collection":[{"href":"https:\/\/www.customywear.com\/tr\/wp-json\/wp\/v2\/product"}],"about":[{"href":"https:\/\/www.customywear.com\/tr\/wp-json\/wp\/v2\/types\/product"}],"replies":[{"embeddable":true,"href":"https:\/\/www.customywear.com\/tr\/wp-json\/wp\/v2\/comments?post=133879"}],"wp:featuredmedia":[{"embeddable":true,"href":"https:\/\/www.customywear.com\/tr\/wp-json\/wp\/v2\/media\/134048"}],"wp:attachment":[{"href":"https:\/\/www.customywear.com\/tr\/wp-json\/wp\/v2\/media?parent=133879"}],"wp:term":[{"taxonomy":"product_brand","embeddable":true,"href":"https:\/\/www.customywear.com\/tr\/wp-json\/wp\/v2\/product_brand?post=133879"},{"taxonomy":"product_cat","embeddable":true,"href":"https:\/\/www.customywear.com\/tr\/wp-json\/wp\/v2\/product_cat?post=133879"},{"taxonomy":"product_tag","embeddable":true,"href":"https:\/\/www.customywear.com\/tr\/wp-json\/wp\/v2\/product_tag?post=133879"}],"curies":[{"name":"wp","href":"https:\/\/api.w.org\/{rel}","templated":true}]}}