{"id":133907,"date":"2025-05-18T08:46:14","date_gmt":"2025-05-18T08:46:14","guid":{"rendered":"https:\/\/www.customywear.com\/?post_type=product&#038;p=133907"},"modified":"2026-05-05T20:23:26","modified_gmt":"2026-05-05T20:23:26","slug":"ozel-italyan-bayrakli-kadin-tshirt","status":"publish","type":"product","link":"https:\/\/www.customywear.com\/tr\/custom-italian-flag-shirt-women\/","title":{"rendered":"Kad\u0131nlar \u0130\u00e7in \u00d6zel \u0130talyan Bayra\u011f\u0131 Ti\u015f\u00f6rt\u00fc \u2013 \u0130talyan K\u00fclt\u00fcr\u00fc Severler \u0130\u00e7in Ki\u015fiselle\u015ftirilmi\u015f Foto\u011fraf Ti\u015f\u00f6rt\u00fc, Gururlu \u0130talyanlar \u0130\u00e7in \u0130deal Hediye"},"content":{"rendered":"<p>Kad\u0131nlar i\u00e7in \u00d6zel \u0130talyan Bayra\u011f\u0131 Ti\u015f\u00f6rt\u00fcm\u00fczle \u0130talyan miras\u0131n\u0131 kutlay\u0131n \u2014 \u0130talya&#039;n\u0131n k\u00fclt\u00fcr\u00fcn\u00fc, yemeklerini veya seyahatlerini seven herkes i\u00e7in m\u00fckemmel bir hediye. Bu 0 pamuklu ti\u015f\u00f6rt, ikonik \u0130talyan bayra\u011f\u0131n\u0131n yan\u0131nda foto\u011fraflar\u0131n\u0131z\u0131 canland\u0131ran dayan\u0131kl\u0131 DTG bask\u0131s\u0131yla hem konfor hem de kalite sunar. \u0130ster do\u011fum g\u00fcn\u00fc, ister y\u0131ld\u00f6n\u00fcm\u00fc veya k\u00fclt\u00fcrel kutlama olsun, bu ki\u015fiselle\u015ftirilmi\u015f ti\u015f\u00f6rt anlaml\u0131 ve \u015f\u0131k bir hediye olur. Yetenekli sanat\u00e7\u0131lar taraf\u0131ndan tasarlanan her ti\u015f\u00f6rt, benzersiz ki\u015fisel bir dokunu\u015fla ulusal gururu yans\u0131t\u0131r.<\/p>","protected":false},"excerpt":{"rendered":"<p>Kad\u0131nlar\u0131 \u00f6zel bir \u0130talyan bayra\u011f\u0131 ti\u015f\u00f6rt\u00fc ile kutlay\u0131n. \u0130talyan k\u00fclt\u00fcr severler i\u00e7in ki\u015fiselle\u015ftirilmi\u015f foto\u011frafl\u0131 ti\u015f\u00f6rtler, herhangi bir foto\u011fraf\u0131 cesur, t\u00fcr\u00fcn\u00fcn tek \u00f6rne\u011fi bir ti\u015f\u00f6rte d\u00f6n\u00fc\u015ft\u00fcr\u00fcr.<\/p>","protected":false},"featured_media":133944,"comment_status":"open","ping_status":"closed","template":"","meta":{"_acf_changed":false},"product_brand":[],"product_cat":[6191,6412,6428,75,6355],"product_tag":[6214,6433,6328,229,6382,6215],"class_list":{"0":"post-133907","1":"product","2":"type-product","3":"status-publish","4":"has-post-thumbnail","6":"product_cat-t-shirts-women","7":"product_cat-photo-to-tees","8":"product_cat-translate-products","9":"product_cat-women","10":"product_cat-womens-culture-country-t-shirts","11":"product_tag-affordable-custom-t-shirts","12":"product_tag-ai-artwork","13":"product_tag-custom-image-t-shirt-for-women","14":"product_tag-custom-tee-shirts","15":"product_tag-personalized-gifts-italian-culture","16":"product_tag-screen-printing-near-me","18":"first","19":"instock","20":"taxable","21":"shipping-taxable","22":"purchasable","23":"product-type-simple"},"acf":[],"wcpa_form_fields":null,"_links":{"self":[{"href":"https:\/\/www.customywear.com\/tr\/wp-json\/wp\/v2\/product\/133907","targetHints":{"allow":["GET"]}}],"collection":[{"href":"https:\/\/www.customywear.com\/tr\/wp-json\/wp\/v2\/product"}],"about":[{"href":"https:\/\/www.customywear.com\/tr\/wp-json\/wp\/v2\/types\/product"}],"replies":[{"embeddable":true,"href":"https:\/\/www.customywear.com\/tr\/wp-json\/wp\/v2\/comments?post=133907"}],"wp:featuredmedia":[{"embeddable":true,"href":"https:\/\/www.customywear.com\/tr\/wp-json\/wp\/v2\/media\/133944"}],"wp:attachment":[{"href":"https:\/\/www.customywear.com\/tr\/wp-json\/wp\/v2\/media?parent=133907"}],"wp:term":[{"taxonomy":"product_brand","embeddable":true,"href":"https:\/\/www.customywear.com\/tr\/wp-json\/wp\/v2\/product_brand?post=133907"},{"taxonomy":"product_cat","embeddable":true,"href":"https:\/\/www.customywear.com\/tr\/wp-json\/wp\/v2\/product_cat?post=133907"},{"taxonomy":"product_tag","embeddable":true,"href":"https:\/\/www.customywear.com\/tr\/wp-json\/wp\/v2\/product_tag?post=133907"}],"curies":[{"name":"wp","href":"https:\/\/api.w.org\/{rel}","templated":true}]}}