{"id":136576,"date":"2025-07-29T13:09:18","date_gmt":"2025-07-29T13:09:18","guid":{"rendered":"https:\/\/www.customywear.com\/?post_type=product&#038;p=136576"},"modified":"2026-05-07T15:29:31","modified_gmt":"2026-05-07T15:29:31","slug":"ozel-kosucu-toddler-kiz-fotolu-tisort","status":"publish","type":"product","link":"https:\/\/www.customywear.com\/tr\/custom-runner-toddler-girls-photo-tshirt\/","title":{"rendered":"K\u00fc\u00e7\u00fck K\u0131zlar \u0130\u00e7in Ki\u015fiye \u00d6zel Ko\u015fu Ti\u015f\u00f6rt\u00fc - Aktif K\u00fc\u00e7\u00fck Do\u011fa Ka\u015fifleri \u0130\u00e7in Ki\u015fiselle\u015ftirilmi\u015f Ko\u015fu Foto\u011frafl\u0131 Ti\u015f\u00f6rt"},"content":{"rendered":"<p>Aktif k\u00fc\u00e7\u00fck k\u0131zlar i\u00e7in \u00f6zel olarak tasarlanan \u00d6zel Ko\u015fucu K\u0131z \u00c7ocuk Ti\u015f\u00f6rt\u00fcm\u00fczle a\u00e7\u0131k hava oyunlar\u0131na ilham verin. Foto\u011fraf\u0131n\u0131z\u0131 kullanarak, minik k\u0131z\u0131n\u0131z\u0131 sevimli ve sportif bir ko\u015fu sahnesinde g\u00f6steren ki\u015fiselle\u015ftirilmi\u015f bir dijital sanat eseri yarat\u0131yoruz. Bu benzersiz ti\u015f\u00f6rt, do\u011fum g\u00fcnleri, \u00f6zel g\u00fcnler veya sadece a\u00e7\u0131k hava sevgisini te\u015fvik etmek i\u00e7in m\u00fckemmel. Yumu\u015fak, nefes alabilen pamuktan \u00fcretilen ve y\u00fcksek kaliteli DTG teknolojisi kullan\u0131larak bas\u0131lan bu ti\u015f\u00f6rt, hem kal\u0131c\u0131 konfor hem de canl\u0131 renkler sunuyor. Macerac\u0131 ruhunu yans\u0131tan anlaml\u0131 bir hediye!<\/p>","protected":false},"excerpt":{"rendered":"<p>Y\u00fcr\u00fcmeye ba\u015flayan k\u0131zlar i\u00e7in \u00f6zel bir ko\u015fucu ti\u015f\u00f6rt ile gen\u00e7 sporcular\u0131 te\u015fvik edin. Ki\u015fiselle\u015ftirilmi\u015f ko\u015fu foto\u011fraf ti\u015f\u00f6rtleri, herhangi bir foto\u011fraf\u0131 e\u011flenceli, aktif bir d\u0131\u015f mekan ti\u015f\u00f6rt\u00fcne d\u00f6n\u00fc\u015ft\u00fcr\u00fcr.<\/p>","protected":false},"featured_media":136730,"comment_status":"open","ping_status":"closed","template":"","meta":{"_acf_changed":false},"product_brand":[],"product_cat":[6207,6411,6412,6428],"product_tag":[6433,6439,6221],"class_list":{"0":"post-136576","1":"product","2":"type-product","3":"status-publish","4":"has-post-thumbnail","6":"product_cat-toddler-girl-t-shirts","7":"product_cat-custom-gifts-ai-jogging-runner","8":"product_cat-photo-to-tees","9":"product_cat-translate-products","10":"product_tag-ai-artwork","11":"product_tag-ai-kids-artwork","12":"product_tag-custom-t-shirts-near-me","14":"first","15":"instock","16":"taxable","17":"shipping-taxable","18":"purchasable","19":"product-type-simple"},"acf":[],"wcpa_form_fields":null,"_links":{"self":[{"href":"https:\/\/www.customywear.com\/tr\/wp-json\/wp\/v2\/product\/136576","targetHints":{"allow":["GET"]}}],"collection":[{"href":"https:\/\/www.customywear.com\/tr\/wp-json\/wp\/v2\/product"}],"about":[{"href":"https:\/\/www.customywear.com\/tr\/wp-json\/wp\/v2\/types\/product"}],"replies":[{"embeddable":true,"href":"https:\/\/www.customywear.com\/tr\/wp-json\/wp\/v2\/comments?post=136576"}],"wp:featuredmedia":[{"embeddable":true,"href":"https:\/\/www.customywear.com\/tr\/wp-json\/wp\/v2\/media\/136730"}],"wp:attachment":[{"href":"https:\/\/www.customywear.com\/tr\/wp-json\/wp\/v2\/media?parent=136576"}],"wp:term":[{"taxonomy":"product_brand","embeddable":true,"href":"https:\/\/www.customywear.com\/tr\/wp-json\/wp\/v2\/product_brand?post=136576"},{"taxonomy":"product_cat","embeddable":true,"href":"https:\/\/www.customywear.com\/tr\/wp-json\/wp\/v2\/product_cat?post=136576"},{"taxonomy":"product_tag","embeddable":true,"href":"https:\/\/www.customywear.com\/tr\/wp-json\/wp\/v2\/product_tag?post=136576"}],"curies":[{"name":"wp","href":"https:\/\/api.w.org\/{rel}","templated":true}]}}