{"id":136604,"date":"2025-07-29T13:09:19","date_gmt":"2025-07-29T13:09:19","guid":{"rendered":"https:\/\/www.customywear.com\/?post_type=product&#038;p=136604"},"modified":"2026-05-05T20:23:26","modified_gmt":"2026-05-05T20:23:26","slug":"ozel-kadin-kosucu-jogger-tisort","status":"publish","type":"product","link":"https:\/\/www.customywear.com\/tr\/custom-womens-runner-jogger-tshirt\/","title":{"rendered":"Ko\u015fucular ve Jogging Yapanlar \u0130\u00e7in Ki\u015fiye \u00d6zel Kad\u0131n Ti\u015f\u00f6rt\u00fc \u2013 Anneler, K\u0131z Karde\u015fler, E\u015fler ve K\u0131z Arkada\u015flar \u0130\u00e7in Ki\u015fiselle\u015ftirilmi\u015f Hediye"},"content":{"rendered":"<p>Kendi foto\u011fraf\u0131n\u0131zdan \u00f6zel olarak tasarlanan, kad\u0131n ko\u015fu ve ko\u015fu ti\u015f\u00f6rt\u00fcm\u00fczle aktif bir ya\u015fam tarz\u0131n\u0131 kutlay\u0131n. Kad\u0131n ko\u015fucular, ko\u015fucular, anneler, k\u0131z karde\u015fler, e\u015fler ve sevgililer i\u00e7in tasarlanan bu ki\u015fiselle\u015ftirilmi\u015f ti\u015f\u00f6rt, dijital sanatla birinci s\u0131n\u0131f yumu\u015fak pamu\u011fu bir araya getirerek kal\u0131c\u0131 konfor ve canl\u0131l\u0131k sunar. \u0130ster patikada y\u00fcr\u00fcy\u00fc\u015fe \u00e7\u0131k\u0131n ister evde dinlenin, a\u00e7\u0131k hava fitness tutkular\u0131n\u0131 onurland\u0131ran ve de\u011ferli an\u0131lar\u0131 giyilebilir sanata d\u00f6n\u00fc\u015ft\u00fcren m\u00fckemmel bir motivasyon hediyesi.<\/p>","protected":false},"excerpt":{"rendered":"<p>Empower women runners with a Custom Women&#8217;s T-Shirt. Personalized Gifts for Mothers, Sisters, Wives, and Girlfriends transform any photo into a sporty, unique tee.<\/p>","protected":false},"featured_media":136636,"comment_status":"open","ping_status":"closed","template":"","meta":{"_acf_changed":false},"product_brand":[],"product_cat":[6191,6411,6412,6428,75,6352],"product_tag":[6214,6433,6328,229,6215],"class_list":{"0":"post-136604","1":"product","2":"type-product","3":"status-publish","4":"has-post-thumbnail","6":"product_cat-t-shirts-women","7":"product_cat-custom-gifts-ai-jogging-runner","8":"product_cat-photo-to-tees","9":"product_cat-translate-products","10":"product_cat-women","11":"product_cat-womens-sports-t-shirts","12":"product_tag-affordable-custom-t-shirts","13":"product_tag-ai-artwork","14":"product_tag-custom-image-t-shirt-for-women","15":"product_tag-custom-tee-shirts","16":"product_tag-screen-printing-near-me","18":"first","19":"instock","20":"taxable","21":"shipping-taxable","22":"purchasable","23":"product-type-simple"},"acf":[],"wcpa_form_fields":null,"_links":{"self":[{"href":"https:\/\/www.customywear.com\/tr\/wp-json\/wp\/v2\/product\/136604","targetHints":{"allow":["GET"]}}],"collection":[{"href":"https:\/\/www.customywear.com\/tr\/wp-json\/wp\/v2\/product"}],"about":[{"href":"https:\/\/www.customywear.com\/tr\/wp-json\/wp\/v2\/types\/product"}],"replies":[{"embeddable":true,"href":"https:\/\/www.customywear.com\/tr\/wp-json\/wp\/v2\/comments?post=136604"}],"wp:featuredmedia":[{"embeddable":true,"href":"https:\/\/www.customywear.com\/tr\/wp-json\/wp\/v2\/media\/136636"}],"wp:attachment":[{"href":"https:\/\/www.customywear.com\/tr\/wp-json\/wp\/v2\/media?parent=136604"}],"wp:term":[{"taxonomy":"product_brand","embeddable":true,"href":"https:\/\/www.customywear.com\/tr\/wp-json\/wp\/v2\/product_brand?post=136604"},{"taxonomy":"product_cat","embeddable":true,"href":"https:\/\/www.customywear.com\/tr\/wp-json\/wp\/v2\/product_cat?post=136604"},{"taxonomy":"product_tag","embeddable":true,"href":"https:\/\/www.customywear.com\/tr\/wp-json\/wp\/v2\/product_tag?post=136604"}],"curies":[{"name":"wp","href":"https:\/\/api.w.org\/{rel}","templated":true}]}}