{"id":136609,"date":"2025-07-29T13:09:20","date_gmt":"2025-07-29T13:09:20","guid":{"rendered":"https:\/\/www.customywear.com\/?post_type=product&#038;p=136609"},"modified":"2026-05-05T20:24:06","modified_gmt":"2026-05-05T20:24:06","slug":"ozel-erkek-kosucu-tshirt-fotograf-sanat-hediye","status":"publish","type":"product","link":"https:\/\/www.customywear.com\/tr\/custom-mens-running-tshirt-photo-art-gift\/","title":{"rendered":"Jogger&#039;lar \u0130\u00e7in Ki\u015fiselle\u015ftirilmi\u015f Erkek Ko\u015fu Ti\u015f\u00f6rt\u00fc Hediyesi - Do\u011fum G\u00fcnleri, Y\u0131ld\u00f6n\u00fcmleri ve Noel \u0130\u00e7in Foto\u011fraftan Dijital Sanata Hat\u0131ra"},"content":{"rendered":"<p>Ki\u015fiye \u00f6zel erkek ko\u015fu ve ko\u015fu ti\u015f\u00f6rt\u00fcm\u00fczle hediyenizi daha da anlaml\u0131 hale getirin ve en sevdi\u011finiz foto\u011fraf\u0131 ki\u015fiselle\u015ftirilmi\u015f bir dijital sanat \u015faheserine d\u00f6n\u00fc\u015ft\u00fcr\u00fcn. Uzman sanat\u00e7\u0131lar, hediyeyi alan ki\u015fiyi dinamik spor k\u0131yafetleriyle, pitoresk bir parkta ko\u015farken resmederek, a\u00e7\u0131k hava sporuna olan tutkusunu kutlayan motive edici bir hat\u0131ra yarat\u0131yor. Erkek ko\u015fucular ve spor tutkunlar\u0131 i\u00e7in ideal olan bu anlaml\u0131 hediye, do\u011fum g\u00fcnlerini, y\u0131ld\u00f6n\u00fcmlerini ve Noel&#039;i anarak her kullan\u0131mda aktif bir ya\u015fam tarz\u0131na ilham veriyor.<\/p>","protected":false},"excerpt":{"rendered":"<p>Ki\u015fiselle\u015ftirilmi\u015f Erkek Ko\u015fu Ti\u015f\u00f6rt\u00fc \u2013 Bir foto\u011fraf\u0131 dijital sanata d\u00f6n\u00fc\u015ft\u00fcr\u00fcn! Do\u011fum g\u00fcnleri, y\u0131ld\u00f6n\u00fcmleri veya Noel'de ko\u015fucular i\u00e7in m\u00fckemmel bir hediye.<\/p>","protected":false},"featured_media":136615,"comment_status":"open","ping_status":"closed","template":"","meta":{"_acf_changed":false},"product_brand":[],"product_cat":[6195,6411,186,6339,6412,6428],"product_tag":[6433,6327,6216],"class_list":{"0":"post-136609","1":"product","2":"type-product","3":"status-publish","4":"has-post-thumbnail","6":"product_cat-t-shirts-men","7":"product_cat-custom-gifts-ai-jogging-runner","8":"product_cat-men","9":"product_cat-mens-sports-t-shirts","10":"product_cat-photo-to-tees","11":"product_cat-translate-products","12":"product_tag-ai-artwork","13":"product_tag-custom-photo-t-shirt-for-men","14":"product_tag-mens-custom-t-shirts","16":"first","17":"instock","18":"taxable","19":"shipping-taxable","20":"purchasable","21":"product-type-simple"},"acf":[],"wcpa_form_fields":null,"_links":{"self":[{"href":"https:\/\/www.customywear.com\/tr\/wp-json\/wp\/v2\/product\/136609","targetHints":{"allow":["GET"]}}],"collection":[{"href":"https:\/\/www.customywear.com\/tr\/wp-json\/wp\/v2\/product"}],"about":[{"href":"https:\/\/www.customywear.com\/tr\/wp-json\/wp\/v2\/types\/product"}],"replies":[{"embeddable":true,"href":"https:\/\/www.customywear.com\/tr\/wp-json\/wp\/v2\/comments?post=136609"}],"wp:featuredmedia":[{"embeddable":true,"href":"https:\/\/www.customywear.com\/tr\/wp-json\/wp\/v2\/media\/136615"}],"wp:attachment":[{"href":"https:\/\/www.customywear.com\/tr\/wp-json\/wp\/v2\/media?parent=136609"}],"wp:term":[{"taxonomy":"product_brand","embeddable":true,"href":"https:\/\/www.customywear.com\/tr\/wp-json\/wp\/v2\/product_brand?post=136609"},{"taxonomy":"product_cat","embeddable":true,"href":"https:\/\/www.customywear.com\/tr\/wp-json\/wp\/v2\/product_cat?post=136609"},{"taxonomy":"product_tag","embeddable":true,"href":"https:\/\/www.customywear.com\/tr\/wp-json\/wp\/v2\/product_tag?post=136609"}],"curies":[{"name":"wp","href":"https:\/\/api.w.org\/{rel}","templated":true}]}}