{"id":20301,"date":"2023-07-28T13:32:47","date_gmt":"2023-07-28T13:32:47","guid":{"rendered":"https:\/\/www.customywear.com\/?post_type=product&#038;p=20301"},"modified":"2026-05-07T15:29:59","modified_gmt":"2026-05-07T15:29:59","slug":"ozel-uzayli-uzay-gemisi-erkek-cocuk-tshirt","status":"publish","type":"product","link":"https:\/\/www.customywear.com\/tr\/custom-alien-spaceship-boy-shirt\/","title":{"rendered":"\u00d6zel Uzayl\u0131 Uzay Gemisi \u00c7ocuk Ti\u015f\u00f6rt\u00fc | Ki\u015fiselle\u015ftirilmi\u015f UFO \u00c7ocuk Ti\u015f\u00f6rt\u00fc"},"content":{"rendered":"<p>\u00c7ocu\u011funuzun hayal g\u00fcc\u00fcn\u00fc, onlar\u0131 y\u0131ld\u0131zlar\u0131n \u00f6tesindeki bir d\u00fcnyaya g\u00f6t\u00fcren ki\u015fiselle\u015ftirilmi\u015f bir \u015faheser olan \u00d6zel Uzayl\u0131 Uzay Gemisi \u00c7ocuk G\u00f6mle\u011fimizle harekete ge\u00e7irin. \u00c7ocu\u011funuzun foto\u011fraf\u0131n\u0131 kullanarak, onlar\u0131 bir uzay gemisinde sevimli bir uzayl\u0131 olarak tasvir eden b\u00fcy\u00fcleyici bir vekt\u00f6r portre sanat\u0131 haz\u0131rl\u0131yoruz. Bu benzersiz ve e\u011flenceli \u00f6zel ti\u015f\u00f6rt, \u00e7ocu\u011funuzun y\u00fcz\u00fcnde bir g\u00fcl\u00fcmseme olu\u015fturmak ve merak duygusunu harekete ge\u00e7irmek i\u00e7in m\u00fckemmel bir hediyedir. \u00d6zverili tasar\u0131m ekibimiz, \u00e7ocu\u011funuzun g\u00f6r\u00fcnt\u00fcs\u00fcn\u00fc d\u00fcnya d\u0131\u015f\u0131 maceralar\u0131n tuhaf d\u00fcnyas\u0131yla kusursuz bir \u015fekilde harmanlamak i\u00e7in Adobe Illustrator ve Adobe Photoshop&#039;un yarat\u0131c\u0131 g\u00fcc\u00fcnden yararlan\u0131r. Tasar\u0131m, canl\u0131 renkler ve ola\u011fan\u00fcst\u00fc dayan\u0131kl\u0131l\u0131k sa\u011flayan geli\u015fmi\u015f DTG bask\u0131 teknolojisi kullan\u0131larak hayata ge\u00e7irilir. Hem uzun kollu hem de k\u0131sa kollu se\u00e7enekleri bulunan unisex ti\u015f\u00f6rtlerimiz, her ya\u015ftan \u00e7ocu\u011fa hitap eder ve her y\u0131ld\u0131zlararas\u0131 ka\u015fif i\u00e7in rahat bir uyum vaat eder. \u00c7ocu\u011funuzun gard\u0131robunu, merak\u0131n\u0131 k\u00f6r\u00fckleyen ve bilinmeyenin b\u00fcy\u00fcs\u00fcn\u00fc kucaklayan ki\u015fiselle\u015ftirilmi\u015f bir ti\u015f\u00f6rtle y\u00fckseltin. Koleksiyonumuz, her biri kal\u0131c\u0131 bir an\u0131 yaratmak i\u00e7in titizlikle haz\u0131rlanm\u0131\u015f, \u00e7ocukluk hayal g\u00fcc\u00fcn\u00fcn \u00f6z\u00fcn\u00fc yakalayan bir dizi tasar\u0131ma sahiptir. \u0130ster \u00f6zel bir g\u00fcn i\u00e7in bir hediye, ister g\u00fcnl\u00fck k\u0131yafetlerine ho\u015f bir ek olsun, ki\u015fiselle\u015ftirilmi\u015f ti\u015f\u00f6rtlerimiz ke\u015ffetmeyi ve yarat\u0131c\u0131l\u0131\u011f\u0131 te\u015fvik eden giyilebilir sanat eserleridir.<\/p>","protected":false},"excerpt":{"rendered":"<p>\u00d6zel Alien Spaceship Boy G\u00f6mle\u011fimizle \u00e7ocu\u011funuzu kozmik bir kahraman yap\u0131n. Bu ki\u015fiselle\u015ftirilmi\u015f UFO \u00e7ocuk ti\u015f\u00f6rt\u00fc, herhangi bir foto\u011fraf\u0131 e\u011flence ve hayal g\u00fcc\u00fcyle dolu, d\u00fcnya d\u0131\u015f\u0131 bir \u00f6zel ti\u015f\u00f6rte d\u00f6n\u00fc\u015ft\u00fcr\u00fcyor.<\/p>","protected":false},"featured_media":142400,"comment_status":"open","ping_status":"closed","template":"","meta":{"_acf_changed":false},"product_brand":[],"product_cat":[6189,113,6412,6428],"product_tag":[6433,6439,65,136,137,138,141,73],"class_list":{"0":"post-20301","1":"product","2":"type-product","3":"status-publish","4":"has-post-thumbnail","6":"product_cat-boys-t-shirts","7":"product_cat-custom-gifts-alien-shirts","8":"product_cat-photo-to-tees","9":"product_cat-translate-products","10":"product_tag-ai-artwork","11":"product_tag-ai-kids-artwork","12":"product_tag-kid","13":"product_tag-science_shirt","14":"product_tag-space_shirt","15":"product_tag-t-shirt-ufo","16":"product_tag-ufo-shirt","17":"product_tag-youth-boy","19":"first","20":"instock","21":"taxable","22":"shipping-taxable","23":"purchasable","24":"product-type-simple"},"acf":[],"wcpa_form_fields":null,"_links":{"self":[{"href":"https:\/\/www.customywear.com\/tr\/wp-json\/wp\/v2\/product\/20301","targetHints":{"allow":["GET"]}}],"collection":[{"href":"https:\/\/www.customywear.com\/tr\/wp-json\/wp\/v2\/product"}],"about":[{"href":"https:\/\/www.customywear.com\/tr\/wp-json\/wp\/v2\/types\/product"}],"replies":[{"embeddable":true,"href":"https:\/\/www.customywear.com\/tr\/wp-json\/wp\/v2\/comments?post=20301"}],"wp:featuredmedia":[{"embeddable":true,"href":"https:\/\/www.customywear.com\/tr\/wp-json\/wp\/v2\/media\/142400"}],"wp:attachment":[{"href":"https:\/\/www.customywear.com\/tr\/wp-json\/wp\/v2\/media?parent=20301"}],"wp:term":[{"taxonomy":"product_brand","embeddable":true,"href":"https:\/\/www.customywear.com\/tr\/wp-json\/wp\/v2\/product_brand?post=20301"},{"taxonomy":"product_cat","embeddable":true,"href":"https:\/\/www.customywear.com\/tr\/wp-json\/wp\/v2\/product_cat?post=20301"},{"taxonomy":"product_tag","embeddable":true,"href":"https:\/\/www.customywear.com\/tr\/wp-json\/wp\/v2\/product_tag?post=20301"}],"curies":[{"name":"wp","href":"https:\/\/api.w.org\/{rel}","templated":true}]}}