{"id":20302,"date":"2023-07-28T13:32:48","date_gmt":"2023-07-28T13:32:48","guid":{"rendered":"https:\/\/www.customywear.com\/?post_type=product&#038;p=20302"},"modified":"2026-05-07T15:29:59","modified_gmt":"2026-05-07T15:29:59","slug":"ozel-angel-erkek-cocuk-hafif-tshirt","status":"publish","type":"product","link":"https:\/\/www.customywear.com\/tr\/custom-angel-boy-airy-shirt\/","title":{"rendered":"Ki\u015fiye \u00d6zel Angel Boy Havai G\u00f6mlek | Ki\u015fiselle\u015ftirilmi\u015f Fantezi Kanatlar Ti\u015f\u00f6rt\u00fc"},"content":{"rendered":"<p>\u00c7ocu\u011funuzun hayallerini, onlar\u0131 g\u00f6ksel bir varl\u0131\u011fa d\u00f6n\u00fc\u015ft\u00fcren ki\u015fiselle\u015ftirilmi\u015f bir \u015faheser olan b\u00fcy\u00fcleyici \u00d6zel Angel Boy Airy G\u00f6mle\u011fimizle y\u00fckseltin. \u00c7ocu\u011funuzun foto\u011fraf\u0131n\u0131 kullanarak, onlar\u0131 narin kanatl\u0131 b\u00fcy\u00fcleyici bir melek olarak sergileyen b\u00fcy\u00fcleyici bir vekt\u00f6r portre sanat\u0131 haz\u0131rl\u0131yoruz. Bu benzersiz ve i\u00e7 \u0131s\u0131tan \u00f6zel ti\u015f\u00f6rt, do\u011fum g\u00fcnlerini kutlamak ve hayal g\u00fcc\u00fcn\u00fcn b\u00fcy\u00fcs\u00fcn\u00fc ate\u015flemek i\u00e7in ideal bir hediyedir. \u00d6zverili tasar\u0131m ekibimiz, \u00e7ocu\u011funuzun g\u00f6r\u00fcnt\u00fcs\u00fcn\u00fc kusursuz bir \u015fekilde fantezinin uhrevi alemiyle birle\u015ftirmek i\u00e7in Adobe Illustrator ve Adobe Photoshop&#039;un yarat\u0131c\u0131 potansiyelinden yararlan\u0131r. Tasar\u0131m, canl\u0131 renkler ve ola\u011fan\u00fcst\u00fc dayan\u0131kl\u0131l\u0131k sa\u011flayan son teknoloji DTG teknolojisi kullan\u0131larak ustaca bas\u0131lm\u0131\u015ft\u0131r. Hem k\u0131sa kollu hem de uzun kollu se\u00e7eneklerde mevcut olan unisex ti\u015f\u00f6rtlerimiz, her ya\u015ftan \u00e7ocu\u011fa hitap ederek her hevesli melek i\u00e7in rahat bir uyum sa\u011flar. \u00c7ocukluk fantezisinin harikas\u0131n\u0131 kutlayan ki\u015fiselle\u015ftirilmi\u015f bir ti\u015f\u00f6rt ile \u00e7ocu\u011funuzun gard\u0131robuna biraz tuhafl\u0131k kat\u0131n. Koleksiyonumuz, her biri kal\u0131c\u0131 an\u0131lar yaratmak i\u00e7in \u00f6zenle haz\u0131rlanm\u0131\u015f, yarat\u0131c\u0131 oyunun \u00f6z\u00fcn\u00fc yakalayan bir dizi tasar\u0131ma sahiptir. \u0130ster \u00f6zel bir do\u011fum g\u00fcn\u00fc s\u00fcrprizi, ister g\u00fcnl\u00fck giyiminize ho\u015f bir katk\u0131 olsun, ki\u015fiye \u00f6zel ti\u015f\u00f6rtlerimiz hayallere ve yarat\u0131c\u0131l\u0131\u011fa ilham veren giyilebilir sanat eserleridir.<\/p>","protected":false},"excerpt":{"rendered":"<p>\u00c7ocu\u011funuzun foto\u011fraf\u0131n\u0131 cennet gibi \u00f6zel bir melek \u00e7ocuk havadar g\u00f6mle\u011fine d\u00f6n\u00fc\u015ft\u00fcr\u00fcn. Ki\u015fiselle\u015ftirilmi\u015f Fantasy Wings Ti\u015f\u00f6rt\u00fcm\u00fcz, meleksi bir \u00e7ekicilik ve yarat\u0131c\u0131 kanatlar\u0131 benzersiz bir \u00f6zel ti\u015f\u00f6rte getiriyor.<\/p>","protected":false},"featured_media":142726,"comment_status":"open","ping_status":"closed","template":"","meta":{"_acf_changed":false},"product_brand":[],"product_cat":[6189,145,6412,6428],"product_tag":[6433,6439,146,65,67,149,73],"class_list":{"0":"post-20302","1":"product","2":"type-product","3":"status-publish","4":"has-post-thumbnail","6":"product_cat-boys-t-shirts","7":"product_cat-custom-gifts-fairy-angels","8":"product_cat-photo-to-tees","9":"product_cat-translate-products","10":"product_tag-ai-artwork","11":"product_tag-ai-kids-artwork","12":"product_tag-angel_shirt","13":"product_tag-kid","14":"product_tag-kids_birthday_shirt","15":"product_tag-toddler_birthday","16":"product_tag-youth-boy","18":"first","19":"instock","20":"taxable","21":"shipping-taxable","22":"purchasable","23":"product-type-simple"},"acf":[],"wcpa_form_fields":null,"_links":{"self":[{"href":"https:\/\/www.customywear.com\/tr\/wp-json\/wp\/v2\/product\/20302","targetHints":{"allow":["GET"]}}],"collection":[{"href":"https:\/\/www.customywear.com\/tr\/wp-json\/wp\/v2\/product"}],"about":[{"href":"https:\/\/www.customywear.com\/tr\/wp-json\/wp\/v2\/types\/product"}],"replies":[{"embeddable":true,"href":"https:\/\/www.customywear.com\/tr\/wp-json\/wp\/v2\/comments?post=20302"}],"wp:featuredmedia":[{"embeddable":true,"href":"https:\/\/www.customywear.com\/tr\/wp-json\/wp\/v2\/media\/142726"}],"wp:attachment":[{"href":"https:\/\/www.customywear.com\/tr\/wp-json\/wp\/v2\/media?parent=20302"}],"wp:term":[{"taxonomy":"product_brand","embeddable":true,"href":"https:\/\/www.customywear.com\/tr\/wp-json\/wp\/v2\/product_brand?post=20302"},{"taxonomy":"product_cat","embeddable":true,"href":"https:\/\/www.customywear.com\/tr\/wp-json\/wp\/v2\/product_cat?post=20302"},{"taxonomy":"product_tag","embeddable":true,"href":"https:\/\/www.customywear.com\/tr\/wp-json\/wp\/v2\/product_tag?post=20302"}],"curies":[{"name":"wp","href":"https:\/\/api.w.org\/{rel}","templated":true}]}}