{"id":20303,"date":"2023-07-28T13:32:49","date_gmt":"2023-07-28T13:32:49","guid":{"rendered":"https:\/\/www.customywear.com\/?post_type=product&#038;p=20303"},"modified":"2026-05-07T15:29:59","modified_gmt":"2026-05-07T15:29:59","slug":"ozel-angel-kiz-peri-tshirt","status":"publish","type":"product","link":"https:\/\/www.customywear.com\/tr\/custom-angel-girl-fairy-shirt\/","title":{"rendered":"\u00d6zel Melek K\u0131z Sevimli Peri G\u00f6mlek \/ Ki\u015fiselle\u015ftirilmi\u015f Gen\u00e7lik Fantezi Tee"},"content":{"rendered":"<p>\u00c7ocu\u011funuzun hayal g\u00fcc\u00fcn\u00fc, hayallerini ger\u00e7e\u011fe d\u00f6n\u00fc\u015ft\u00fcren ki\u015fiselle\u015ftirilmi\u015f bir \u015faheser olan b\u00fcy\u00fcleyici \u00d6zel Melek K\u0131z Sevimli Peri G\u00f6mle\u011fimizle y\u00fckseltin. Tasar\u0131m s\u00fcrecimizin b\u00fcy\u00fcs\u00fcyle, \u00e7ocu\u011funuzun foto\u011fraf\u0131n\u0131 b\u00fcy\u00fcleyici bir vekt\u00f6r portre sanat\u0131na d\u00f6n\u00fc\u015ft\u00fcr\u00fcyoruz ve onlar\u0131 narin kanatl\u0131 sevimli bir peri olarak tasvir ediyoruz. Bu b\u00fcy\u00fcleyici ve i\u00e7 \u0131s\u0131tan \u00f6zel ti\u015f\u00f6rt, masumiyetini ve yarat\u0131c\u0131l\u0131\u011f\u0131n\u0131 kutlamak i\u00e7in m\u00fckemmel bir hediyedir. \u00d6zverili tasar\u0131m ekibimiz, \u00e7ocu\u011funuzun g\u00f6r\u00fcnt\u00fcs\u00fcn\u00fc fantezinin tuhaf d\u00fcnyas\u0131yla kusursuz bir \u015fekilde harmanlamak i\u00e7in Adobe Illustrator ve Adobe Photoshop&#039;un yarat\u0131c\u0131 g\u00fcc\u00fcnden yararlan\u0131r. Tasar\u0131m, canl\u0131 renkler ve ola\u011fan\u00fcst\u00fc dayan\u0131kl\u0131l\u0131k sa\u011flayan son teknoloji DTG teknolojisi kullan\u0131larak titizlikle bas\u0131lm\u0131\u015ft\u0131r. Hem k\u0131sa kollu hem de uzun kollu se\u00e7enekleri bulunan unisex ti\u015f\u00f6rtlerimiz, her ya\u015ftan \u00e7ocu\u011fa hitap ederek her k\u00fc\u00e7\u00fck hayalperest i\u00e7in rahat bir uyum sa\u011flar. \u00c7ocukluk fantezisinin b\u00fcy\u00fcs\u00fcn\u00fc kutlayan ki\u015fiselle\u015ftirilmi\u015f bir ti\u015f\u00f6rt ile \u00e7ocu\u011funuzun gard\u0131robuna b\u00fcy\u00fcl\u00fc bir dokunu\u015f kat\u0131n. \u00c7e\u015fitli koleksiyonumuz, her biri merak ve zevk uyand\u0131rmak i\u00e7in \u00f6zenle haz\u0131rlanm\u0131\u015f, yarat\u0131c\u0131 oyunun \u00f6z\u00fcn\u00fc yakalayan \u00e7e\u015fitli tasar\u0131mlar sunar. \u0130ster \u00f6zel bir g\u00fcn olsun ister g\u00fcnl\u00fck k\u0131yafetlerine ho\u015f bir ek olsun, ki\u015fiselle\u015ftirilmi\u015f ti\u015f\u00f6rtlerimiz hayallere ilham veren ve yarat\u0131c\u0131l\u0131\u011f\u0131 ate\u015fleyen giyilebilir sanat eserleridir.<\/p>","protected":false},"excerpt":{"rendered":"<p>Foto\u011fraf\u0131n\u0131z\u0131 b\u00fcy\u00fcl\u00fc bir \u00f6zel melek k\u0131z sevimli peri g\u00f6mle\u011fine d\u00f6n\u00fc\u015ft\u00fcr\u00fcn. Ki\u015fiselle\u015ftirilmi\u015f gen\u00e7lik fantezi ti\u015f\u00f6rt\u00fc, \u00e7ocu\u011funuzun hayran olaca\u011f\u0131 benzersiz, b\u00fcy\u00fcleyici bir tasar\u0131m i\u00e7in tuhaf peri kanatlar\u0131 ve \u00e7ekicilik ekler.<\/p>","protected":false},"featured_media":142733,"comment_status":"open","ping_status":"closed","template":"","meta":{"_acf_changed":false},"product_brand":[],"product_cat":[6193,145,6412,6428],"product_tag":[6433,6439,146,65,67,149,156],"class_list":{"0":"post-20303","1":"product","2":"type-product","3":"status-publish","4":"has-post-thumbnail","6":"product_cat-girls-t-shirts","7":"product_cat-custom-gifts-fairy-angels","8":"product_cat-photo-to-tees","9":"product_cat-translate-products","10":"product_tag-ai-artwork","11":"product_tag-ai-kids-artwork","12":"product_tag-angel_shirt","13":"product_tag-kid","14":"product_tag-kids_birthday_shirt","15":"product_tag-toddler_birthday","16":"product_tag-youth-girl","18":"first","19":"instock","20":"taxable","21":"shipping-taxable","22":"purchasable","23":"product-type-simple"},"acf":[],"wcpa_form_fields":null,"_links":{"self":[{"href":"https:\/\/www.customywear.com\/tr\/wp-json\/wp\/v2\/product\/20303","targetHints":{"allow":["GET"]}}],"collection":[{"href":"https:\/\/www.customywear.com\/tr\/wp-json\/wp\/v2\/product"}],"about":[{"href":"https:\/\/www.customywear.com\/tr\/wp-json\/wp\/v2\/types\/product"}],"replies":[{"embeddable":true,"href":"https:\/\/www.customywear.com\/tr\/wp-json\/wp\/v2\/comments?post=20303"}],"wp:featuredmedia":[{"embeddable":true,"href":"https:\/\/www.customywear.com\/tr\/wp-json\/wp\/v2\/media\/142733"}],"wp:attachment":[{"href":"https:\/\/www.customywear.com\/tr\/wp-json\/wp\/v2\/media?parent=20303"}],"wp:term":[{"taxonomy":"product_brand","embeddable":true,"href":"https:\/\/www.customywear.com\/tr\/wp-json\/wp\/v2\/product_brand?post=20303"},{"taxonomy":"product_cat","embeddable":true,"href":"https:\/\/www.customywear.com\/tr\/wp-json\/wp\/v2\/product_cat?post=20303"},{"taxonomy":"product_tag","embeddable":true,"href":"https:\/\/www.customywear.com\/tr\/wp-json\/wp\/v2\/product_tag?post=20303"}],"curies":[{"name":"wp","href":"https:\/\/api.w.org\/{rel}","templated":true}]}}