{"id":20304,"date":"2023-07-28T13:32:49","date_gmt":"2023-07-28T13:32:49","guid":{"rendered":"https:\/\/www.customywear.com\/?post_type=product&#038;p=20304"},"modified":"2026-05-16T11:40:39","modified_gmt":"2026-05-16T11:40:39","slug":"ozel-melek-kadin-kanatlari-tisortu","status":"publish","type":"product","link":"https:\/\/www.customywear.com\/tr\/custom-angel-woman-wings-shirt\/","title":{"rendered":"Ki\u015fiye \u00d6zel Kanatl\u0131 Melek Kad\u0131n G\u00f6mle\u011fi | Ki\u015fiselle\u015ftirilmi\u015f Fantezi Ti\u015f\u00f6rt"},"content":{"rendered":"<p>B\u00fcy\u00fcleyici Kanatl\u0131 Melek Kad\u0131n G\u00f6mle\u011fimizle b\u00fcy\u00fclenme duygunuzu y\u00fckseltin, hayata uhrevi bir g\u00fczellik getiren ki\u015fiselle\u015ftirilmi\u015f bir \u015faheser. Tasar\u0131m s\u00fcrecimizin sanat\u00e7\u0131l\u0131\u011f\u0131yla, foto\u011fraf\u0131n\u0131z\u0131 b\u00fcy\u00fcleyici bir vekt\u00f6r portre sanat\u0131na d\u00f6n\u00fc\u015ft\u00fcr\u00fcyoruz ve sizi g\u00f6rkemli kanatlara sahip zarif bir melek olarak tasvir ediyoruz. Bu \u00e7arp\u0131c\u0131 ve i\u00e7ten ki\u015fiselle\u015ftirilmi\u015f ti\u015f\u00f6rt, i\u00e7 ruhunuzu ve bireyselli\u011finizi kutlayan d\u00fc\u015f\u00fcnceli bir hediyedir. \u00d6zverili tasar\u0131m ekibimiz, g\u00f6r\u00fcnt\u00fcn\u00fcz\u00fc fantezi d\u00fcnyas\u0131yla kusursuz bir \u015fekilde birle\u015ftirmek i\u00e7in Adobe Illustrator ve Adobe Photoshop&#039;un yarat\u0131c\u0131 g\u00fcc\u00fcnden yararlan\u0131r. Tasar\u0131m, canl\u0131 renkler ve ola\u011fan\u00fcst\u00fc dayan\u0131kl\u0131l\u0131k sa\u011flayan son teknoloji DTG teknolojisi kullan\u0131larak kusursuz bir \u015fekilde bas\u0131lm\u0131\u015ft\u0131r. Hem k\u0131sa kollu hem de uzun kollu se\u00e7enekleri bulunan unisex ti\u015f\u00f6rtlerimiz, her ya\u015ftan yeti\u015fkine hitap ederek her giyen i\u00e7in rahat bir uyum sa\u011flar. Hayal g\u00fcc\u00fcn\u00fcn b\u00fcy\u00fcs\u00fcn\u00fc kucaklayan ki\u015fiselle\u015ftirilmi\u015f bir ti\u015f\u00f6rt ile gard\u0131robunuza g\u00f6ksel bir zarafet dokunu\u015fu ekleyin. \u00c7e\u015fitli koleksiyonumuz, her biri hayranl\u0131k ve hayret uyand\u0131rmak i\u00e7in \u00f6zenle haz\u0131rlanm\u0131\u015f, fantezi ve kendini ifade etmenin \u00f6z\u00fcn\u00fc yakalayan bir dizi tasar\u0131ma sahiptir. \u0130ster benzersiz bir hediye ister g\u00fcnl\u00fck k\u0131yafetlerinize b\u00fcy\u00fcleyici bir ek olsun, ki\u015fiselle\u015ftirilmi\u015f ti\u015f\u00f6rtlerimiz i\u00e7 g\u00fczelli\u011finizi yans\u0131tan ve hayret duygunuzu ate\u015fleyen giyilebilir sanat eserleridir.<\/p>","protected":false},"excerpt":{"rendered":"<p>Herhangi bir foto\u011fraftan kanatl\u0131 g\u00f6mlekli \u00e7arp\u0131c\u0131 bir \u00f6zel melek kad\u0131n yarat\u0131n. Ki\u015fiselle\u015ftirilmi\u015f fantezi ti\u015f\u00f6rt\u00fcm\u00fcz, benzersiz bir \u00f6zel ti\u015f\u00f6rt i\u00e7in zarafet ve fanteziyi birle\u015ftirir.<\/p>","protected":false},"featured_media":142719,"comment_status":"open","ping_status":"closed","template":"","meta":{"_acf_changed":false},"product_brand":[],"product_cat":[6191,145,6412,6428,6358,6357,6356],"product_tag":[6214,6433,146,6328,229,6215,6442,112],"class_list":{"0":"post-20304","1":"product","2":"type-product","3":"status-publish","4":"has-post-thumbnail","6":"product_cat-t-shirts-women","7":"product_cat-custom-gifts-fairy-angels","8":"product_cat-photo-to-tees","9":"product_cat-translate-products","10":"product_cat-womens-anniversary-t-shirts","11":"product_cat-womens-birthday-t-shirts","12":"product_cat-womens-summer-t-shirts","13":"product_tag-affordable-custom-t-shirts","14":"product_tag-ai-artwork","15":"product_tag-angel_shirt","16":"product_tag-custom-image-t-shirt-for-women","17":"product_tag-custom-tee-shirts","18":"product_tag-screen-printing-near-me","19":"product_tag-top-artwork","20":"product_tag-women","22":"first","23":"instock","24":"taxable","25":"shipping-taxable","26":"purchasable","27":"product-type-simple"},"acf":[],"wcpa_form_fields":null,"_links":{"self":[{"href":"https:\/\/www.customywear.com\/tr\/wp-json\/wp\/v2\/product\/20304","targetHints":{"allow":["GET"]}}],"collection":[{"href":"https:\/\/www.customywear.com\/tr\/wp-json\/wp\/v2\/product"}],"about":[{"href":"https:\/\/www.customywear.com\/tr\/wp-json\/wp\/v2\/types\/product"}],"replies":[{"embeddable":true,"href":"https:\/\/www.customywear.com\/tr\/wp-json\/wp\/v2\/comments?post=20304"}],"wp:featuredmedia":[{"embeddable":true,"href":"https:\/\/www.customywear.com\/tr\/wp-json\/wp\/v2\/media\/142719"}],"wp:attachment":[{"href":"https:\/\/www.customywear.com\/tr\/wp-json\/wp\/v2\/media?parent=20304"}],"wp:term":[{"taxonomy":"product_brand","embeddable":true,"href":"https:\/\/www.customywear.com\/tr\/wp-json\/wp\/v2\/product_brand?post=20304"},{"taxonomy":"product_cat","embeddable":true,"href":"https:\/\/www.customywear.com\/tr\/wp-json\/wp\/v2\/product_cat?post=20304"},{"taxonomy":"product_tag","embeddable":true,"href":"https:\/\/www.customywear.com\/tr\/wp-json\/wp\/v2\/product_tag?post=20304"}],"curies":[{"name":"wp","href":"https:\/\/api.w.org\/{rel}","templated":true}]}}