{"id":20306,"date":"2023-07-28T13:32:51","date_gmt":"2023-07-28T13:32:51","guid":{"rendered":"https:\/\/www.customywear.com\/?post_type=product&#038;p=20306"},"modified":"2026-05-07T15:29:59","modified_gmt":"2026-05-07T15:29:59","slug":"ozel-arap-kiz-hijab-tshirt","status":"publish","type":"product","link":"https:\/\/www.customywear.com\/tr\/custom-arabian-girl-hijab-shirt\/","title":{"rendered":"Ki\u015fiye \u00d6zel Arap K\u0131z Tesett\u00fcr G\u00f6mle\u011fi | Ki\u015fiselle\u015ftirilmi\u015f K\u00fclt\u00fcrel \u00c7ocuk Ti\u015f\u00f6rt\u00fc"},"content":{"rendered":"<p>\u00c7ocu\u011funuzun k\u00fclt\u00fcrel yolculu\u011funu, Arap geleneklerinin g\u00fczelli\u011fine ve zarafetine ki\u015fiselle\u015ftirilmi\u015f bir \u00f6vg\u00fc olan b\u00fcy\u00fcleyici \u00d6zel Arap K\u0131z Tesett\u00fcr G\u00f6mle\u011fimizle y\u00fckseltin. Tasar\u0131m s\u00fcrecimizin sanatsal dokunu\u015fuyla, gen\u00e7 \u00e7ocu\u011funuzun foto\u011fraf\u0131n\u0131 b\u00fcy\u00fcleyici bir vekt\u00f6r portre sanat\u0131na d\u00f6n\u00fc\u015ft\u00fcr\u00fcyoruz ve onlar\u0131 ba\u015f\u00f6rt\u00fcs\u00fcyle tamamlanm\u0131\u015f muhte\u015fem bir Arap geleneksel elbisesiyle tasvir ediyoruz. Bu benzersiz ve i\u00e7ten \u00f6zel ti\u015f\u00f6rt, k\u00fclt\u00fcrel \u00e7e\u015fitlili\u011fi kutlayan ve k\u00fclt\u00fcrel gurur duygusu uyand\u0131ran anlaml\u0131 bir hediyedir. Adobe Illustrator ve Adobe Photoshop&#039;un yarat\u0131c\u0131 g\u00fcc\u00fcnden yararlanan uzman tasar\u0131m ekibimiz, \u00e7ocu\u011funuzun g\u00f6r\u00fcnt\u00fcs\u00fcn\u00fcn ve Arap esteti\u011finin karma\u015f\u0131k ayr\u0131nt\u0131lar\u0131n\u0131n uyumlu bir birle\u015fimini titizlikle olu\u015fturur. Son teknoloji DTG bask\u0131 teknolojisini kullanarak, tasar\u0131m\u0131n \u00e7arp\u0131c\u0131 renklere ve kal\u0131c\u0131 kaliteye sahip olmas\u0131n\u0131 sa\u011fl\u0131yoruz. Hem k\u0131sa kollu hem de uzun kollu se\u00e7enekleri bulunan unisex ti\u015f\u00f6rtlerimiz, her ya\u015ftan \u00e7ocuk ve gence hitap ederek rahat ve \u015f\u0131k bir uyum sa\u011flar. Miras\u0131n zenginli\u011fini ve k\u00fclt\u00fcrel ifadenin g\u00fczelli\u011fini, gelene\u011fi \u00e7a\u011fda\u015f stille kusursuz bir \u015fekilde birle\u015ftiren ki\u015fiselle\u015ftirilmi\u015f bir ti\u015f\u00f6rtle kutlay\u0131n. Kapsaml\u0131 koleksiyonumuz, her biri k\u00fclt\u00fcrel takdiri te\u015fvik etmek ve g\u00fc\u00e7l\u00fc bir kimlik duygusu geli\u015ftirmek i\u00e7in titizlikle haz\u0131rlanm\u0131\u015f, \u00e7e\u015fitli k\u00fclt\u00fcrlere sayg\u0131 g\u00f6steren say\u0131s\u0131z tasar\u0131m sergiliyor. \u0130ster de\u011ferli bir hat\u0131ra ister gard\u0131roplar\u0131na \u015f\u0131k bir ek olsun, ki\u015fiselle\u015ftirilmi\u015f ti\u015f\u00f6rtlerimiz k\u00fclt\u00fcrel gurur ve birli\u011fin giyilebilir vasiyetleri olarak hizmet ediyor, nesiller aras\u0131ndaki bo\u015flu\u011fu kapat\u0131yor ve gen\u00e7 zihinleri etraflar\u0131ndaki d\u00fcnyay\u0131 kucaklamaya te\u015fvik ediyor.<\/p>","protected":false},"excerpt":{"rendered":"<p>Foto\u011fraf\u0131n\u0131z\u0131 g\u00fczel bir \u00f6zel Arap k\u0131z\u0131 hijab g\u00f6mle\u011fine d\u00f6n\u00fc\u015ft\u00fcr\u00fcn. Ki\u015fiselle\u015ftirilmi\u015f k\u00fclt\u00fcrel \u00e7ocuk ti\u015f\u00f6rt\u00fcm\u00fcz, benzersiz bir \u00f6zel ti\u015f\u00f6rtle gelene\u011fi ve \u00e7ekicili\u011fi vurgular.<\/p>","protected":false},"featured_media":142482,"comment_status":"open","ping_status":"closed","template":"","meta":{"_acf_changed":false},"product_brand":[],"product_cat":[6193,179,6412,6428],"product_tag":[6433,6439,64,65,67,156],"class_list":{"0":"post-20306","1":"product","2":"type-product","3":"status-publish","4":"has-post-thumbnail","6":"product_cat-girls-t-shirts","7":"product_cat-custom-gifts-arabic-culture","8":"product_cat-photo-to-tees","9":"product_cat-translate-products","10":"product_tag-ai-artwork","11":"product_tag-ai-kids-artwork","12":"product_tag-country_shirts","13":"product_tag-kid","14":"product_tag-kids_birthday_shirt","15":"product_tag-youth-girl","17":"first","18":"instock","19":"taxable","20":"shipping-taxable","21":"purchasable","22":"product-type-simple"},"acf":[],"wcpa_form_fields":null,"_links":{"self":[{"href":"https:\/\/www.customywear.com\/tr\/wp-json\/wp\/v2\/product\/20306","targetHints":{"allow":["GET"]}}],"collection":[{"href":"https:\/\/www.customywear.com\/tr\/wp-json\/wp\/v2\/product"}],"about":[{"href":"https:\/\/www.customywear.com\/tr\/wp-json\/wp\/v2\/types\/product"}],"replies":[{"embeddable":true,"href":"https:\/\/www.customywear.com\/tr\/wp-json\/wp\/v2\/comments?post=20306"}],"wp:featuredmedia":[{"embeddable":true,"href":"https:\/\/www.customywear.com\/tr\/wp-json\/wp\/v2\/media\/142482"}],"wp:attachment":[{"href":"https:\/\/www.customywear.com\/tr\/wp-json\/wp\/v2\/media?parent=20306"}],"wp:term":[{"taxonomy":"product_brand","embeddable":true,"href":"https:\/\/www.customywear.com\/tr\/wp-json\/wp\/v2\/product_brand?post=20306"},{"taxonomy":"product_cat","embeddable":true,"href":"https:\/\/www.customywear.com\/tr\/wp-json\/wp\/v2\/product_cat?post=20306"},{"taxonomy":"product_tag","embeddable":true,"href":"https:\/\/www.customywear.com\/tr\/wp-json\/wp\/v2\/product_tag?post=20306"}],"curies":[{"name":"wp","href":"https:\/\/api.w.org\/{rel}","templated":true}]}}