{"id":20307,"date":"2023-07-28T13:32:53","date_gmt":"2023-07-28T13:32:53","guid":{"rendered":"https:\/\/www.customywear.com\/?post_type=product&#038;p=20307"},"modified":"2026-05-05T20:24:12","modified_gmt":"2026-05-05T20:24:12","slug":"ozel-arap-erkek-tshirt","status":"publish","type":"product","link":"https:\/\/www.customywear.com\/tr\/custom-arabian-man-shirt\/","title":{"rendered":"Ki\u015fiye \u00d6zel Arap Erkek G\u00f6mle\u011fi | Ki\u015fiselle\u015ftirilmi\u015f Seyahat Sever Ti\u015f\u00f6rt\u00fc"},"content":{"rendered":"<p>Gelenek ve seyahat tutkusunun \u00f6z\u00fcn\u00fc yakalamak i\u00e7in tasarlanm\u0131\u015f zarif Ki\u015fiye \u00d6zel Arap Erkek G\u00f6mle\u011fimizle ki\u015fiselle\u015ftirilmi\u015f bir stil ve k\u00fclt\u00fcr yolculu\u011funa \u00e7\u0131k\u0131n. Yetenekli zanaatkarlar\u0131m\u0131z, foto\u011fraf\u0131n\u0131z\u0131 geleneksel bir Arap k\u0131yafetinin cazibesini hayata ge\u00e7iren b\u00fcy\u00fcleyici bir vekt\u00f6r portre sanat\u0131na d\u00f6n\u00fc\u015ft\u00fcrmek i\u00e7in Adobe Illustrator ve Adobe Photoshop&#039;un g\u00fcc\u00fcnden yararlan\u0131r. Bu benzersiz ki\u015fiye \u00f6zel ti\u015f\u00f6rt yaln\u0131zca bir moda ifadesi de\u011fil, ayn\u0131 zamanda seyahat tutkunlar\u0131 ve k\u00fclt\u00fcr merakl\u0131lar\u0131 i\u00e7in de\u011ferli bir hat\u0131rad\u0131r. \u00c7a\u011fda\u015f moda dokunu\u015fuyla Arap miras\u0131n\u0131n cazibesine kap\u0131l\u0131n. Ekibimiz taraf\u0131ndan titizlikle haz\u0131rlanan birinci s\u0131n\u0131f vekt\u00f6r sanat tasar\u0131m\u0131, hem k\u0131sa kollu hem de uzun kollu unisex ti\u015f\u00f6rtlerimizi s\u00fcsl\u00fcyor. Karma\u015f\u0131k detaylar ve canl\u0131 renkler, geli\u015fmi\u015f DTG bask\u0131 teknolojisiyle hayata ge\u00e7irilerek ki\u015fiselle\u015ftirilmi\u015f ti\u015f\u00f6rt\u00fcn\u00fcz\u00fcn e\u015fsiz kalite ve stil yans\u0131tmas\u0131n\u0131 sa\u011flar. \u0130ster uzak diyarlar\u0131 ke\u015ffedin ister sadece k\u00fclt\u00fcrel k\u00f6klerinizi kucaklay\u0131n, bu ki\u015fiye \u00f6zel ti\u015f\u00f6rt gard\u0131robunuz i\u00e7in \u00e7ok y\u00f6nl\u00fc bir ek haline gelir. Macera ve \u00e7e\u015fitlilik ruhunu yans\u0131tan ki\u015fiselle\u015ftirilmi\u015f bir ti\u015f\u00f6rtle seyahat, k\u00fclt\u00fcr ve kendini ifade etme sevginizi kutlay\u0131n. Her ti\u015f\u00f6rt, benzersiz kimli\u011finizi ve tutkular\u0131n\u0131z\u0131 sergilemeniz i\u00e7in sizi davet eden sanatsal yarat\u0131c\u0131l\u0131\u011f\u0131n bir tuvalidir. Koleksiyonumuz s\u0131n\u0131rlar\u0131n \u00f6tesine uzan\u0131r ve yeti\u015fkinlere, gen\u00e7lere, \u00e7ocuklara ve y\u00fcr\u00fcmeye ba\u015flayan \u00e7ocuklara hitap eden bir dizi tasar\u0131m sunar. Giysilerinizin bireyselli\u011finiz hakk\u0131nda ciltler dolusu \u015fey s\u00f6ylemesine izin verin ve yarat\u0131l\u0131\u015f\u0131na ilham veren an\u0131lar\u0131 besleyin.<\/p>","protected":false},"excerpt":{"rendered":"<p>Herhangi bir foto\u011fraf\u0131 \u00f6zel bir Arap adam g\u00f6mle\u011fi \u00fczerinde canland\u0131r\u0131n. Ki\u015fiselle\u015ftirilmi\u015f seyahat sevgilisi ti\u015f\u00f6rt, k\u00fclt\u00fcrel yetenek ve maceray\u0131 benzersiz, \u00f6zel bir ti\u015f\u00f6rt tasar\u0131m\u0131na harmanlar.<\/p>","protected":false},"featured_media":142461,"comment_status":"open","ping_status":"closed","template":"","meta":{"_acf_changed":false},"product_brand":[],"product_cat":[6195,6157,6156,179,186,6345,6412,6428],"product_tag":[6433,193,6216,209],"class_list":{"0":"post-20307","1":"product","2":"type-product","3":"status-publish","4":"has-post-thumbnail","6":"product_cat-t-shirts-men","7":"product_cat-country","8":"product_cat-culture","9":"product_cat-custom-gifts-arabic-culture","10":"product_cat-men","11":"product_cat-mens-country-culture-t-shirts","12":"product_cat-photo-to-tees","13":"product_cat-translate-products","14":"product_tag-ai-artwork","15":"product_tag-boyfriend_gift","16":"product_tag-mens-custom-t-shirts","17":"product_tag-travel_lover_gift","19":"first","20":"instock","21":"taxable","22":"shipping-taxable","23":"purchasable","24":"product-type-simple"},"acf":[],"wcpa_form_fields":null,"_links":{"self":[{"href":"https:\/\/www.customywear.com\/tr\/wp-json\/wp\/v2\/product\/20307","targetHints":{"allow":["GET"]}}],"collection":[{"href":"https:\/\/www.customywear.com\/tr\/wp-json\/wp\/v2\/product"}],"about":[{"href":"https:\/\/www.customywear.com\/tr\/wp-json\/wp\/v2\/types\/product"}],"replies":[{"embeddable":true,"href":"https:\/\/www.customywear.com\/tr\/wp-json\/wp\/v2\/comments?post=20307"}],"wp:featuredmedia":[{"embeddable":true,"href":"https:\/\/www.customywear.com\/tr\/wp-json\/wp\/v2\/media\/142461"}],"wp:attachment":[{"href":"https:\/\/www.customywear.com\/tr\/wp-json\/wp\/v2\/media?parent=20307"}],"wp:term":[{"taxonomy":"product_brand","embeddable":true,"href":"https:\/\/www.customywear.com\/tr\/wp-json\/wp\/v2\/product_brand?post=20307"},{"taxonomy":"product_cat","embeddable":true,"href":"https:\/\/www.customywear.com\/tr\/wp-json\/wp\/v2\/product_cat?post=20307"},{"taxonomy":"product_tag","embeddable":true,"href":"https:\/\/www.customywear.com\/tr\/wp-json\/wp\/v2\/product_tag?post=20307"}],"curies":[{"name":"wp","href":"https:\/\/api.w.org\/{rel}","templated":true}]}}