{"id":20308,"date":"2023-07-28T13:32:55","date_gmt":"2023-07-28T13:32:55","guid":{"rendered":"https:\/\/www.customywear.com\/?post_type=product&#038;p=20308"},"modified":"2026-05-05T20:23:37","modified_gmt":"2026-05-05T20:23:37","slug":"ozel-arap-kadin-gomlegi","status":"publish","type":"product","link":"https:\/\/www.customywear.com\/tr\/custom-arabian-woman-shirt\/","title":{"rendered":"Ki\u015fiye \u00d6zel Arap Kad\u0131n G\u00f6mle\u011fi | Ki\u015fiye \u00d6zel Arap K\u0131z Arkada\u015f Tesett\u00fcr Ti\u015f\u00f6rt\u00fc"},"content":{"rendered":"<p>Tarz\u0131n\u0131z\u0131, gelenek ve \u00e7a\u011fda\u015f sanat\u00e7\u0131l\u0131\u011f\u0131 harmanlayan ki\u015fiselle\u015ftirilmi\u015f bir \u015faheser olan \u00e7arp\u0131c\u0131 \u00d6zel Arap Kad\u0131n G\u00f6mle\u011fimizle y\u00fckseltin. Foto\u011fraf\u0131n\u0131z\u0131n ve ustal\u0131kla haz\u0131rlanm\u0131\u015f vekt\u00f6r portre sanat\u0131m\u0131z\u0131n birle\u015fimiyle, geleneksel bir Arap elbisesinin zarafetini, \u00f6zel bir ti\u015f\u00f6rt\u00fcn modern cazibesiyle birle\u015ftireceksiniz. Bu benzersiz ve d\u00fc\u015f\u00fcnceli tasar\u0131m, seyahat tutkunlar\u0131 ve k\u00fclt\u00fcr gezginleri i\u00e7in m\u00fckemmel, ola\u011fan\u00fcst\u00fc bir hediye. Foto\u011fraf\u0131n\u0131z\u0131 giyilebilir bir sanat eserine d\u00f6n\u00fc\u015ft\u00fcrmek i\u00e7in Adobe Illustrator ve Adobe Photoshop&#039;u kullan\u0131rken teknoloji ve yarat\u0131c\u0131l\u0131\u011f\u0131n sinerjisini deneyimleyin. \u00d6zel ti\u015f\u00f6rt\u00fcm\u00fcz, Arap miras\u0131n\u0131n \u00f6z\u00fcn\u00fc yakalamak i\u00e7in titizlikle d\u00fczenlenmi\u015f birinci s\u0131n\u0131f vekt\u00f6r sanat\u0131na sahiptir. Geli\u015fmi\u015f DTG bask\u0131 teknolojisiyle, karma\u015f\u0131k detaylar ve canl\u0131 renkler canlan\u0131r ve ki\u015fiselle\u015ftirilmi\u015f ti\u015f\u00f6rt\u00fcn\u00fcz\u00fcn \u00fcst\u00fcn i\u015f\u00e7ili\u011fin bir kan\u0131t\u0131 olmas\u0131n\u0131 sa\u011flar. S\u0131n\u0131rlar\u0131 a\u015fan, unisex yeti\u015fkin k\u0131sa kollu ve uzun kollu ti\u015f\u00f6rt tasar\u0131m\u0131yla \u00e7e\u015fitlili\u011fi ve kendini ifade etmeyi kutlay\u0131n. Hem yeti\u015fkinler hem de gen\u00e7ler, \u00e7ocuklar ve y\u00fcr\u00fcmeye ba\u015flayan \u00e7ocuklar i\u00e7in mevcut olan koleksiyonumuz, her bireye uygun geni\u015f bir tasar\u0131m yelpazesi sunar. Kaliteye olan ba\u011fl\u0131l\u0131\u011f\u0131m\u0131z, kendi benzersiz dokunu\u015funuzla ki\u015fiselle\u015ftirme se\u00e7ene\u011fiyle birle\u015fti\u011finde, bu ti\u015f\u00f6rt\u00fc gard\u0131robunuz i\u00e7in de\u011ferli bir ek haline getirir. Hikayenizi anlatan \u00f6zel bir ti\u015f\u00f6rtle k\u00fclt\u00fcre, modaya ve bireyselli\u011fe olan sevginizi ifade edin.<\/p>","protected":false},"excerpt":{"rendered":"<p>Foto\u011fraf\u0131n\u0131z\u0131 muhte\u015fem bir \u00f6zel Arap kad\u0131n\u0131 g\u00f6mle\u011fine d\u00f6n\u00fc\u015ft\u00fcr\u00fcn. Ki\u015fiselle\u015ftirilmi\u015f Arap k\u0131z arkada\u015f\u0131 ba\u015f\u00f6rt\u00fcs\u00fc ti\u015f\u00f6rt\u00fc, benzersiz bir \u00f6zel ti\u015f\u00f6rtle zarafet ve k\u00fclt\u00fcrel gururu sergiliyor.<\/p>","protected":false},"featured_media":142468,"comment_status":"open","ping_status":"closed","template":"","meta":{"_acf_changed":false},"product_brand":[],"product_cat":[6191,179,6412,6428,6355],"product_tag":[6214,6433,229,6215,209,112],"class_list":{"0":"post-20308","1":"product","2":"type-product","3":"status-publish","4":"has-post-thumbnail","6":"product_cat-t-shirts-women","7":"product_cat-custom-gifts-arabic-culture","8":"product_cat-photo-to-tees","9":"product_cat-translate-products","10":"product_cat-womens-culture-country-t-shirts","11":"product_tag-affordable-custom-t-shirts","12":"product_tag-ai-artwork","13":"product_tag-custom-tee-shirts","14":"product_tag-screen-printing-near-me","15":"product_tag-travel_lover_gift","16":"product_tag-women","18":"first","19":"instock","20":"taxable","21":"shipping-taxable","22":"purchasable","23":"product-type-simple"},"acf":[],"wcpa_form_fields":null,"_links":{"self":[{"href":"https:\/\/www.customywear.com\/tr\/wp-json\/wp\/v2\/product\/20308","targetHints":{"allow":["GET"]}}],"collection":[{"href":"https:\/\/www.customywear.com\/tr\/wp-json\/wp\/v2\/product"}],"about":[{"href":"https:\/\/www.customywear.com\/tr\/wp-json\/wp\/v2\/types\/product"}],"replies":[{"embeddable":true,"href":"https:\/\/www.customywear.com\/tr\/wp-json\/wp\/v2\/comments?post=20308"}],"wp:featuredmedia":[{"embeddable":true,"href":"https:\/\/www.customywear.com\/tr\/wp-json\/wp\/v2\/media\/142468"}],"wp:attachment":[{"href":"https:\/\/www.customywear.com\/tr\/wp-json\/wp\/v2\/media?parent=20308"}],"wp:term":[{"taxonomy":"product_brand","embeddable":true,"href":"https:\/\/www.customywear.com\/tr\/wp-json\/wp\/v2\/product_brand?post=20308"},{"taxonomy":"product_cat","embeddable":true,"href":"https:\/\/www.customywear.com\/tr\/wp-json\/wp\/v2\/product_cat?post=20308"},{"taxonomy":"product_tag","embeddable":true,"href":"https:\/\/www.customywear.com\/tr\/wp-json\/wp\/v2\/product_tag?post=20308"}],"curies":[{"name":"wp","href":"https:\/\/api.w.org\/{rel}","templated":true}]}}