{"id":20311,"date":"2023-07-28T13:32:57","date_gmt":"2023-07-28T13:32:57","guid":{"rendered":"https:\/\/www.customywear.com\/?post_type=product&#038;p=20311"},"modified":"2026-05-07T15:29:59","modified_gmt":"2026-05-07T15:29:59","slug":"ozel-astronot-erkek-cocuk-tshirt","status":"publish","type":"product","link":"https:\/\/www.customywear.com\/tr\/custom-astronaut-boy-shirt\/","title":{"rendered":"Ki\u015fiye \u00d6zel Astronot \u00c7ocuk G\u00f6mle\u011fi | Ki\u015fiselle\u015ftirilmi\u015f Gen\u00e7 \u00c7ocuk Ay&#039;a \u0130ni\u015f Ti\u015f\u00f6rt\u00fc"},"content":{"rendered":"<p>Gen\u00e7 macerac\u0131n\u0131zda merak ve ke\u015fif k\u0131v\u0131lc\u0131m\u0131n\u0131, y\u0131ld\u0131zlar\u0131n \u00f6tesine ula\u015fan hayallere ki\u015fiselle\u015ftirilmi\u015f bir \u00f6vg\u00fc olan b\u00fcy\u00fcleyici \u00d6zel Astronot \u00c7ocuk G\u00f6mle\u011fimizle ate\u015fleyin. \u00c7ocu\u011funuzun foto\u011fraf\u0131n\u0131n g\u00fcc\u00fcnden yararlanarak, onlar\u0131 uzak bir ay gezegenine cesurca inen korkusuz bir astronota d\u00f6n\u00fc\u015ft\u00fcren bir vekt\u00f6r portresini ustal\u0131kla haz\u0131rl\u0131yoruz. Bu yarat\u0131c\u0131 tasar\u0131m, kal\u0131c\u0131 bir ilham kayna\u011f\u0131 olarak hizmet ederek, evreni ke\u015ffetmeyi hedefleyen gen\u00e7 vizyonerler ve kozmik hayalperestler i\u00e7in nihai hediye haline geliyor. \u00c7ocu\u011funuzun foto\u011fraf\u0131n\u0131 ola\u011fan\u00fcst\u00fc bir sanat eserine d\u00f6n\u00fc\u015ft\u00fcrmek i\u00e7in Adobe Illustrator ve Adobe Photoshop&#039;un yeteneklerinden yararlan\u0131rken, son teknoloji ve sanatsal yarat\u0131c\u0131l\u0131\u011f\u0131n sinerjisine dal\u0131n. \u00d6zel ti\u015f\u00f6rt\u00fcm\u00fcz, uzay ke\u015ffi ve ke\u015ffinin ruhunu karma\u015f\u0131k bir \u015fekilde yakalayan birinci s\u0131n\u0131f vekt\u00f6r ill\u00fcstrasyonunu sergiliyor. Geli\u015fmi\u015f DTG bask\u0131 tekniklerini kullanarak, her ayr\u0131nt\u0131 ve renk canlan\u0131yor ve ki\u015fiselle\u015ftirilmi\u015f ti\u015f\u00f6rt\u00fcn\u00fcz\u00fcn zanaatkarl\u0131\u011f\u0131n ve yarat\u0131c\u0131l\u0131\u011f\u0131n zirvesini temsil etmesini sa\u011fl\u0131yor. Merak ve hayret ruhunu kutlamak i\u00e7in tasarlanan, unisex gen\u00e7lik k\u0131sa kollu ve uzun kollu ti\u015f\u00f6rt koleksiyonumuz, \u00e7e\u015fitli ya\u015f gruplar\u0131na uygun \u00e7e\u015fitli bedenlere hitap ediyor. Tasar\u0131mlar\u0131m\u0131z\u0131n \u00e7ok y\u00f6nl\u00fcl\u00fc\u011f\u00fc, gen\u00e7 ka\u015fifinizin ki\u015fiselle\u015ftirilmi\u015f eserini her f\u0131rsatta gururla sergileyebilmesini sa\u011flar. Bireyselliklerini onurland\u0131ran ve kozmik tutkular\u0131n\u0131 besleyen \u00f6zel bir ti\u015f\u00f6rt ile s\u0131n\u0131rs\u0131z hayal g\u00fc\u00e7lerini ve kozmosa olan tutkular\u0131n\u0131 kutlay\u0131n.<\/p>","protected":false},"excerpt":{"rendered":"<p>\u00c7ocu\u011funuzu \u00f6zel bir astronot erkek g\u00f6mle\u011fi i\u00e7inde bir ka\u015fif yap\u0131n. Ki\u015fiselle\u015ftirilmi\u015f gen\u00e7 \u00e7ocuk aya ini\u015f ti\u015f\u00f6rt\u00fc, herhangi bir foto\u011fraf\u0131 uzay temal\u0131, d\u00fcnya d\u0131\u015f\u0131 bir ti\u015f\u00f6rte d\u00f6n\u00fc\u015ft\u00fcr\u00fcyor.<\/p>","protected":false},"featured_media":142503,"comment_status":"open","ping_status":"closed","template":"","meta":{"_acf_changed":false},"product_brand":[],"product_cat":[6189,248,6412,6428],"product_tag":[6433,6439,249],"class_list":{"0":"post-20311","1":"product","2":"type-product","3":"status-publish","4":"has-post-thumbnail","6":"product_cat-boys-t-shirts","7":"product_cat-custom-gifts-astronauts","8":"product_cat-photo-to-tees","9":"product_cat-translate-products","10":"product_tag-ai-artwork","11":"product_tag-ai-kids-artwork","12":"product_tag-astronaut-tees","14":"first","15":"instock","16":"taxable","17":"shipping-taxable","18":"purchasable","19":"product-type-simple"},"acf":[],"wcpa_form_fields":null,"_links":{"self":[{"href":"https:\/\/www.customywear.com\/tr\/wp-json\/wp\/v2\/product\/20311","targetHints":{"allow":["GET"]}}],"collection":[{"href":"https:\/\/www.customywear.com\/tr\/wp-json\/wp\/v2\/product"}],"about":[{"href":"https:\/\/www.customywear.com\/tr\/wp-json\/wp\/v2\/types\/product"}],"replies":[{"embeddable":true,"href":"https:\/\/www.customywear.com\/tr\/wp-json\/wp\/v2\/comments?post=20311"}],"wp:featuredmedia":[{"embeddable":true,"href":"https:\/\/www.customywear.com\/tr\/wp-json\/wp\/v2\/media\/142503"}],"wp:attachment":[{"href":"https:\/\/www.customywear.com\/tr\/wp-json\/wp\/v2\/media?parent=20311"}],"wp:term":[{"taxonomy":"product_brand","embeddable":true,"href":"https:\/\/www.customywear.com\/tr\/wp-json\/wp\/v2\/product_brand?post=20311"},{"taxonomy":"product_cat","embeddable":true,"href":"https:\/\/www.customywear.com\/tr\/wp-json\/wp\/v2\/product_cat?post=20311"},{"taxonomy":"product_tag","embeddable":true,"href":"https:\/\/www.customywear.com\/tr\/wp-json\/wp\/v2\/product_tag?post=20311"}],"curies":[{"name":"wp","href":"https:\/\/api.w.org\/{rel}","templated":true}]}}