{"id":20312,"date":"2023-07-28T13:32:58","date_gmt":"2023-07-28T13:32:58","guid":{"rendered":"https:\/\/www.customywear.com\/?post_type=product&#038;p=20312"},"modified":"2026-05-07T15:29:59","modified_gmt":"2026-05-07T15:29:59","slug":"ozel-astronot-kiz-tshirt","status":"publish","type":"product","link":"https:\/\/www.customywear.com\/tr\/custom-astronaut-girl-shirt\/","title":{"rendered":"Ki\u015fiye \u00d6zel Astronot K\u0131z G\u00f6mle\u011fi | Ki\u015fiselle\u015ftirilmi\u015f K\u00fc\u00e7\u00fck K\u0131z Karde\u015f Uzayl\u0131 Ay Ti\u015f\u00f6rt\u00fc"},"content":{"rendered":"<p>K\u00fc\u00e7\u00fck macerac\u0131n\u0131z\u0131n s\u0131n\u0131rs\u0131z hayal g\u00fcc\u00fcn\u00fc, y\u0131ld\u0131zlar\u0131n \u00f6tesine uzanan hayallere ki\u015fiselle\u015ftirilmi\u015f bir \u00f6vg\u00fc olan b\u00fcy\u00fcleyici \u00d6zel Astronot K\u0131z G\u00f6mle\u011fimizle harekete ge\u00e7irin. \u00c7ocu\u011funuzun foto\u011fraf\u0131n\u0131n b\u00fcy\u00fcs\u00fcn\u00fc kullanarak, onu ba\u015fka bir d\u00fcnyadan bir ay\u0131 ke\u015ffeden korkusuz bir astronota d\u00f6n\u00fc\u015ft\u00fcren b\u00fcy\u00fcleyici bir vekt\u00f6r portresini ustal\u0131kla haz\u0131rl\u0131yoruz. Bu yarat\u0131c\u0131 tasar\u0131m, zamans\u0131z bir ilham kayna\u011f\u0131 olarak hizmet ederek onu g\u00f6ky\u00fcz\u00fcne ula\u015fmay\u0131 arzulayan gen\u00e7 vizyonerler ve kozmik hayalperestler i\u00e7in nihai hediye haline getiriyor. Yetenekli zanaatkarlar\u0131m\u0131z, Adobe Illustrator ve Adobe Photoshop&#039;un g\u00fcc\u00fcn\u00fc kanalize ederek, \u00e7ocu\u011funuzun foto\u011fraf\u0131n\u0131 ola\u011fan\u00fcst\u00fc bir sanat eserine d\u00f6n\u00fc\u015ft\u00fcren son teknoloji ve sanatsal ustal\u0131\u011f\u0131n sinerjisini kullan\u0131yor. \u00d6zel ti\u015f\u00f6rt, uzay ke\u015ffi ve ke\u015ffinin ruhunu karma\u015f\u0131k bir \u015fekilde yakalayan birinci s\u0131n\u0131f vekt\u00f6r ill\u00fcstrasyonunu sergiliyor. Geli\u015fmi\u015f DTG bask\u0131 teknikleri sayesinde, her ayr\u0131nt\u0131 ve renk canlan\u0131yor ve ki\u015fiselle\u015ftirilmi\u015f ti\u015f\u00f6rt\u00fcn\u00fcz\u00fcn zanaatkarl\u0131\u011f\u0131n ve yarat\u0131c\u0131l\u0131\u011f\u0131n zirvesini temsil etmesini sa\u011fl\u0131yor. Merak ve hayret ruhunu kucaklamak i\u00e7in tasarlanan, unisex gen\u00e7lik k\u0131sa kollu ve uzun kollu ti\u015f\u00f6rt koleksiyonumuz, \u00e7e\u015fitli ya\u015f gruplar\u0131na m\u00fckemmel \u015fekilde uyan \u00e7e\u015fitli bedenlere hitap ediyor. Tasar\u0131mlar\u0131m\u0131z\u0131n \u00e7ok y\u00f6nl\u00fcl\u00fc\u011f\u00fc, gen\u00e7 ka\u015fifinizin benzersiz yarat\u0131m\u0131n\u0131 her f\u0131rsatta gururla sergilemesini sa\u011flar. Bireyselli\u011fini onurland\u0131ran ve kozmik \u00f6zlemlerini besleyen \u00f6zel bir ti\u015f\u00f6rtle onun s\u0131n\u0131rs\u0131z hayal g\u00fcc\u00fcn\u00fc ve kozmosa olan tutkusunu kutlay\u0131n.<\/p>","protected":false},"excerpt":{"rendered":"<p>\u00d6zel bir astronot k\u0131z g\u00f6mle\u011fi ile kozmik bir macera yarat\u0131n. Ki\u015fiselle\u015ftirilmi\u015f k\u00fc\u00e7\u00fck k\u0131z karde\u015f Alien Moon Tee, herhangi bir foto\u011fraf\u0131 e\u011flenceli, yarat\u0131c\u0131 bir uzay ti\u015f\u00f6rt\u00fcne d\u00f6n\u00fc\u015ft\u00fcr\u00fcr.<\/p>","protected":false},"featured_media":142510,"comment_status":"open","ping_status":"closed","template":"","meta":{"_acf_changed":false},"product_brand":[],"product_cat":[6193,248,6412,6428],"product_tag":[6433,6439,249],"class_list":{"0":"post-20312","1":"product","2":"type-product","3":"status-publish","4":"has-post-thumbnail","6":"product_cat-girls-t-shirts","7":"product_cat-custom-gifts-astronauts","8":"product_cat-photo-to-tees","9":"product_cat-translate-products","10":"product_tag-ai-artwork","11":"product_tag-ai-kids-artwork","12":"product_tag-astronaut-tees","14":"first","15":"instock","16":"taxable","17":"shipping-taxable","18":"purchasable","19":"product-type-simple"},"acf":[],"wcpa_form_fields":null,"_links":{"self":[{"href":"https:\/\/www.customywear.com\/tr\/wp-json\/wp\/v2\/product\/20312","targetHints":{"allow":["GET"]}}],"collection":[{"href":"https:\/\/www.customywear.com\/tr\/wp-json\/wp\/v2\/product"}],"about":[{"href":"https:\/\/www.customywear.com\/tr\/wp-json\/wp\/v2\/types\/product"}],"replies":[{"embeddable":true,"href":"https:\/\/www.customywear.com\/tr\/wp-json\/wp\/v2\/comments?post=20312"}],"wp:featuredmedia":[{"embeddable":true,"href":"https:\/\/www.customywear.com\/tr\/wp-json\/wp\/v2\/media\/142510"}],"wp:attachment":[{"href":"https:\/\/www.customywear.com\/tr\/wp-json\/wp\/v2\/media?parent=20312"}],"wp:term":[{"taxonomy":"product_brand","embeddable":true,"href":"https:\/\/www.customywear.com\/tr\/wp-json\/wp\/v2\/product_brand?post=20312"},{"taxonomy":"product_cat","embeddable":true,"href":"https:\/\/www.customywear.com\/tr\/wp-json\/wp\/v2\/product_cat?post=20312"},{"taxonomy":"product_tag","embeddable":true,"href":"https:\/\/www.customywear.com\/tr\/wp-json\/wp\/v2\/product_tag?post=20312"}],"curies":[{"name":"wp","href":"https:\/\/api.w.org\/{rel}","templated":true}]}}