{"id":20340,"date":"2023-07-28T13:33:20","date_gmt":"2023-07-28T13:33:20","guid":{"rendered":"https:\/\/www.customywear.com\/?post_type=product&#038;p=20340"},"modified":"2026-05-05T20:23:37","modified_gmt":"2026-05-05T20:23:37","slug":"ozel-kadin-yoga-kelebek-tshirt","status":"publish","type":"product","link":"https:\/\/www.customywear.com\/tr\/custom-butterfly-yoga-woman-t-shirt\/","title":{"rendered":"Ki\u015fiye \u00d6zel Kelebek Yoga Kad\u0131n Ti\u015f\u00f6rt\u00fc | Ki\u015fiselle\u015ftirilmi\u015f Do\u011fadan Esinlenen Ti\u015f\u00f6rt"},"content":{"rendered":"<p>Ki\u015fiselle\u015ftirilmi\u015f sanat\u00e7\u0131l\u0131\u011f\u0131n ve dingin do\u011fan\u0131n uyumlu bir kar\u0131\u015f\u0131m\u0131 olan \u00d6zel Kelebek Yoga Kad\u0131n Ti\u015f\u00f6rt\u00fcm\u00fczle yoga yolculu\u011funuzu y\u00fckseltin. \u00d6z\u00fcn\u00fcz\u00fc b\u00fcy\u00fcleyici bir yoga pozunda yakalarken, g\u00f6rkemli da\u011flar\u0131n ortas\u0131nda zarif kelebek kanatlar\u0131yla fark\u0131ndal\u0131kl\u0131 hareket d\u00fcnyas\u0131na dal\u0131n. Bu benzersiz ti\u015f\u00f6rt, yogaya olan ba\u011fl\u0131l\u0131\u011f\u0131n\u0131z\u0131n ve a\u00e7\u0131k havaya olan sevginizin bir kan\u0131t\u0131d\u0131r ve tutkular\u0131n\u0131z\u0131 gururla ta\u015f\u0131man\u0131za olanak tan\u0131r.<\/p>\n<p>Kendinizi bir yoga mele\u011fi olarak, kelebek kanatlar\u0131n\u0131n b\u00fcy\u00fcs\u00fcyle s\u00fcslenmi\u015f, g\u00fc\u00e7 ve huzurun zarif bir \u00f6rne\u011fi olarak hayal edin. Yetenekli sanat\u00e7\u0131lar\u0131m\u0131z, yoga prati\u011finizi hayata ge\u00e7iren \u00e7arp\u0131c\u0131 bir vekt\u00f6r portresi olu\u015fturmak i\u00e7in Adobe Illustrator ve Adobe Photoshop&#039;un yarat\u0131c\u0131 h\u00fcnerlerini kullan\u0131r. Titiz DTG bask\u0131s\u0131yla, canl\u0131 tasar\u0131m y\u00fcksek kaliteli bir unisex ti\u015f\u00f6rt \u00fczerinde \u00f6l\u00fcms\u00fczle\u015ftirilir ve sizinle do\u011fan\u0131n g\u00fczelli\u011fi aras\u0131nda kal\u0131c\u0131 bir ba\u011f sa\u011flan\u0131r.<\/p>\n<p>Bu ki\u015fiselle\u015ftirilmi\u015f ti\u015f\u00f6rt, kad\u0131nlara, yeti\u015fkinlere, gen\u00e7lere, \u00e7ocuklara ve y\u00fcr\u00fcmeye ba\u015flayan \u00e7ocuklara hitap ederek s\u0131n\u0131rlar\u0131 a\u015far. \u0130ster bir egzersiz arkada\u015f\u0131, ister bir do\u011fum g\u00fcn\u00fc hediyesi, ister bir yoga arkada\u015f\u0131n\u0131za takdir g\u00f6stergesi ar\u0131yor olun, \u00d6zel Kelebek Yoga Kad\u0131n Ti\u015f\u00f6rt\u00fcm\u00fcz derin bir d\u00fczeyde yank\u0131 uyand\u0131r\u0131r. Giyilebilir sanat\u0131n keyfini ke\u015ffedin ve her biri tutkular\u0131n\u0131za benzersiz bir pencere sunan, hem insanlar hem de onlar\u0131n de\u011ferli evcil hayvanlar\u0131 i\u00e7in mevcut olan benzer tasar\u0131mlar yelpazemizi ke\u015ffedin.<\/p>","protected":false},"excerpt":{"rendered":"<p>\u00d6zel bir kelebek yoga kad\u0131n ti\u015f\u00f6rt\u00fc ile dengeyi bulun. Ki\u015fiselle\u015ftirilmi\u015f do\u011fadan ilham alan ti\u015f\u00f6rtler, herhangi bir foto\u011fraf\u0131 sakinle\u015ftirici, t\u00fcr\u00fcn\u00fcn tek \u00f6rne\u011fi bir ti\u015f\u00f6rte d\u00f6n\u00fc\u015ft\u00fcr\u00fcr.<\/p>","protected":false},"featured_media":143212,"comment_status":"open","ping_status":"closed","template":"","meta":{"_acf_changed":false},"product_brand":[],"product_cat":[6191,6412,6428,6362,6248],"product_tag":[6433,6217,576,326,112,594],"class_list":{"0":"post-20340","1":"product","2":"type-product","3":"status-publish","4":"has-post-thumbnail","6":"product_cat-t-shirts-women","7":"product_cat-photo-to-tees","8":"product_cat-translate-products","9":"product_cat-womens-yoga-t-shirts","10":"product_cat-yoga-gifts","11":"product_tag-ai-artwork","12":"product_tag-custom-t-shirt","13":"product_tag-cute-yoga-shirts","14":"product_tag-sports","15":"product_tag-women","16":"product_tag-yoga_tee_shirt","18":"first","19":"instock","20":"taxable","21":"shipping-taxable","22":"purchasable","23":"product-type-simple"},"acf":[],"wcpa_form_fields":null,"_links":{"self":[{"href":"https:\/\/www.customywear.com\/tr\/wp-json\/wp\/v2\/product\/20340","targetHints":{"allow":["GET"]}}],"collection":[{"href":"https:\/\/www.customywear.com\/tr\/wp-json\/wp\/v2\/product"}],"about":[{"href":"https:\/\/www.customywear.com\/tr\/wp-json\/wp\/v2\/types\/product"}],"replies":[{"embeddable":true,"href":"https:\/\/www.customywear.com\/tr\/wp-json\/wp\/v2\/comments?post=20340"}],"wp:featuredmedia":[{"embeddable":true,"href":"https:\/\/www.customywear.com\/tr\/wp-json\/wp\/v2\/media\/143212"}],"wp:attachment":[{"href":"https:\/\/www.customywear.com\/tr\/wp-json\/wp\/v2\/media?parent=20340"}],"wp:term":[{"taxonomy":"product_brand","embeddable":true,"href":"https:\/\/www.customywear.com\/tr\/wp-json\/wp\/v2\/product_brand?post=20340"},{"taxonomy":"product_cat","embeddable":true,"href":"https:\/\/www.customywear.com\/tr\/wp-json\/wp\/v2\/product_cat?post=20340"},{"taxonomy":"product_tag","embeddable":true,"href":"https:\/\/www.customywear.com\/tr\/wp-json\/wp\/v2\/product_tag?post=20340"}],"curies":[{"name":"wp","href":"https:\/\/api.w.org\/{rel}","templated":true}]}}