{"id":20350,"date":"2023-07-28T13:34:00","date_gmt":"2023-07-28T13:34:00","guid":{"rendered":"https:\/\/www.customywear.com\/?post_type=product&#038;p=20350"},"modified":"2026-05-07T15:29:56","modified_gmt":"2026-05-07T15:29:56","slug":"ozel-erkek-cocuk-genclik-magara-insan-tshirt","status":"publish","type":"product","link":"https:\/\/www.customywear.com\/tr\/custom-caveman-youth-boy-shirt\/","title":{"rendered":"Ki\u015fiye \u00d6zel Ma\u011fara Adam\u0131 Gen\u00e7 \u00c7ocuk G\u00f6mle\u011fi | Ki\u015fiselle\u015ftirilmi\u015f Antik Afrika \u00c7ocuk Ti\u015f\u00f6rt\u00fc"},"content":{"rendered":"<p>\u00d6zel Ma\u011fara Adam\u0131 Gen\u00e7 \u00c7ocuk G\u00f6mle\u011fimizle ge\u00e7mi\u015fe ad\u0131m at\u0131n, antik zamanlar\u0131n e\u011flenceli ve ki\u015fiselle\u015ftirilmi\u015f bir kutlamas\u0131. \u00c7ocu\u011funuzun foto\u011fraf\u0131ndan bir vekt\u00f6r portre sanat\u0131 haz\u0131rlayarak onu sevimli bir antik ma\u011fara adam\u0131na d\u00f6n\u00fc\u015ft\u00fcr\u00fcrken onu hayal d\u00fcnyas\u0131n\u0131n diyar\u0131na ta\u015f\u0131y\u0131n. Bu yarat\u0131c\u0131 gen\u00e7lik ti\u015f\u00f6rt\u00fc giysiden daha fazlas\u0131d\u0131r; gen\u00e7lik merak\u0131n\u0131n ruhunu yakalayan keyifli ve komik bir hediyedir. \u00c7ocu\u011funuzu macerac\u0131 bir gen\u00e7 ma\u011fara adam\u0131 olarak hayal edin, antik zamanlar\u0131n cazibesini ve mizah\u0131n\u0131 yayar ve Adobe Illustrator ve Adobe Photoshop&#039;un sanatsal inceli\u011fiyle hayata ge\u00e7irilir. Yetenekli tasar\u0131mc\u0131lar\u0131m\u0131z her bir \u00f6\u011feyi titizlikle detayland\u0131r\u0131r ve e\u011flenceli ke\u015ffin \u00f6z\u00fcn\u00fc kapsayan g\u00f6rsel olarak b\u00fcy\u00fcleyici bir tasvir ortaya \u00e7\u0131kar\u0131r. Titiz DTG bask\u0131s\u0131yla, bu y\u00fcksek kaliteli unisex ti\u015f\u00f6rt ne\u015fe ve kahkaha tuvaline d\u00f6n\u00fc\u015f\u00fcr ve \u00e7ocu\u011funuzla ki\u015fiselle\u015ftirilmi\u015f \u015faheseri aras\u0131nda kal\u0131c\u0131 bir ba\u011f sa\u011flar. Gen\u00e7ler, \u00e7ocuklar ve y\u00fcr\u00fcmeye ba\u015flayan \u00e7ocuklar i\u00e7in mevcut boyutlarla ki\u015fiselle\u015ftirmenin keyfini ya\u015fay\u0131n ve bu ti\u015f\u00f6rt\u00fc gen\u00e7 macerac\u0131lar ve tarih merakl\u0131lar\u0131 i\u00e7in m\u00fckemmel bir hediye haline getirin. Giyilebilir sanat\u0131n d\u00fcnyas\u0131na dal\u0131n ve e\u011flence ve yarat\u0131c\u0131l\u0131k ruhunu kucaklayan, hem insan hem de evcil hayvan y\u00fczleriyle \u00f6zelle\u015ftirilebilen benzer tasar\u0131mlar\u0131n bir yelpazesini ke\u015ffedin. \u00c7ocu\u011funuzun hayal g\u00fcc\u00fcn\u00fc harekete ge\u00e7irin ve gen\u00e7li\u011fin merak\u0131n\u0131 ve ne\u015fesini yans\u0131tan ki\u015fiselle\u015ftirilmi\u015f bir ti\u015f\u00f6rtle kahkahalar\u0131 payla\u015f\u0131n.<\/p>","protected":false},"excerpt":{"rendered":"<p>\u00d6zel bir ma\u011fara adam\u0131 gen\u00e7 erkek g\u00f6mle\u011fi ile tarihe hayat verin. Ki\u015fiselle\u015ftirilmi\u015f Antik Afrika \u00c7ocuk Ti\u015f\u00f6rt\u00fcm\u00fcz, herhangi bir foto\u011fraf\u0131 benzersiz, antik temal\u0131 bir \u00f6zel ti\u015f\u00f6rte d\u00f6n\u00fc\u015ft\u00fcr\u00fcr.<\/p>","protected":false},"featured_media":142609,"comment_status":"open","ping_status":"closed","template":"","meta":{"_acf_changed":false},"product_brand":[],"product_cat":[6189,691,6412,6428],"product_tag":[6433,6439,694,65,67,73],"class_list":{"0":"post-20350","1":"product","2":"type-product","3":"status-publish","4":"has-post-thumbnail","6":"product_cat-boys-t-shirts","7":"product_cat-custom-gifts-caveman","8":"product_cat-photo-to-tees","9":"product_cat-translate-products","10":"product_tag-ai-artwork","11":"product_tag-ai-kids-artwork","12":"product_tag-children_birthday","13":"product_tag-kid","14":"product_tag-kids_birthday_shirt","15":"product_tag-youth-boy","17":"first","18":"instock","19":"taxable","20":"shipping-taxable","21":"purchasable","22":"product-type-simple"},"acf":[],"wcpa_form_fields":null,"_links":{"self":[{"href":"https:\/\/www.customywear.com\/tr\/wp-json\/wp\/v2\/product\/20350","targetHints":{"allow":["GET"]}}],"collection":[{"href":"https:\/\/www.customywear.com\/tr\/wp-json\/wp\/v2\/product"}],"about":[{"href":"https:\/\/www.customywear.com\/tr\/wp-json\/wp\/v2\/types\/product"}],"replies":[{"embeddable":true,"href":"https:\/\/www.customywear.com\/tr\/wp-json\/wp\/v2\/comments?post=20350"}],"wp:featuredmedia":[{"embeddable":true,"href":"https:\/\/www.customywear.com\/tr\/wp-json\/wp\/v2\/media\/142609"}],"wp:attachment":[{"href":"https:\/\/www.customywear.com\/tr\/wp-json\/wp\/v2\/media?parent=20350"}],"wp:term":[{"taxonomy":"product_brand","embeddable":true,"href":"https:\/\/www.customywear.com\/tr\/wp-json\/wp\/v2\/product_brand?post=20350"},{"taxonomy":"product_cat","embeddable":true,"href":"https:\/\/www.customywear.com\/tr\/wp-json\/wp\/v2\/product_cat?post=20350"},{"taxonomy":"product_tag","embeddable":true,"href":"https:\/\/www.customywear.com\/tr\/wp-json\/wp\/v2\/product_tag?post=20350"}],"curies":[{"name":"wp","href":"https:\/\/api.w.org\/{rel}","templated":true}]}}