{"id":20352,"date":"2023-07-28T13:34:06","date_gmt":"2023-07-28T13:34:06","guid":{"rendered":"https:\/\/www.customywear.com\/?post_type=product&#038;p=20352"},"modified":"2026-05-05T20:24:12","modified_gmt":"2026-05-05T20:24:12","slug":"ozel-erkek-cin-kiyafeti-tshirt","status":"publish","type":"product","link":"https:\/\/www.customywear.com\/tr\/custom-chinese-dressed-men-shirt\/","title":{"rendered":"Ki\u015fiye \u00d6zel \u00c7in Giyimli Erkek G\u00f6mle\u011fi | Ki\u015fiye \u00d6zel Geleneksel Giyim Ti\u015f\u00f6rt\u00fc"},"content":{"rendered":"<p>Ki\u015fiye \u00d6zel \u00c7in Giyimli Erkek G\u00f6mle\u011fimizle, gelene\u011fe ve yarat\u0131c\u0131l\u0131\u011fa ki\u015fiselle\u015ftirilmi\u015f bir \u00f6vg\u00fcyle k\u00fclt\u00fcr ve mizah d\u00fcnyas\u0131na ad\u0131m at\u0131n. Foto\u011fraf\u0131n\u0131z\u0131 b\u00fcy\u00fcleyici bir vekt\u00f6r portre sanat\u0131na d\u00f6n\u00fc\u015ft\u00fcrerek sizi geleneksel bir \u00c7in elbisesiyle s\u00fcslerken tasvir ederken tarihin bir par\u00e7as\u0131 olman\u0131n sevincini ya\u015fay\u0131n. Bu ki\u015fiye \u00f6zel ti\u015f\u00f6rt, giysiden daha fazlas\u0131d\u0131r; k\u00fclt\u00fcrel ke\u015ffin bir kutlamas\u0131 ve gelene\u011fi modern mizahla harmanlayan benzersiz bir hediyedir. Kendinizi geleneksel bir \u00c7in elbisesi giyerken, ge\u00e7mi\u015fin zarafetini g\u00fcn\u00fcm\u00fcz\u00fcn e\u011flencesiyle kusursuz bir \u015fekilde harmanlayarak, Adobe Illustrator ve Adobe Photoshop&#039;un sanatsal ustal\u0131\u011f\u0131yla hayata ge\u00e7irilmi\u015f olarak hayal edin. Yetenekli tasar\u0131mc\u0131lar\u0131m\u0131z her ayr\u0131nt\u0131y\u0131 titizlikle i\u015fleyerek, k\u00fclt\u00fcrel kayna\u015fman\u0131n \u00f6z\u00fcn\u00fc yakalayan g\u00f6rsel olarak \u00e7arp\u0131c\u0131 ve ne\u015feli bir tasvir ortaya \u00e7\u0131kar\u0131r. Titiz DTG bask\u0131s\u0131yla, bu y\u00fcksek kaliteli unisex ti\u015f\u00f6rt, sizinle ki\u015fiselle\u015ftirilmi\u015f \u015faheseriniz aras\u0131nda kal\u0131c\u0131 bir ba\u011f sa\u011flayarak kendini ifade etmenin bir tuvali haline gelir. Yeti\u015fkinler, gen\u00e7ler, \u00e7ocuklar ve y\u00fcr\u00fcmeye ba\u015flayan \u00e7ocuklar i\u00e7in mevcut boyutlarla ki\u015fiselle\u015ftirmenin sevincini ya\u015fay\u0131n ve bu ti\u015f\u00f6rt\u00fc gelene\u011fi ve iyi bir kahkahay\u0131 takdir edenler i\u00e7in m\u00fckemmel bir hediye haline getirin. Giyilebilir sanat\u0131n d\u00fcnyas\u0131na dal\u0131n ve hem insan hem de evcil hayvan y\u00fczleriyle \u00f6zelle\u015ftirilebilen, k\u00fclt\u00fcr\u00fc ve yarat\u0131c\u0131l\u0131\u011f\u0131 kutlayan benzer tasar\u0131mlar\u0131n bir yelpazesini ke\u015ffedin. Gelenek ve modern ifadenin ruhunu g\u00fczelce yakalayan ki\u015fiselle\u015ftirilmi\u015f bir ti\u015f\u00f6rtle miras\u0131n\u0131z\u0131 kucaklay\u0131n.<\/p>","protected":false},"excerpt":{"rendered":"<p>K\u00fclt\u00fcr\u00fc \u00f6zel bir \u00c7in giyimli erkek g\u00f6mle\u011fi ile kutlay\u0131n. Ki\u015fiselle\u015ftirilmi\u015f geleneksel elbise ti\u015f\u00f6rt\u00fc, herhangi bir foto\u011fraf\u0131 t\u00fcr\u00fcn\u00fcn tek \u00f6rne\u011fi, k\u00fclt\u00fcrel ilhaml\u0131 bir ti\u015f\u00f6rte d\u00f6n\u00fc\u015ft\u00fcr\u00fcyor.<\/p>","protected":false},"featured_media":142623,"comment_status":"open","ping_status":"closed","template":"","meta":{"_acf_changed":false},"product_brand":[],"product_cat":[6195,6157,6156,703,186,6345,6412,6428],"product_tag":[6433,6216,6219,6220],"class_list":{"0":"post-20352","1":"product","2":"type-product","3":"status-publish","4":"has-post-thumbnail","6":"product_cat-t-shirts-men","7":"product_cat-country","8":"product_cat-culture","9":"product_cat-custom-gifts-chinese-tradition","10":"product_cat-men","11":"product_cat-mens-country-culture-t-shirts","12":"product_cat-photo-to-tees","13":"product_cat-translate-products","14":"product_tag-ai-artwork","15":"product_tag-mens-custom-t-shirts","16":"product_tag-order-custom-shirts","17":"product_tag-t-shirt-printing-near-me","19":"first","20":"instock","21":"taxable","22":"shipping-taxable","23":"purchasable","24":"product-type-simple"},"acf":[],"wcpa_form_fields":null,"_links":{"self":[{"href":"https:\/\/www.customywear.com\/tr\/wp-json\/wp\/v2\/product\/20352","targetHints":{"allow":["GET"]}}],"collection":[{"href":"https:\/\/www.customywear.com\/tr\/wp-json\/wp\/v2\/product"}],"about":[{"href":"https:\/\/www.customywear.com\/tr\/wp-json\/wp\/v2\/types\/product"}],"replies":[{"embeddable":true,"href":"https:\/\/www.customywear.com\/tr\/wp-json\/wp\/v2\/comments?post=20352"}],"wp:featuredmedia":[{"embeddable":true,"href":"https:\/\/www.customywear.com\/tr\/wp-json\/wp\/v2\/media\/142623"}],"wp:attachment":[{"href":"https:\/\/www.customywear.com\/tr\/wp-json\/wp\/v2\/media?parent=20352"}],"wp:term":[{"taxonomy":"product_brand","embeddable":true,"href":"https:\/\/www.customywear.com\/tr\/wp-json\/wp\/v2\/product_brand?post=20352"},{"taxonomy":"product_cat","embeddable":true,"href":"https:\/\/www.customywear.com\/tr\/wp-json\/wp\/v2\/product_cat?post=20352"},{"taxonomy":"product_tag","embeddable":true,"href":"https:\/\/www.customywear.com\/tr\/wp-json\/wp\/v2\/product_tag?post=20352"}],"curies":[{"name":"wp","href":"https:\/\/api.w.org\/{rel}","templated":true}]}}