{"id":20394,"date":"2023-07-28T13:34:40","date_gmt":"2023-07-28T13:34:40","guid":{"rendered":"https:\/\/www.customywear.com\/?post_type=product&#038;p=20394"},"modified":"2026-05-05T20:23:37","modified_gmt":"2026-05-05T20:23:37","slug":"ozel-uzayli-ufo-uzay-tshirt","status":"publish","type":"product","link":"https:\/\/www.customywear.com\/tr\/custom-alien-ufo-space-tee\/","title":{"rendered":"\u00d6zel Uzayl\u0131 UFO Uzay Ti\u015f\u00f6rt\u00fc: Ki\u015fiselle\u015ftirilmi\u015f UFO Portre Ti\u015f\u00f6rt\u00fc"},"content":{"rendered":"<p>Merak\u0131n\u0131z\u0131, bilim, uzay ve ki\u015fiselle\u015ftirilmi\u015f stilin bir kar\u0131\u015f\u0131m\u0131 olan \u00d6zel Uzayl\u0131 G\u00f6mlek koleksiyonumuzla harekete ge\u00e7irin. Unisex Uzun Kollu ve K\u0131sa Kollu Ti\u015f\u00f6rt tasar\u0131mlar\u0131m\u0131z sizi d\u00fcnya d\u0131\u015f\u0131 bir aleme ta\u015f\u0131yarak, sizi ba\u015fka bir d\u00fcnyadan gelen bir varl\u0131\u011fa d\u00f6n\u00fc\u015ft\u00fcren b\u00fcy\u00fcleyici vekt\u00f6r portre sanat\u0131 olu\u015fturmak i\u00e7in foto\u011fraf\u0131n\u0131z\u0131 kullan\u0131r. Bu \u00f6zel ti\u015f\u00f6rt sadece bir giysi de\u011fil; g\u00fcl\u00fcmsemeler ve merak uyand\u0131rmak i\u00e7in tasarlanm\u0131\u015f, kozmik ke\u015ffe a\u00e7\u0131lan bir kap\u0131d\u0131r. S\u0131radanl\u0131\u011fa meydan okuyan bir ifade olu\u015fturmaya haz\u0131r, i\u00e7inizdeki uzayl\u0131y\u0131 kucaklayarak bir d\u00f6n\u00fc\u015f\u00fcm yolculu\u011funa \u00e7\u0131k\u0131n. Bu ki\u015fiselle\u015ftirilmi\u015f ti\u015f\u00f6rt, hem yeti\u015fkinlerin hem de \u00e7ocuklar\u0131n hayranl\u0131\u011f\u0131n\u0131 yakalayarak sohbetleri ba\u015flatmak ve kahkahalar\u0131 ate\u015flemek i\u00e7in m\u00fckemmel bir hediyedir. K\u00fc\u00e7\u00fck \u00e7ocuklardan yeti\u015fkinlere kadar koleksiyonumuz, herkesi kozmik deneyimi payla\u015fmaya davet eden bir unisex tasar\u0131mda bilimkurguyu hayata ge\u00e7iriyor. Ayr\u0131nt\u0131lara titizlikle dikkat ederek, foto\u011fraf\u0131n\u0131z\u0131 y\u00fcksek kaliteli bir vekt\u00f6r sanat\u0131 eseri olarak hayata ge\u00e7irmek i\u00e7in Adobe Illustrator ve Adobe Photoshop&#039;un g\u00fcc\u00fcnden yararlan\u0131yoruz. Her vuru\u015f ve piksel, m\u00fckemmelli\u011fe olan ba\u011fl\u0131l\u0131\u011f\u0131m\u0131z\u0131n bir kan\u0131t\u0131d\u0131r. DTG bask\u0131 teknolojisiyle ti\u015f\u00f6rtlerimiz her ya\u015fa hitap eden ifade tuvallerine d\u00f6n\u00fc\u015f\u00fcyor. \u0130ster kendi benzersizli\u011finizi ifade ediyor olun, ister sevdiklerinizle e\u011flenceli bir s\u00fcrpriz payla\u015f\u0131yor olun, \u00d6zel Uzayl\u0131 Ti\u015f\u00f6rt koleksiyonumuz hayal g\u00fcc\u00fcne, mizah anlay\u0131\u015f\u0131na ve evrenin s\u0131n\u0131rs\u0131z olas\u0131l\u0131klar\u0131na m\u00fckemmel bir \u00f6vg\u00fcd\u00fcr.<\/p>","protected":false},"excerpt":{"rendered":"<p>\u00d6zel bir Alien UFO uzay g\u00f6mle\u011fi ile alan\u0131 ke\u015ffedin. Ki\u015fiselle\u015ftirilmi\u015f UFO Portre Ti\u015f\u00f6rt\u00fcm\u00fcz, herhangi bir foto\u011fraf\u0131 benzersiz, d\u00fcnya d\u0131\u015f\u0131 temal\u0131 bir ti\u015f\u00f6rte d\u00f6n\u00fc\u015ft\u00fcr\u00fcr.<\/p>","protected":false},"featured_media":142393,"comment_status":"open","ping_status":"closed","template":"","meta":{"_acf_changed":false},"product_brand":[],"product_cat":[6191,113,6412,6428],"product_tag":[6433,136,137,138,141,112],"class_list":{"0":"post-20394","1":"product","2":"type-product","3":"status-publish","4":"has-post-thumbnail","6":"product_cat-t-shirts-women","7":"product_cat-custom-gifts-alien-shirts","8":"product_cat-photo-to-tees","9":"product_cat-translate-products","10":"product_tag-ai-artwork","11":"product_tag-science_shirt","12":"product_tag-space_shirt","13":"product_tag-t-shirt-ufo","14":"product_tag-ufo-shirt","15":"product_tag-women","17":"first","18":"instock","19":"taxable","20":"shipping-taxable","21":"purchasable","22":"product-type-simple"},"acf":[],"wcpa_form_fields":null,"_links":{"self":[{"href":"https:\/\/www.customywear.com\/tr\/wp-json\/wp\/v2\/product\/20394","targetHints":{"allow":["GET"]}}],"collection":[{"href":"https:\/\/www.customywear.com\/tr\/wp-json\/wp\/v2\/product"}],"about":[{"href":"https:\/\/www.customywear.com\/tr\/wp-json\/wp\/v2\/types\/product"}],"replies":[{"embeddable":true,"href":"https:\/\/www.customywear.com\/tr\/wp-json\/wp\/v2\/comments?post=20394"}],"wp:featuredmedia":[{"embeddable":true,"href":"https:\/\/www.customywear.com\/tr\/wp-json\/wp\/v2\/media\/142393"}],"wp:attachment":[{"href":"https:\/\/www.customywear.com\/tr\/wp-json\/wp\/v2\/media?parent=20394"}],"wp:term":[{"taxonomy":"product_brand","embeddable":true,"href":"https:\/\/www.customywear.com\/tr\/wp-json\/wp\/v2\/product_brand?post=20394"},{"taxonomy":"product_cat","embeddable":true,"href":"https:\/\/www.customywear.com\/tr\/wp-json\/wp\/v2\/product_cat?post=20394"},{"taxonomy":"product_tag","embeddable":true,"href":"https:\/\/www.customywear.com\/tr\/wp-json\/wp\/v2\/product_tag?post=20394"}],"curies":[{"name":"wp","href":"https:\/\/api.w.org\/{rel}","templated":true}]}}