{"id":20410,"date":"2023-07-28T13:34:58","date_gmt":"2023-07-28T13:34:58","guid":{"rendered":"https:\/\/www.customywear.com\/?post_type=product&#038;p=20410"},"modified":"2026-05-05T20:24:12","modified_gmt":"2026-05-05T20:24:12","slug":"ozel-sanatsal-kas-tshirt-bodybuilders","status":"publish","type":"product","link":"https:\/\/www.customywear.com\/tr\/custom-artistic-muscle-tee-bodybuilders\/","title":{"rendered":"V\u00fccut Geli\u015ftiriciler \u0130\u00e7in \u00d6zel Sanatsal Kas Ti\u015f\u00f6rt\u00fc \u2013 Ki\u015fiselle\u015ftirilmi\u015f Jimnastik Ti\u015f\u00f6rt\u00fc"},"content":{"rendered":"<p>V\u00fccut geli\u015ftirme tutkunuzu bizimle serbest b\u0131rak\u0131n <strong>\u00d6zel Sanatsal Kas Ti\u015f\u00f6rt\u00fc<\/strong> \u2013 Foto\u011fraf\u0131n\u0131z\u0131 kasl\u0131 h\u00fcnerlerinize dair a\u011f\u0131zlar\u0131 a\u00e7\u0131k b\u0131rakan bir \u00f6vg\u00fcye d\u00f6n\u00fc\u015ft\u00fcren benzersiz bir \u015faheser. Yetenekli sanat\u00e7\u0131lar\u0131m\u0131z, bu ki\u015fiselle\u015ftirilmi\u015f ti\u015f\u00f6rtte \u00e7arp\u0131c\u0131 bir g\u00f6r\u00fcnt\u00fc olu\u015fturmak i\u00e7in kaslar\u0131n\u0131z\u0131 g\u00fc\u00e7lendirerek fizi\u011finizin bir karikat\u00fcr\u00fcn\u00fc ustal\u0131kla olu\u015fturur. Spor tutkunlar\u0131 ve egzersiz tutkunlar\u0131yla yank\u0131 uyand\u0131rmak i\u00e7in tasarlanan bu esprili ve s\u0131ra d\u0131\u015f\u0131 ti\u015f\u00f6rt, fitness rejiminize bir doz mizah katar. \u0130\u00e7inizdeki g\u00fcc\u00fc kucaklay\u0131n ve v\u00fccut geli\u015ftirmeye olan ba\u011fl\u0131l\u0131\u011f\u0131n\u0131z\u0131 kutlayan bu ki\u015fiselle\u015ftirilmi\u015f jimnastik ti\u015f\u00f6rt\u00fcyle dikkatleri \u00fczerinize \u00e7ekin.<\/p>\n<p>Yeti\u015fkinlerden gen\u00e7lere, \u00e7ocuklara ve y\u00fcr\u00fcmeye ba\u015flayan \u00e7ocuklara kadar her ya\u015ftan bireye uyacak \u015fekilde tasarlanan bu unisex kas ti\u015f\u00f6rtleri, spor salonunda huzur bulan \u00e7e\u015fitli kitlelere hitap ediyor. Usta zanaatkarlar\u0131m\u0131z, Adobe Illustrator ve Adobe Photoshop&#039;un yarat\u0131c\u0131 g\u00fcc\u00fcnden yararlanarak, ba\u011fl\u0131l\u0131\u011f\u0131 kutlayan ve yolda\u015fl\u0131\u011fa ilham veren tasar\u0131mlar ortaya \u00e7\u0131kar\u0131yor. Geli\u015fmi\u015f DTG bask\u0131 teknolojisiyle, her ti\u015f\u00f6rt g\u00fcce olan ba\u011fl\u0131l\u0131\u011f\u0131n\u0131z\u0131 ileten y\u00fcksek kaliteli vekt\u00f6r sanat\u0131 i\u00e7in bir tuval haline geliyor.<\/p>\n<p>Ki\u015fiselle\u015ftirme bu tasar\u0131m\u0131n merkezinde yer al\u0131r ve hem insan hem de t\u00fcyl\u00fc sevdiklerinizin y\u00fczlerini dahil ederek ger\u00e7ekten benzersiz bir giysi yaratman\u0131za olanak tan\u0131r. Bu ti\u015f\u00f6rtler s\u0131radan giyimin \u00f6tesine ge\u00e7erek hayranl\u0131\u011f\u0131, kararl\u0131l\u0131\u011f\u0131 ve kendini geli\u015ftirme yolculu\u011funu kapsar. Her biri benzersiz bir hikaye anlatan ilgili tasar\u0131m yelpazemize dal\u0131n ve k\u0131yafetinizin gururunuzun, zindeli\u011fe olan sevginizin ve g\u00fc\u00e7l\u00fc bir fizi\u011fe olan ba\u011fl\u0131l\u0131\u011f\u0131n\u0131z\u0131n bir temsili olmas\u0131na izin verin.<\/p>","protected":false},"excerpt":{"rendered":"<p>V\u00fccut geli\u015ftiriciler i\u00e7in \u00f6zel bir sanatsal kas tee ile g\u00fc\u00e7 g\u00f6sterin. Ki\u015fiselle\u015ftirilmi\u015f jimnastik g\u00f6mlekleri, herhangi bir foto\u011fraf\u0131 benzersiz, cesur bir fitness ti\u015f\u00f6rt\u00fcne d\u00f6n\u00fc\u015ft\u00fcr\u00fcr.<\/p>","protected":false},"featured_media":143233,"comment_status":"open","ping_status":"closed","template":"","meta":{"_acf_changed":false},"product_brand":[],"product_cat":[6195,157,526,186,6337,1044,6412,1045,6428],"product_tag":[6433,6217,6165,546,6216,1106],"class_list":{"0":"post-20410","1":"product","2":"type-product","3":"status-publish","4":"has-post-thumbnail","6":"product_cat-t-shirts-men","7":"product_cat-best-sellers","8":"product_cat-gym-shirts","9":"product_cat-men","10":"product_cat-mens-gym-t-shirts","11":"product_cat-on-sale","12":"product_cat-photo-to-tees","13":"product_cat-retirement","14":"product_cat-translate-products","15":"product_tag-ai-artwork","16":"product_tag-custom-t-shirt","17":"product_tag-custom-gym-tees","18":"product_tag-gym","19":"product_tag-mens-custom-t-shirts","20":"product_tag-retirement","22":"first","23":"instock","24":"taxable","25":"shipping-taxable","26":"purchasable","27":"product-type-simple"},"acf":[],"wcpa_form_fields":null,"_links":{"self":[{"href":"https:\/\/www.customywear.com\/tr\/wp-json\/wp\/v2\/product\/20410","targetHints":{"allow":["GET"]}}],"collection":[{"href":"https:\/\/www.customywear.com\/tr\/wp-json\/wp\/v2\/product"}],"about":[{"href":"https:\/\/www.customywear.com\/tr\/wp-json\/wp\/v2\/types\/product"}],"replies":[{"embeddable":true,"href":"https:\/\/www.customywear.com\/tr\/wp-json\/wp\/v2\/comments?post=20410"}],"wp:featuredmedia":[{"embeddable":true,"href":"https:\/\/www.customywear.com\/tr\/wp-json\/wp\/v2\/media\/143233"}],"wp:attachment":[{"href":"https:\/\/www.customywear.com\/tr\/wp-json\/wp\/v2\/media?parent=20410"}],"wp:term":[{"taxonomy":"product_brand","embeddable":true,"href":"https:\/\/www.customywear.com\/tr\/wp-json\/wp\/v2\/product_brand?post=20410"},{"taxonomy":"product_cat","embeddable":true,"href":"https:\/\/www.customywear.com\/tr\/wp-json\/wp\/v2\/product_cat?post=20410"},{"taxonomy":"product_tag","embeddable":true,"href":"https:\/\/www.customywear.com\/tr\/wp-json\/wp\/v2\/product_tag?post=20410"}],"curies":[{"name":"wp","href":"https:\/\/api.w.org\/{rel}","templated":true}]}}