{"id":20417,"date":"2023-07-28T13:35:04","date_gmt":"2023-07-28T13:35:04","guid":{"rendered":"https:\/\/www.customywear.com\/?post_type=product&#038;p=20417"},"modified":"2026-05-16T11:13:02","modified_gmt":"2026-05-16T11:13:02","slug":"ozel-astronot-uzayli-bilim-tisortu","status":"publish","type":"product","link":"https:\/\/www.customywear.com\/tr\/custom-astronaut-alien-science-shirt\/","title":{"rendered":"Ki\u015fiye \u00d6zel Astronot G\u00f6mle\u011fi \u2013 Erkekler \u0130\u00e7in Ki\u015fiselle\u015ftirilmi\u015f Uzayl\u0131 Bilimi Ti\u015f\u00f6rt\u00fc"},"content":{"rendered":"<p>Tan\u0131t\u0131m\u0131m\u0131z <strong>\u00d6zel Astronot G\u00f6mle\u011fi<\/strong> \u2013 uzay ve bilinmeyene hayranl\u0131k duyanlar i\u00e7in tasarlanm\u0131\u015f, bireysellik ve ke\u015fiflerin kozmik bir tuvali. Hem Unisex Uzun Kollu hem de K\u0131sa Kollu tasar\u0131mlarda mevcut olan bu yenilik\u00e7i tasar\u0131m, foto\u011fraf\u0131n\u0131z\u0131 sizi korkusuz bir astronot olarak ba\u015fka bir d\u00fcnyadan bir manzaran\u0131n ortas\u0131na yerle\u015ftiren b\u00fcy\u00fcleyici bir vekt\u00f6r portresine d\u00f6n\u00fc\u015ft\u00fcr\u00fcyor. Bu ki\u015fiselle\u015ftirilmi\u015f ti\u015f\u00f6rt, s\u0131radan bir giysinin \u00f6tesine ge\u00e7iyor; ilham\u0131n bir \u00f6rne\u011fi ve onu uzay ve bilimin harikalar\u0131na hayran olan ki\u015filer i\u00e7in ola\u011fan\u00fcst\u00fc bir hediye haline getiriyor. Yeti\u015fkinlerden gen\u00e7lere, \u00e7ocuklara ve y\u00fcr\u00fcmeye ba\u015flayan \u00e7ocuklara kadar her ya\u015f grubuna hitap edecek \u015fekilde tasarlanan bu ti\u015f\u00f6rtler, merakl\u0131 zihinlere ve bilimsel merak\u0131 besleyen s\u0131n\u0131rs\u0131z ke\u015ffe bir \u00f6vg\u00fcd\u00fcr. Yetenekli zanaatkarlar\u0131m\u0131z, hayal g\u00fcc\u00fcn\u00fc harekete ge\u00e7iren ve kozmik ke\u015fif tutkusunu ate\u015fleyen tasar\u0131mlar olu\u015fturmak i\u00e7in Adobe Illustrator ve Adobe Photoshop&#039;un yarat\u0131c\u0131 g\u00fcc\u00fcnden yararlan\u0131yor. Geli\u015fmi\u015f DTG bask\u0131 teknolojisini kullanan her ti\u015f\u00f6rt, uzaydan ilham alan hayallerinizin \u00f6z\u00fcn\u00fc yakalayan y\u00fcksek kaliteli vekt\u00f6r sanat\u0131 i\u00e7in bir tuval haline geliyor. Bu tasar\u0131m\u0131n \u00f6z\u00fcnde ki\u015fiselle\u015ftirme vard\u0131r ve bu da y\u00fcz\u00fcn\u00fcz\u00fc ve hatta sevgili evcil hayvanlar\u0131n\u0131z\u0131n y\u00fczlerini dahil ederek ger\u00e7ekten farkl\u0131 bir giysi yaratman\u0131za olanak tan\u0131r. Bu g\u00f6mlekler sadece giysiden daha fazlas\u0131d\u0131r; benzersiz bak\u0131\u015f a\u00e7\u0131n\u0131za, \u00f6zlemlerinize ve s\u0131n\u0131rlar\u0131n \u00f6tesini ke\u015ffetme arzunuza bir tan\u0131kl\u0131kt\u0131r. Her biri benzersiz bir hikaye anlatan ilgili tasar\u0131mlar\u0131m\u0131z\u0131 ke\u015ffedin ve k\u0131yafetinizin astronotlara olan hayranl\u0131\u011f\u0131n\u0131z\u0131n, kozmosun bilmecesinin ve bilgi aray\u0131\u015f\u0131n\u0131z\u0131n bir temsili olmas\u0131na izin verin.<\/p>","protected":false},"excerpt":{"rendered":"<p>\u00d6zel bir astronot g\u00f6mle\u011fi ile patlat\u0131n. Onun i\u00e7in ki\u015fiselle\u015ftirilmi\u015f Alien Science ti\u015f\u00f6rt\u00fc, herhangi bir foto\u011fraf\u0131 e\u011flenceli, uzay temal\u0131 \u00f6zel bir ti\u015f\u00f6rte d\u00f6n\u00fc\u015ft\u00fcr\u00fcyor.<\/p>","protected":false},"featured_media":142489,"comment_status":"open","ping_status":"closed","template":"","meta":{"_acf_changed":false},"product_brand":[],"product_cat":[6195,157,248,186,6341,6412,219,1045,6428],"product_tag":[6433,249,6216,6442],"class_list":{"0":"post-20417","1":"product","2":"type-product","3":"status-publish","4":"has-post-thumbnail","6":"product_cat-t-shirts-men","7":"product_cat-best-sellers","8":"product_cat-custom-gifts-astronauts","9":"product_cat-men","10":"product_cat-mens-profession-t-shirts","11":"product_cat-photo-to-tees","12":"product_cat-profession","13":"product_cat-retirement","14":"product_cat-translate-products","15":"product_tag-ai-artwork","16":"product_tag-astronaut-tees","17":"product_tag-mens-custom-t-shirts","18":"product_tag-top-artwork","20":"first","21":"instock","22":"taxable","23":"shipping-taxable","24":"purchasable","25":"product-type-simple"},"acf":[],"wcpa_form_fields":null,"_links":{"self":[{"href":"https:\/\/www.customywear.com\/tr\/wp-json\/wp\/v2\/product\/20417","targetHints":{"allow":["GET"]}}],"collection":[{"href":"https:\/\/www.customywear.com\/tr\/wp-json\/wp\/v2\/product"}],"about":[{"href":"https:\/\/www.customywear.com\/tr\/wp-json\/wp\/v2\/types\/product"}],"replies":[{"embeddable":true,"href":"https:\/\/www.customywear.com\/tr\/wp-json\/wp\/v2\/comments?post=20417"}],"wp:featuredmedia":[{"embeddable":true,"href":"https:\/\/www.customywear.com\/tr\/wp-json\/wp\/v2\/media\/142489"}],"wp:attachment":[{"href":"https:\/\/www.customywear.com\/tr\/wp-json\/wp\/v2\/media?parent=20417"}],"wp:term":[{"taxonomy":"product_brand","embeddable":true,"href":"https:\/\/www.customywear.com\/tr\/wp-json\/wp\/v2\/product_brand?post=20417"},{"taxonomy":"product_cat","embeddable":true,"href":"https:\/\/www.customywear.com\/tr\/wp-json\/wp\/v2\/product_cat?post=20417"},{"taxonomy":"product_tag","embeddable":true,"href":"https:\/\/www.customywear.com\/tr\/wp-json\/wp\/v2\/product_tag?post=20417"}],"curies":[{"name":"wp","href":"https:\/\/api.w.org\/{rel}","templated":true}]}}