{"id":20465,"date":"2023-07-28T13:35:53","date_gmt":"2023-07-28T13:35:53","guid":{"rendered":"https:\/\/www.customywear.com\/?post_type=product&#038;p=20465"},"modified":"2026-05-05T20:24:12","modified_gmt":"2026-05-05T20:24:12","slug":"ozel-boksor-fotografli-tisort","status":"publish","type":"product","link":"https:\/\/www.customywear.com\/tr\/custom-boxer-photo-t-shirt\/","title":{"rendered":"Ki\u015fiye \u00d6zel Boks\u00f6r Foto\u011frafl\u0131 Ti\u015f\u00f6rt \u2013 Erkekler \u0130\u00e7in Ki\u015fiselle\u015ftirilmi\u015f Boks Oyuncusu Ti\u015f\u00f6rt\u00fc"},"content":{"rendered":"<p>Ki\u015fiselle\u015ftirme halkas\u0131na, foto\u011fraf\u0131n\u0131z\u0131 eldiven takan yetenekli bir boks oyuncusunun g\u00f6r\u00fcnt\u00fcs\u00fcne d\u00f6n\u00fc\u015ft\u00fcrmek i\u00e7in ustaca tasarlanm\u0131\u015f \u00f6zel boks\u00f6r ti\u015f\u00f6rt\u00fcm\u00fczle ad\u0131m at\u0131n. Bu ki\u015fiselle\u015ftirilmi\u015f foto\u011fraf ti\u015f\u00f6rt\u00fc, boks tutkunlar\u0131 ve fitness merakl\u0131lar\u0131 i\u00e7in m\u00fckemmel bir se\u00e7imdir, gard\u0131robunuza benzersiz bir dokunu\u015f katan spor ve stilin kusursuz bir kar\u0131\u015f\u0131m\u0131d\u0131r.<\/p>\n<p>Yeti\u015fkinler, gen\u00e7ler, \u00e7ocuklar ve y\u00fcr\u00fcmeye ba\u015flayan \u00e7ocuklar dahil her ya\u015ftan bireyle yank\u0131 uyand\u0131rmak \u00fczere tasarlanan ki\u015fiselle\u015ftirilmi\u015f ti\u015f\u00f6rt\u00fcm\u00fcz, boks d\u00fcnyas\u0131n\u0131n dinamizmini \u00f6zetliyor. Adobe Illustrator ve Adobe Photoshop&#039;un sanatsal becerisini kullanarak, foto\u011fraf\u0131n\u0131zdan b\u00fcy\u00fcleyici bir vekt\u00f6r ill\u00fcstrasyonu olu\u015fturuyoruz ve bunu DTG bask\u0131yla ti\u015f\u00f6rt\u00fcn\u00fcz\u00fcn kuma\u015f\u0131na karma\u015f\u0131k bir \u015fekilde i\u015fliyoruz. Her ayr\u0131nt\u0131 canlan\u0131yor ve hem g\u00f6rsel parlakl\u0131k hem de konfor sunuyor.<\/p>\n<p>\u00c7ok y\u00f6nl\u00fc \u00fcniseks tasar\u0131m\u0131m\u0131zla bireyselli\u011finizi serbest b\u0131rak\u0131n, ister kendi portrenizi ister sevgili evcil hayvan\u0131n\u0131z\u0131n sevimli y\u00fcz\u00fcn\u00fc i\u00e7eren vizyonunuza uyum sa\u011flay\u0131n. Modan\u0131n kendini ifade etmeyle i\u00e7 i\u00e7e ge\u00e7ti\u011fi, her ti\u015f\u00f6rt\u00fcn belirgin bir anlat\u0131y\u0131 aktard\u0131\u011f\u0131 bir aleme dal\u0131n. Ki\u015fiselle\u015ftirilmi\u015f sanat\u00e7\u0131l\u0131\u011fa ve yenili\u011fe olan ba\u011fl\u0131l\u0131\u011f\u0131n\u0131z\u0131 yans\u0131tan, e\u015fit derecede b\u00fcy\u00fcleyici tasar\u0131mlar yelpazesini ke\u015ffedin. Gard\u0131robunuzu yaln\u0131zca giysi de\u011fil, kimli\u011finizin bir \u00f6rne\u011fi olan bir par\u00e7a ile y\u00fckseltin.<\/p>","protected":false},"excerpt":{"rendered":"<p>\u00d6zel bir boxer foto\u011fraf ti\u015f\u00f6rt\u00fc ile ringe ad\u0131m at\u0131n. Ki\u015fiselle\u015ftirilmi\u015f boks oyuncusu ti\u015f\u00f6rtleri, herhangi bir foto\u011fraf\u0131 erkekler i\u00e7in cesur, t\u00fcr\u00fcn\u00fcn tek \u00f6rne\u011fi bir ti\u015f\u00f6rte d\u00f6n\u00fc\u015ft\u00fcr\u00fcr.<\/p>","protected":false},"featured_media":143268,"comment_status":"open","ping_status":"closed","template":"","meta":{"_acf_changed":false},"product_brand":[],"product_cat":[6195,526,186,6339,6412,219,310,6428],"product_tag":[6433,6217,6165,546,6216,238,326],"class_list":{"0":"post-20465","1":"product","2":"type-product","3":"status-publish","4":"has-post-thumbnail","6":"product_cat-t-shirts-men","7":"product_cat-gym-shirts","8":"product_cat-men","9":"product_cat-mens-sports-t-shirts","10":"product_cat-photo-to-tees","11":"product_cat-profession","12":"product_cat-sports-shirts","13":"product_cat-translate-products","14":"product_tag-ai-artwork","15":"product_tag-custom-t-shirt","16":"product_tag-custom-gym-tees","17":"product_tag-gym","18":"product_tag-mens-custom-t-shirts","19":"product_tag-profession","20":"product_tag-sports","22":"first","23":"instock","24":"taxable","25":"shipping-taxable","26":"purchasable","27":"product-type-simple"},"acf":[],"wcpa_form_fields":null,"_links":{"self":[{"href":"https:\/\/www.customywear.com\/tr\/wp-json\/wp\/v2\/product\/20465","targetHints":{"allow":["GET"]}}],"collection":[{"href":"https:\/\/www.customywear.com\/tr\/wp-json\/wp\/v2\/product"}],"about":[{"href":"https:\/\/www.customywear.com\/tr\/wp-json\/wp\/v2\/types\/product"}],"replies":[{"embeddable":true,"href":"https:\/\/www.customywear.com\/tr\/wp-json\/wp\/v2\/comments?post=20465"}],"wp:featuredmedia":[{"embeddable":true,"href":"https:\/\/www.customywear.com\/tr\/wp-json\/wp\/v2\/media\/143268"}],"wp:attachment":[{"href":"https:\/\/www.customywear.com\/tr\/wp-json\/wp\/v2\/media?parent=20465"}],"wp:term":[{"taxonomy":"product_brand","embeddable":true,"href":"https:\/\/www.customywear.com\/tr\/wp-json\/wp\/v2\/product_brand?post=20465"},{"taxonomy":"product_cat","embeddable":true,"href":"https:\/\/www.customywear.com\/tr\/wp-json\/wp\/v2\/product_cat?post=20465"},{"taxonomy":"product_tag","embeddable":true,"href":"https:\/\/www.customywear.com\/tr\/wp-json\/wp\/v2\/product_tag?post=20465"}],"curies":[{"name":"wp","href":"https:\/\/api.w.org\/{rel}","templated":true}]}}