{"id":20496,"date":"2023-07-28T13:36:31","date_gmt":"2023-07-28T13:36:31","guid":{"rendered":"https:\/\/www.customywear.com\/?post_type=product&#038;p=20496"},"modified":"2026-05-07T15:29:56","modified_gmt":"2026-05-07T15:29:56","slug":"ozel-cinli-kiz-tisortu-gencler-icin-hediye","status":"publish","type":"product","link":"https:\/\/www.customywear.com\/tr\/custom-chinese-girl-shirt-youngsters-gift\/","title":{"rendered":"Ki\u015fiye \u00d6zel \u00c7inli K\u0131z G\u00f6mle\u011fi | Ki\u015fiselle\u015ftirilmi\u015f Gen\u00e7 Hediyesi"},"content":{"rendered":"<p>\u00c7ocu\u011funuzun stilini, gen\u00e7leri memnun etmek i\u00e7in tasarlanm\u0131\u015f k\u00fclt\u00fcr ve ki\u015fiselle\u015ftirmenin uyumlu bir kar\u0131\u015f\u0131m\u0131 olan &#034;\u00d6zel \u00c7inli K\u0131z G\u00f6mle\u011fimiz&#034; ile y\u00fckseltin. K\u00fc\u00e7\u00fck \u00e7ocu\u011funuzun foto\u011fraf\u0131n\u0131n, onu b\u00fcy\u00fcleyici bir \u00c7in geleneksel giysisiyle s\u00fcslenmi\u015f olarak tasvir eden b\u00fcy\u00fcleyici bir vekt\u00f6r portre sanat\u0131na titizlikle d\u00f6n\u00fc\u015ft\u00fcr\u00fclmesinin b\u00fcy\u00fcs\u00fcne tan\u0131k olun. Bu \u00f6zel ti\u015f\u00f6rt sadece bir giysi de\u011fil; yarat\u0131c\u0131l\u0131k i\u00e7in bir tuval ve hem \u00e7ocuklar\u0131n hem de ebeveynlerin kalplerinde ne\u015fe uyand\u0131ran i\u00e7ten bir hediye. Gen\u00e7li\u011fin canl\u0131l\u0131\u011f\u0131 d\u00fc\u015f\u00fcn\u00fclerek tasarlanan k\u0131sa kollu ve uzun kollu ti\u015f\u00f6rtlerimiz, miras\u0131 ve \u00e7a\u011fda\u015f esteti\u011fi zahmetsizce birle\u015ftiriyor. Yetenekli tasar\u0131mc\u0131lar\u0131m\u0131z, her tasar\u0131ma hayat vermek i\u00e7in Adobe Illustrator ve Adobe Photoshop kullan\u0131yor ve hem \u00e7ocuklarda hem de yeti\u015fkinlerde yank\u0131 uyand\u0131ran karma\u015f\u0131k g\u00f6rseller haz\u0131rl\u0131yor. Son teknoloji DTG bask\u0131 teknolojisini kullanarak, unisex konfor i\u00e7in tasarlanm\u0131\u015f ve y\u00fcr\u00fcmeye ba\u015flayan \u00e7ocuklardan yeti\u015fkinlere kadar her ya\u015f grubu i\u00e7in mevcut olan ki\u015fiselle\u015ftirilmi\u015f \u015faheserinizin uzun \u00f6m\u00fcrl\u00fc olmas\u0131n\u0131 sa\u011fl\u0131yoruz. Nesiller aras\u0131nda k\u00f6pr\u00fc kuran unisex modan\u0131n g\u00fcc\u00fcn\u00fc kucaklay\u0131n. \u00c7ocu\u011funuzun y\u00fcz\u00fcn\u00fc, hatta belki de sevgili evcil hayvanlar\u0131n\u0131z\u0131 tasar\u0131ma dahil ederek ki\u015fiselle\u015ftirme yolculu\u011funa \u00e7\u0131k\u0131n. Bu g\u00f6mlekler giysiden daha fazlas\u0131d\u0131r; \u00e7ocuklu\u011fun tuhafl\u0131\u011f\u0131n\u0131 ve masumiyetini yakalayan ya\u015fayan an\u0131lard\u0131r. Gelenek ve bireysellik ruhunu ustaca yakalayan y\u00fcksek kaliteli vekt\u00f6r sanat\u0131m\u0131z\u0131n hassasiyetinin tad\u0131n\u0131 \u00e7\u0131kar\u0131n. K\u00fclt\u00fcr, ki\u015fiselle\u015ftirme ve gen\u00e7lik co\u015fkusunun bir araya gelerek hem aile hem de e\u011flenceyle yank\u0131 uyand\u0131ran giyilebilir bir \u015faheser yaratt\u0131\u011f\u0131 bu \u00f6zel \u00c7in k\u0131z g\u00f6mle\u011fiyle \u00e7ocu\u011funuzun gard\u0131robunu y\u00fckseltin.<\/p>","protected":false},"excerpt":{"rendered":"<p>Delight youngsters with a Custom Chinese Girl Shirt. The Personalized Youngster&#8217;s Gift Tee turns any photo into a fun, one-of-a-kind t-shirt.<\/p>","protected":false},"featured_media":142637,"comment_status":"open","ping_status":"closed","template":"","meta":{"_acf_changed":false},"product_brand":[],"product_cat":[6193,703,6412,6428],"product_tag":[6433,6439,65,156],"class_list":{"0":"post-20496","1":"product","2":"type-product","3":"status-publish","4":"has-post-thumbnail","6":"product_cat-girls-t-shirts","7":"product_cat-custom-gifts-chinese-tradition","8":"product_cat-photo-to-tees","9":"product_cat-translate-products","10":"product_tag-ai-artwork","11":"product_tag-ai-kids-artwork","12":"product_tag-kid","13":"product_tag-youth-girl","15":"first","16":"instock","17":"taxable","18":"shipping-taxable","19":"purchasable","20":"product-type-simple"},"acf":[],"wcpa_form_fields":null,"_links":{"self":[{"href":"https:\/\/www.customywear.com\/tr\/wp-json\/wp\/v2\/product\/20496","targetHints":{"allow":["GET"]}}],"collection":[{"href":"https:\/\/www.customywear.com\/tr\/wp-json\/wp\/v2\/product"}],"about":[{"href":"https:\/\/www.customywear.com\/tr\/wp-json\/wp\/v2\/types\/product"}],"replies":[{"embeddable":true,"href":"https:\/\/www.customywear.com\/tr\/wp-json\/wp\/v2\/comments?post=20496"}],"wp:featuredmedia":[{"embeddable":true,"href":"https:\/\/www.customywear.com\/tr\/wp-json\/wp\/v2\/media\/142637"}],"wp:attachment":[{"href":"https:\/\/www.customywear.com\/tr\/wp-json\/wp\/v2\/media?parent=20496"}],"wp:term":[{"taxonomy":"product_brand","embeddable":true,"href":"https:\/\/www.customywear.com\/tr\/wp-json\/wp\/v2\/product_brand?post=20496"},{"taxonomy":"product_cat","embeddable":true,"href":"https:\/\/www.customywear.com\/tr\/wp-json\/wp\/v2\/product_cat?post=20496"},{"taxonomy":"product_tag","embeddable":true,"href":"https:\/\/www.customywear.com\/tr\/wp-json\/wp\/v2\/product_tag?post=20496"}],"curies":[{"name":"wp","href":"https:\/\/api.w.org\/{rel}","templated":true}]}}