{"id":20564,"date":"2023-07-28T13:37:51","date_gmt":"2023-07-28T13:37:51","guid":{"rendered":"https:\/\/www.customywear.com\/?post_type=product&#038;p=20564"},"modified":"2026-05-05T20:23:37","modified_gmt":"2026-05-05T20:23:37","slug":"ozel-davulcu-fotograf-tisortu","status":"publish","type":"product","link":"https:\/\/www.customywear.com\/tr\/custom-drummer-photo-tshirt\/","title":{"rendered":"Ki\u015fiye \u00d6zel Davulcu Foto\u011frafl\u0131 Ti\u015f\u00f6rt \u2013 Ki\u015fiselle\u015ftirilmi\u015f M\u00fczik Hediyesi"},"content":{"rendered":"<p>Ki\u015fiye \u00d6zel Davulcu Foto\u011fraf Ti\u015f\u00f6rt\u00fcm\u00fczle tarz\u0131n\u0131z\u0131 y\u00fckseltin. Bu, g\u00f6r\u00fcnt\u00fcn\u00fcz\u00fc m\u00fczi\u011fin ritmiyle birle\u015ftiren ki\u015fiselle\u015ftirilmi\u015f bir \u015faheserdir. Zanaatkarlar\u0131m\u0131z foto\u011fraf\u0131n\u0131z\u0131 kullanarak \u00e7arp\u0131c\u0131 vekt\u00f6r portre sanat\u0131 yarat\u0131r ve sizi kusursuz bir \u015fekilde su\u00e7\u00fcst\u00fc yakalanm\u0131\u015f bir davulcuya d\u00f6n\u00fc\u015ft\u00fcr\u00fcr. Bu ki\u015fiye \u00f6zel m\u00fczik ti\u015f\u00f6rt\u00fc, davul tutkunlar\u0131 ve m\u00fczik tutkunlar\u0131 i\u00e7in ideal bir hediye g\u00f6revi g\u00f6r\u00fcr ve giyilebilir sanatta tutkular\u0131n\u0131n \u00f6z\u00fcn\u00fc yakalar. Hassasiyet d\u00fc\u015f\u00fcn\u00fclerek \u00fcretilen, unisex uzun kollu ve k\u0131sa kollu ti\u015f\u00f6rtlerimiz, stilden \u00f6d\u00fcn vermeden konfor sa\u011flamak i\u00e7in tasarlanm\u0131\u015ft\u0131r. Adobe Illustrator ve Adobe Photoshop&#039;un g\u00fcc\u00fcnden yararlanarak foto\u011fraf\u0131n\u0131z\u0131 \u00e7arp\u0131c\u0131 ayr\u0131nt\u0131larla hayata ge\u00e7iriyoruz. Sonu\u00e7, son teknoloji DTG bask\u0131 s\u00fcrecimizden sonra bile parlakl\u0131\u011f\u0131n\u0131 koruyan y\u00fcksek kaliteli bir vekt\u00f6r sanat\u0131d\u0131r. Yeti\u015fkinler, gen\u00e7ler, \u00e7ocuklar ve y\u00fcr\u00fcmeye ba\u015flayan \u00e7ocuklar i\u00e7in mevcut olan ti\u015f\u00f6rt koleksiyonumuz, her ya\u015ftan insan\u0131 benzersiz ki\u015filiklerinin ritmini benimsemeye davet ediyor. Tasar\u0131m tuvalimize insan ve evcil hayvan y\u00fczlerinizi eklerken ki\u015fiselle\u015ftirme d\u00fcnyas\u0131na dal\u0131n. Her ti\u015f\u00f6rt, davul ve m\u00fczi\u011fe olan sevginizi kutlayan bir ba\u011flant\u0131 tuvali haline gelir. Parmaklar\u0131n\u0131z\u0131n ucunda bir dizi benzer tasar\u0131mla, olas\u0131l\u0131klar sonsuzdur. Sanat\u0131n ve ki\u015fisel ifadenin uyumunu ke\u015ffedin ve tutkular\u0131n\u0131z\u0131 giymenin sevincini \u00d6zel Davulcu Foto\u011frafl\u0131 Ti\u015f\u00f6rt\u00fcm\u00fczle payla\u015f\u0131n.<\/p>","protected":false},"excerpt":{"rendered":"<p>\u00d6zel bir davulcu foto\u011fraf ti\u015f\u00f6rt\u00fc ile d\u0131\u015far\u0131 \u00e7\u0131k\u0131n. Ki\u015fiselle\u015ftirilmi\u015f m\u00fczik hediyesi, herhangi bir foto\u011fraf\u0131 benzersiz, m\u00fczik temal\u0131 bir ti\u015f\u00f6rte d\u00f6n\u00fc\u015ft\u00fcr\u00fcr.<\/p>","protected":false},"featured_media":142691,"comment_status":"open","ping_status":"closed","template":"","meta":{"_acf_changed":false},"product_brand":[],"product_cat":[6191,1577,1582,6412,219,1045,6428,75,6353],"product_tag":[6433,1578,1583,1580,238,1106,112],"class_list":{"0":"post-20564","1":"product","2":"type-product","3":"status-publish","4":"has-post-thumbnail","6":"product_cat-t-shirts-women","7":"product_cat-custom-gifts-drummers","8":"product_cat-music","9":"product_cat-photo-to-tees","10":"product_cat-profession","11":"product_cat-retirement","12":"product_cat-translate-products","13":"product_cat-women","14":"product_cat-womens-music-t-shirts","15":"product_tag-ai-artwork","16":"product_tag-gift_for_drummer","17":"product_tag-music","18":"product_tag-music_teacher_shirt","19":"product_tag-profession","20":"product_tag-retirement","21":"product_tag-women","23":"first","24":"instock","25":"taxable","26":"shipping-taxable","27":"purchasable","28":"product-type-simple"},"acf":[],"wcpa_form_fields":null,"_links":{"self":[{"href":"https:\/\/www.customywear.com\/tr\/wp-json\/wp\/v2\/product\/20564","targetHints":{"allow":["GET"]}}],"collection":[{"href":"https:\/\/www.customywear.com\/tr\/wp-json\/wp\/v2\/product"}],"about":[{"href":"https:\/\/www.customywear.com\/tr\/wp-json\/wp\/v2\/types\/product"}],"replies":[{"embeddable":true,"href":"https:\/\/www.customywear.com\/tr\/wp-json\/wp\/v2\/comments?post=20564"}],"wp:featuredmedia":[{"embeddable":true,"href":"https:\/\/www.customywear.com\/tr\/wp-json\/wp\/v2\/media\/142691"}],"wp:attachment":[{"href":"https:\/\/www.customywear.com\/tr\/wp-json\/wp\/v2\/media?parent=20564"}],"wp:term":[{"taxonomy":"product_brand","embeddable":true,"href":"https:\/\/www.customywear.com\/tr\/wp-json\/wp\/v2\/product_brand?post=20564"},{"taxonomy":"product_cat","embeddable":true,"href":"https:\/\/www.customywear.com\/tr\/wp-json\/wp\/v2\/product_cat?post=20564"},{"taxonomy":"product_tag","embeddable":true,"href":"https:\/\/www.customywear.com\/tr\/wp-json\/wp\/v2\/product_tag?post=20564"}],"curies":[{"name":"wp","href":"https:\/\/api.w.org\/{rel}","templated":true}]}}