{"id":20642,"date":"2023-07-28T13:38:54","date_gmt":"2023-07-28T13:38:54","guid":{"rendered":"https:\/\/www.customywear.com\/?post_type=product&#038;p=20642"},"modified":"2026-05-05T20:23:35","modified_gmt":"2026-05-05T20:23:35","slug":"kisisellestirilmis-itfaiyeci-esi-tisortu","status":"publish","type":"product","link":"https:\/\/www.customywear.com\/tr\/personalized-firefighter-wife-shirt\/","title":{"rendered":"Ki\u015fiselle\u015ftirilmi\u015f \u0130tfaiyeci E\u015fi G\u00f6mle\u011fi \u2013 \u00d6zel \u0130tfaiyeci E\u015fi Ti\u015f\u00f6rt\u00fc"},"content":{"rendered":"<p>Ki\u015fiselle\u015ftirilmi\u015f \u0130tfaiyeci E\u015fi G\u00f6mle\u011fimizle itfaiyeci e\u015flerinin sars\u0131lmaz g\u00fcc\u00fcn\u00fc ve ba\u011fl\u0131l\u0131\u011f\u0131n\u0131 kutlay\u0131n, kahramanlar\u0131n ard\u0131ndaki sessiz kahramanlara muhte\u015fem bir \u00f6vg\u00fc. Sanat\u0131n b\u00fcy\u00fcs\u00fcyle, foto\u011fraf\u0131n\u0131z\u0131 sizi korkusuz bir itfaiyecinin sevgili e\u015fi olarak tasvir eden b\u00fcy\u00fcleyici bir vekt\u00f6r portre sanat\u0131na d\u00f6n\u00fc\u015ft\u00fcr\u00fcyoruz. Bu \u00f6zel \u00fcniseks uzun kollu ve k\u0131sa kollu ti\u015f\u00f6rt sadece bir giysi de\u011fil; gurur ve takdirin bir simgesi ve onu itfaiyeci e\u015fleri i\u00e7in en iyi hediye haline getiriyor, minnettarl\u0131\u011f\u0131n\u0131z\u0131 g\u00f6steriyor veya itfaiye toplulu\u011funa hayranl\u0131\u011f\u0131n\u0131z\u0131 ifade ediyor. Adobe Illustrator ve Adobe Photoshop&#039;un parlakl\u0131\u011f\u0131n\u0131 kullanarak, foto\u011fraf\u0131n\u0131z\u0131n her ayr\u0131nt\u0131s\u0131n\u0131 titizlikle i\u015fliyor, ruhunuzun ve ba\u011fl\u0131l\u0131\u011f\u0131n\u0131z\u0131n \u00f6z\u00fcn\u00fc yakal\u0131yoruz. Son teknoloji DTG bask\u0131s\u0131n\u0131 kullanarak, bu muhte\u015fem vekt\u00f6r sanatlar\u0131n\u0131 kuma\u015fa kusursuz bir \u015fekilde bas\u0131yoruz ve ciltler dolusu \u015fey anlatan b\u00fcy\u00fcleyici bir giyilebilir \u015faheser \u00fcretiyoruz. Yeti\u015fkinler, gen\u00e7ler, \u00e7ocuklar ve y\u00fcr\u00fcmeye ba\u015flayan \u00e7ocuklar i\u00e7in mevcut olan bu \u00e7ok y\u00f6nl\u00fc \u00fcniseks ti\u015f\u00f6rt, itfaiyeci ailesinde payla\u015f\u0131lan sevgi ve deste\u011fin \u00f6z\u00fcn\u00fc yakal\u0131yor. De\u011ferli evcil hayvanlar\u0131n\u0131z\u0131n g\u00f6r\u00fcnt\u00fclerini ekleyerek ba\u011f\u0131n\u0131z\u0131 daha da zenginle\u015ftirin ve bu giyilebilir hat\u0131ray\u0131 benzersiz yolculu\u011funuzun ki\u015fiselle\u015ftirilmi\u015f bir sembol\u00fcne y\u00fckseltin. Benzer tasar\u0131mlar\u0131m\u0131z\u0131n \u00e7e\u015fitlili\u011fi, her itfaiyecinin e\u015finin hikayesi i\u00e7in m\u00fckemmel bir uyum sa\u011flayarak bir dizi tema ve duygu sunar. Ki\u015fiselle\u015ftirilmi\u015f \u0130tfaiyeci E\u015fi G\u00f6mle\u011fi, sars\u0131lmaz sevgiye bir \u00f6vg\u00fc, de\u011ferli an\u0131lar i\u00e7in bir tuval ve itfaiyecilerin cesaretine kal\u0131c\u0131 bir sayg\u0131 duru\u015fudur ve hepsi ki\u015fiselle\u015ftirilmi\u015f giyimin zamans\u0131z d\u00fcnyas\u0131nda kaps\u00fcllenmi\u015ftir.<\/p>","protected":false},"excerpt":{"rendered":"<p>Ki\u015fiselle\u015ftirilmi\u015f bir itfaiyeci kar\u0131s\u0131 g\u00f6mle\u011fi ile hizmeti kutlay\u0131n. \u00d6zel \u0130tfaiyeci Wifey Tee, herhangi bir foto\u011fraf\u0131 benzersiz, ki\u015fiselle\u015ftirilmi\u015f bir ti\u015f\u00f6rte d\u00f6n\u00fc\u015ft\u00fcr\u00fcr.<\/p>","protected":false},"featured_media":142747,"comment_status":"open","ping_status":"closed","template":"","meta":{"_acf_changed":false},"product_brand":[],"product_cat":[6191,1856,6412,219,1045,6428,75,6354],"product_tag":[6433,1859,352,238,1106,112],"class_list":{"0":"post-20642","1":"product","2":"type-product","3":"status-publish","4":"has-post-thumbnail","6":"product_cat-t-shirts-women","7":"product_cat-custom-gifts-firefighters","8":"product_cat-photo-to-tees","9":"product_cat-profession","10":"product_cat-retirement","11":"product_cat-translate-products","12":"product_cat-women","13":"product_cat-womens-profession-t-shirts","14":"product_tag-ai-artwork","15":"product_tag-firefighter_shirt","16":"product_tag-honeymoon_shirt","17":"product_tag-profession","18":"product_tag-retirement","19":"product_tag-women","21":"first","22":"instock","23":"taxable","24":"shipping-taxable","25":"purchasable","26":"product-type-simple"},"acf":[],"wcpa_form_fields":null,"_links":{"self":[{"href":"https:\/\/www.customywear.com\/tr\/wp-json\/wp\/v2\/product\/20642","targetHints":{"allow":["GET"]}}],"collection":[{"href":"https:\/\/www.customywear.com\/tr\/wp-json\/wp\/v2\/product"}],"about":[{"href":"https:\/\/www.customywear.com\/tr\/wp-json\/wp\/v2\/types\/product"}],"replies":[{"embeddable":true,"href":"https:\/\/www.customywear.com\/tr\/wp-json\/wp\/v2\/comments?post=20642"}],"wp:featuredmedia":[{"embeddable":true,"href":"https:\/\/www.customywear.com\/tr\/wp-json\/wp\/v2\/media\/142747"}],"wp:attachment":[{"href":"https:\/\/www.customywear.com\/tr\/wp-json\/wp\/v2\/media?parent=20642"}],"wp:term":[{"taxonomy":"product_brand","embeddable":true,"href":"https:\/\/www.customywear.com\/tr\/wp-json\/wp\/v2\/product_brand?post=20642"},{"taxonomy":"product_cat","embeddable":true,"href":"https:\/\/www.customywear.com\/tr\/wp-json\/wp\/v2\/product_cat?post=20642"},{"taxonomy":"product_tag","embeddable":true,"href":"https:\/\/www.customywear.com\/tr\/wp-json\/wp\/v2\/product_tag?post=20642"}],"curies":[{"name":"wp","href":"https:\/\/api.w.org\/{rel}","templated":true}]}}