{"id":20645,"date":"2023-07-28T13:38:56","date_gmt":"2023-07-28T13:38:56","guid":{"rendered":"https:\/\/www.customywear.com\/?post_type=product&#038;p=20645"},"modified":"2026-05-07T15:29:56","modified_gmt":"2026-05-07T15:29:56","slug":"ozel-genc-itfaiyeci-tisort","status":"publish","type":"product","link":"https:\/\/www.customywear.com\/tr\/custom-firefighter-youth-tee\/","title":{"rendered":"\u00d6zel \u0130tfaiyeci Gen\u00e7lik Ti\u015f\u00f6rt\u00fc \u2013 Ki\u015fiselle\u015ftirilmi\u015f Big Brother \u0130tfaiyeci G\u00f6mle\u011fi"},"content":{"rendered":"<p>\u00c7ocu\u011funuzun hayal g\u00fcc\u00fcn\u00fc, \u00e7ocu\u011funuzun foto\u011fraf\u0131n\u0131 b\u00fcy\u00fcleyici bir vekt\u00f6r portresine d\u00f6n\u00fc\u015ft\u00fcren ve onu korkusuz bir itfaiyeci olarak tasvir eden \u00f6zel \u00d6zel \u0130tfaiyeci Gen\u00e7lik Ti\u015f\u00f6rt\u00fcm\u00fczle harekete ge\u00e7irin. Bu \u00f6zel ti\u015f\u00f6rt, en gen\u00e7 kalpleri g\u00fc\u00e7lendirmek ve heyecanland\u0131rmak i\u00e7in tasarlanm\u0131\u015f bir ilham kayna\u011f\u0131 ve ola\u011fan\u00fcst\u00fc bir hediyedir. Adobe Illustrator ve Adobe Photoshop&#039;un yarat\u0131c\u0131 becerisinden yararlanan tasar\u0131m s\u00fcrecimiz, rahat, unisex ti\u015f\u00f6rtler \u00fczerine DTG bask\u0131 yoluyla hayata ge\u00e7irilen y\u00fcksek kaliteli bir vekt\u00f6r sanat\u0131 \u00fcretir. Yeti\u015fkinlere, gen\u00e7lere, \u00e7ocuklara ve y\u00fcr\u00fcmeye ba\u015flayan \u00e7ocuklara y\u00f6nelik boyutlarda mevcut olan bu tasar\u0131m, ister yeni ufuklar ke\u015ffetsin ister gururlu bir a\u011fabey rol\u00fcn\u00fc benimsesin, \u00e7ocu\u011funuzun hayallerinin geli\u015fmesini sa\u011flar. Hem insan hem de evcil hayvan y\u00fczlerini sorunsuz bir \u015fekilde entegre ederek daha fazla ki\u015fiselle\u015ftirmenin potansiyelini ortaya \u00e7\u0131kar\u0131n ve nesiller boyunca yank\u0131lanacak benzersiz bir hat\u0131ra yarat\u0131n. Her biri gen\u00e7lik co\u015fkusunun \u00f6z\u00fcn\u00fc yakalayan, e\u015fit derecede b\u00fcy\u00fcleyici tasar\u0131mlar\u0131m\u0131zla bireyselli\u011fin sanat\u0131n\u0131 ke\u015ffedin. Gen\u00e7lerin ve gen\u00e7 ruhlular\u0131n kalplerindeki cesaret ruhunu ate\u015fleyen bir \u00f6vg\u00fc olan \u00d6zel \u0130tfaiyeci Gen\u00e7lik Ti\u015f\u00f6rt\u00fc ile tarz\u0131n\u0131z\u0131 ve duygular\u0131n\u0131z\u0131 y\u00fckseltin.<\/p>","protected":false},"excerpt":{"rendered":"<p>\u00d6zel bir itfaiyeci gen\u00e7lik ti\u015f\u00f6rt\u00fc ile gen\u00e7 kahramanlara ilham verin. Ki\u015fiselle\u015ftirilmi\u015f Big Brother Fireman g\u00f6mle\u011fi, herhangi bir foto\u011fraf\u0131 e\u011flenceli, benzersiz bir ti\u015f\u00f6rte d\u00f6n\u00fc\u015ft\u00fcr\u00fcr.<\/p>","protected":false},"featured_media":142754,"comment_status":"open","ping_status":"closed","template":"","meta":{"_acf_changed":false},"product_brand":[],"product_cat":[6189,1856,6412,6428],"product_tag":[6433,6439,1859,352],"class_list":{"0":"post-20645","1":"product","2":"type-product","3":"status-publish","4":"has-post-thumbnail","6":"product_cat-boys-t-shirts","7":"product_cat-custom-gifts-firefighters","8":"product_cat-photo-to-tees","9":"product_cat-translate-products","10":"product_tag-ai-artwork","11":"product_tag-ai-kids-artwork","12":"product_tag-firefighter_shirt","13":"product_tag-honeymoon_shirt","15":"first","16":"instock","17":"taxable","18":"shipping-taxable","19":"purchasable","20":"product-type-simple"},"acf":[],"wcpa_form_fields":null,"_links":{"self":[{"href":"https:\/\/www.customywear.com\/tr\/wp-json\/wp\/v2\/product\/20645","targetHints":{"allow":["GET"]}}],"collection":[{"href":"https:\/\/www.customywear.com\/tr\/wp-json\/wp\/v2\/product"}],"about":[{"href":"https:\/\/www.customywear.com\/tr\/wp-json\/wp\/v2\/types\/product"}],"replies":[{"embeddable":true,"href":"https:\/\/www.customywear.com\/tr\/wp-json\/wp\/v2\/comments?post=20645"}],"wp:featuredmedia":[{"embeddable":true,"href":"https:\/\/www.customywear.com\/tr\/wp-json\/wp\/v2\/media\/142754"}],"wp:attachment":[{"href":"https:\/\/www.customywear.com\/tr\/wp-json\/wp\/v2\/media?parent=20645"}],"wp:term":[{"taxonomy":"product_brand","embeddable":true,"href":"https:\/\/www.customywear.com\/tr\/wp-json\/wp\/v2\/product_brand?post=20645"},{"taxonomy":"product_cat","embeddable":true,"href":"https:\/\/www.customywear.com\/tr\/wp-json\/wp\/v2\/product_cat?post=20645"},{"taxonomy":"product_tag","embeddable":true,"href":"https:\/\/www.customywear.com\/tr\/wp-json\/wp\/v2\/product_tag?post=20645"}],"curies":[{"name":"wp","href":"https:\/\/api.w.org\/{rel}","templated":true}]}}