{"id":20646,"date":"2023-07-28T13:38:57","date_gmt":"2023-07-28T13:38:57","guid":{"rendered":"https:\/\/www.customywear.com\/?post_type=product&#038;p=20646"},"modified":"2026-05-07T15:29:56","modified_gmt":"2026-05-07T15:29:56","slug":"kisisellestirilmis-itfaiyeci-genclik-tisortu","status":"publish","type":"product","link":"https:\/\/www.customywear.com\/tr\/personalized-firefighter-youth-tee\/","title":{"rendered":"Ki\u015fiselle\u015ftirilmi\u015f \u0130tfaiyeci Gen\u00e7lik Ti\u015f\u00f6rt\u00fc \u2013 Foto\u011fraf\u0131n\u0131z\u0131 \u00d6zel \u0130tfaiyeci Ti\u015f\u00f6rt\u00fcne D\u00f6n\u00fc\u015ft\u00fcr\u00fcn"},"content":{"rendered":"<p>Ki\u015fiselle\u015ftirilmi\u015f \u0130tfaiyeci Gen\u00e7lik Ti\u015f\u00f6rt\u00fcm\u00fczle k\u00fc\u00e7\u00fck kahraman\u0131n\u0131z\u0131n stilini y\u00fckseltin, hayal g\u00fcc\u00fc ve sanat\u0131n b\u00fcy\u00fcleyici bir kar\u0131\u015f\u0131m\u0131. Tasar\u0131m uzmanlar\u0131m\u0131z, \u00e7ocu\u011funuzun foto\u011fraf\u0131n\u0131 kullanarak y\u00fcksek kaliteli bir vekt\u00f6r portresini ustal\u0131kla olu\u015fturur ve onu kusursuz bir \u015fekilde cesur bir itfaiyeciye d\u00f6n\u00fc\u015ft\u00fcr\u00fcr. Bu \u00f6zel ti\u015f\u00f6rt sadece ilham vermekle kalmaz, ayn\u0131 zamanda gen\u00e7likteki cesaret ruhunu da kutlar. Yeti\u015fkinlerden k\u00fc\u00e7\u00fck \u00e7ocuklara kadar her ya\u015f i\u00e7in ideal olan \u00d6zel \u0130tfaiyeci Ti\u015f\u00f6rt\u00fcm\u00fcz, Adobe Illustrator ve Adobe Photoshop uzmanl\u0131\u011f\u0131n\u0131n sinerjisinden do\u011fan bir \u015faheserdir. Sonu\u00e7, canl\u0131l\u0131kla yank\u0131lanan dinamik bir DTG bask\u0131l\u0131 sanat eseridir. B\u00fcy\u00fcleyici tasar\u0131m\u0131n \u00f6tesinde, ti\u015f\u00f6rt\u00fcm\u00fcz unisex bir uyumla sunulan en \u00fcst d\u00fczeyde konfor ve \u00e7ok y\u00f6nl\u00fcl\u00fck sunar. \u0130ster ablan\u0131z, ister gen\u00e7 bir itfaiye tutkunu veya minik bir yavru i\u00e7in olsun, bu ki\u015fiselle\u015ftirilmi\u015f \u015faheser silinmez bir iz b\u0131rakan anlaml\u0131 bir hediyedir. Foto\u011fraflar\u0131n giyilebilir sanat olarak canland\u0131\u011f\u0131 bir d\u00fcnyay\u0131 ke\u015ffedin, sizi \u00e7e\u015fitli tasar\u0131mlar\u0131m\u0131z\u0131 ke\u015ffetmeye davet ediyoruz. Her biri yarat\u0131c\u0131l\u0131k ve zanaatkarl\u0131\u011f\u0131n birle\u015fiminin kan\u0131t\u0131 olan bir dizi se\u00e7enek aras\u0131ndan se\u00e7im yap\u0131n. Gen\u00e7lerden yeti\u015fkinlere, bu \u00f6zel ti\u015f\u00f6rt koleksiyonu birlik ve bireysellik duygusunu ate\u015fleyerek ki\u015fiselle\u015ftirilmi\u015f ifade i\u00e7in ortak bir takdiri te\u015fvik eder. Her ti\u015f\u00f6rt, gelecek y\u0131llarda sohbetleri ate\u015fleme ve ilham verme s\u00f6z\u00fc veren de\u011ferli bir an\u0131 tuvali haline gelirken, hediye verme ve alma sevincini ya\u015fay\u0131n.<\/p>","protected":false},"excerpt":{"rendered":"<p>Ki\u015fiselle\u015ftirilmi\u015f bir itfaiyeci gen\u00e7lik ti\u015f\u00f6rt\u00fc ile cesareti kutlay\u0131n. Foto\u011fraf\u0131n\u0131z\u0131 benzersiz bir \u00f6zel itfaiyeci ti\u015f\u00f6rt\u00fcne d\u00f6n\u00fc\u015ft\u00fcr\u00fcn.<\/p>","protected":false},"featured_media":142761,"comment_status":"open","ping_status":"closed","template":"","meta":{"_acf_changed":false},"product_brand":[],"product_cat":[6193,1856,6412,6428,58],"product_tag":[6433,6439,1859],"class_list":{"0":"post-20646","1":"product","2":"type-product","3":"status-publish","4":"has-post-thumbnail","6":"product_cat-girls-t-shirts","7":"product_cat-custom-gifts-firefighters","8":"product_cat-photo-to-tees","9":"product_cat-translate-products","10":"product_cat-youth-kids","11":"product_tag-ai-artwork","12":"product_tag-ai-kids-artwork","13":"product_tag-firefighter_shirt","15":"first","16":"instock","17":"taxable","18":"shipping-taxable","19":"purchasable","20":"product-type-simple"},"acf":[],"wcpa_form_fields":null,"_links":{"self":[{"href":"https:\/\/www.customywear.com\/tr\/wp-json\/wp\/v2\/product\/20646","targetHints":{"allow":["GET"]}}],"collection":[{"href":"https:\/\/www.customywear.com\/tr\/wp-json\/wp\/v2\/product"}],"about":[{"href":"https:\/\/www.customywear.com\/tr\/wp-json\/wp\/v2\/types\/product"}],"replies":[{"embeddable":true,"href":"https:\/\/www.customywear.com\/tr\/wp-json\/wp\/v2\/comments?post=20646"}],"wp:featuredmedia":[{"embeddable":true,"href":"https:\/\/www.customywear.com\/tr\/wp-json\/wp\/v2\/media\/142761"}],"wp:attachment":[{"href":"https:\/\/www.customywear.com\/tr\/wp-json\/wp\/v2\/media?parent=20646"}],"wp:term":[{"taxonomy":"product_brand","embeddable":true,"href":"https:\/\/www.customywear.com\/tr\/wp-json\/wp\/v2\/product_brand?post=20646"},{"taxonomy":"product_cat","embeddable":true,"href":"https:\/\/www.customywear.com\/tr\/wp-json\/wp\/v2\/product_cat?post=20646"},{"taxonomy":"product_tag","embeddable":true,"href":"https:\/\/www.customywear.com\/tr\/wp-json\/wp\/v2\/product_tag?post=20646"}],"curies":[{"name":"wp","href":"https:\/\/api.w.org\/{rel}","templated":true}]}}