{"id":20679,"date":"2023-07-28T13:39:32","date_gmt":"2023-07-28T13:39:32","guid":{"rendered":"https:\/\/www.customywear.com\/?post_type=product&#038;p=20679"},"modified":"2026-05-05T20:24:11","modified_gmt":"2026-05-05T20:24:11","slug":"ozel-gym-polo-vintage-kas","status":"publish","type":"product","link":"https:\/\/www.customywear.com\/tr\/personalized-gym-shirts-vintage-muscle\/","title":{"rendered":"Ki\u015fiselle\u015ftirilmi\u015f Spor Ti\u015f\u00f6rtleri \u2013 Foto\u011fraf\u0131n\u0131zla Vintage Kas Egzersizi Ti\u015f\u00f6rt\u00fc"},"content":{"rendered":"<p>Ki\u015fiselle\u015ftirilmi\u015f Spor Ti\u015f\u00f6rtlerimizle spor k\u0131yafetlerinizi bir \u00fcst seviyeye ta\u015f\u0131y\u0131n, vintage esteti\u011fin ve ki\u015fiselle\u015ftirilmi\u015f tarz\u0131n kusursuz bir birle\u015fimi. Foto\u011fraf\u0131n\u0131z\u0131 ilham kayna\u011f\u0131 olarak kullanarak, sizi kasl\u0131 bir ikona d\u00f6n\u00fc\u015ft\u00fcren ve damb\u0131llarla \u00e7al\u0131\u015fmaya olan ba\u011fl\u0131l\u0131\u011f\u0131n\u0131z\u0131 sergileyen dinamik bir vekt\u00f6r portre sanat\u0131 yarat\u0131yoruz. Bu \u00f6zel foto\u011fraf ti\u015f\u00f6rt\u00fc, v\u00fccut geli\u015ftirme tutkunlar\u0131na ve spor salonu merakl\u0131lar\u0131na bir \u00f6vg\u00fcd\u00fcr ve onu en iyi egzersiz arkada\u015f\u0131 ve fitness sanat\u0131n\u0131 takdir edenler i\u00e7in d\u00fc\u015f\u00fcnceli bir hediye haline getirir.<\/p>\n<p>Adobe Illustrator ve Adobe Photoshop&#039;un yarat\u0131c\u0131 g\u00fcc\u00fcnden yararlanarak, vintage kas ilham\u0131n\u0131n \u00f6z\u00fcn\u00fc yakalayan y\u00fcksek kaliteli vekt\u00f6r sanatlar\u0131n\u0131 titizlikle tasarl\u0131yoruz. Geli\u015fmi\u015f DTG bask\u0131 tekni\u011fimiz, yeti\u015fkinlere, gen\u00e7lere, \u00e7ocuklara ve y\u00fcr\u00fcmeye ba\u015flayan \u00e7ocuklara hitap eden hem unisex uzun kollu hem de k\u0131sa kollu ti\u015f\u00f6rtlerde kal\u0131c\u0131 ve canl\u0131 tasar\u0131mlar sa\u011flar. Her bir tasar\u0131m\u0131 insan ve evcil hayvan y\u00fczlerinin cazibesiyle doldururken ki\u015fiselle\u015ftirme alan\u0131n\u0131 kucaklay\u0131n ve benzersiz ve ilham verici bir fitness ifadesi yarat\u0131n.<\/p>\n<p>\u00c7e\u015fitli spor temal\u0131 tasar\u0131mlar\u0131m\u0131zla vintage cazibesi ve modern ki\u015fiselle\u015ftirmenin uyumlu kar\u0131\u015f\u0131m\u0131n\u0131 deneyimleyin, her biri fitness yolculu\u011funuza olan ba\u011fl\u0131l\u0131\u011f\u0131n\u0131z\u0131n kan\u0131t\u0131d\u0131r. Bu ki\u015fiselle\u015ftirilmi\u015f egzersiz ti\u015f\u00f6rtleri s\u0131radan k\u0131yafetlerin \u00f6tesine ge\u00e7erek fitness tutkunuz i\u00e7in bir tuval g\u00f6revi g\u00f6r\u00fcr ve ba\u015fkalar\u0131n\u0131 kendi sa\u011fl\u0131k aray\u0131\u015flar\u0131na ba\u015flamaya motive eder. \u0130ster a\u011f\u0131rl\u0131k kald\u0131r\u0131n, ister spor salonuna gidin veya a\u00e7\u0131k hava maceralar\u0131 aray\u0131n, ki\u015fiselle\u015ftirilmi\u015f spor ti\u015f\u00f6rt\u00fcn\u00fcz\u00fcn sa\u011fl\u0131\u011fa olan ba\u011fl\u0131l\u0131\u011f\u0131n\u0131z\u0131n bir yans\u0131mas\u0131 olmas\u0131na izin verin ve benzersiz fitness hikayenizi anlatan giyilebilir sanat eserleri giyin.<\/p>","protected":false},"excerpt":{"rendered":"<p>Vintage g\u00fcc\u00fcn\u00fc ki\u015fiselle\u015ftirilmi\u015f spor g\u00f6mlekleriyle kutlay\u0131n. Muscle Workout Tees, herhangi bir foto\u011fraf\u0131 cesur, retro esintili bir ti\u015f\u00f6rte d\u00f6n\u00fc\u015ft\u00fcr\u00fcr.<\/p>","protected":false},"featured_media":143247,"comment_status":"open","ping_status":"closed","template":"","meta":{"_acf_changed":false},"product_brand":[],"product_cat":[6195,526,186,6337,6412,6428],"product_tag":[6433,6217,6165,546,6216],"class_list":{"0":"post-20679","1":"product","2":"type-product","3":"status-publish","4":"has-post-thumbnail","6":"product_cat-t-shirts-men","7":"product_cat-gym-shirts","8":"product_cat-men","9":"product_cat-mens-gym-t-shirts","10":"product_cat-photo-to-tees","11":"product_cat-translate-products","12":"product_tag-ai-artwork","13":"product_tag-custom-t-shirt","14":"product_tag-custom-gym-tees","15":"product_tag-gym","16":"product_tag-mens-custom-t-shirts","18":"first","19":"instock","20":"taxable","21":"shipping-taxable","22":"purchasable","23":"product-type-simple"},"acf":[],"wcpa_form_fields":null,"_links":{"self":[{"href":"https:\/\/www.customywear.com\/tr\/wp-json\/wp\/v2\/product\/20679","targetHints":{"allow":["GET"]}}],"collection":[{"href":"https:\/\/www.customywear.com\/tr\/wp-json\/wp\/v2\/product"}],"about":[{"href":"https:\/\/www.customywear.com\/tr\/wp-json\/wp\/v2\/types\/product"}],"replies":[{"embeddable":true,"href":"https:\/\/www.customywear.com\/tr\/wp-json\/wp\/v2\/comments?post=20679"}],"wp:featuredmedia":[{"embeddable":true,"href":"https:\/\/www.customywear.com\/tr\/wp-json\/wp\/v2\/media\/143247"}],"wp:attachment":[{"href":"https:\/\/www.customywear.com\/tr\/wp-json\/wp\/v2\/media?parent=20679"}],"wp:term":[{"taxonomy":"product_brand","embeddable":true,"href":"https:\/\/www.customywear.com\/tr\/wp-json\/wp\/v2\/product_brand?post=20679"},{"taxonomy":"product_cat","embeddable":true,"href":"https:\/\/www.customywear.com\/tr\/wp-json\/wp\/v2\/product_cat?post=20679"},{"taxonomy":"product_tag","embeddable":true,"href":"https:\/\/www.customywear.com\/tr\/wp-json\/wp\/v2\/product_tag?post=20679"}],"curies":[{"name":"wp","href":"https:\/\/api.w.org\/{rel}","templated":true}]}}