{"id":20691,"date":"2023-07-28T13:39:40","date_gmt":"2023-07-28T13:39:40","guid":{"rendered":"https:\/\/www.customywear.com\/?post_type=product&#038;p=20691"},"modified":"2026-05-05T20:24:11","modified_gmt":"2026-05-05T20:24:11","slug":"ozel-geleneksel-hint-elbise-tisortu","status":"publish","type":"product","link":"https:\/\/www.customywear.com\/tr\/custom-traditional-indian-dress-t-shirt\/","title":{"rendered":"Custom Taj Mahal travel T-Shirt &#8211; Personalized India traveller t-shirts"},"content":{"rendered":"<p>B\u00fcy\u00fcleyici \u00d6zel Geleneksel Hint Elbise Ti\u015f\u00f6rt\u00fcm\u00fczle k\u00fclt\u00fcrel bir yolculu\u011fa \u00e7\u0131k\u0131n. Uzman sanat\u00e7\u0131l\u0131\u011f\u0131m\u0131z ve birinci s\u0131n\u0131f vekt\u00f6r tasar\u0131m\u0131m\u0131z sayesinde foto\u011fraf\u0131n\u0131z, geleneksel Hint k\u0131yafetlerinin zarafetiyle s\u00fcslenmi\u015f m\u00fckemmel bir tasvirinize kusursuz bir \u015fekilde entegre edilir. Bu \u00f6zel ti\u015f\u00f6rt, Hint sanat\u0131n\u0131n g\u00fczelli\u011fini kutlar ve tutkulu seyahat tutkunlar\u0131 i\u00e7in ideal bir hediye g\u00f6revi g\u00f6r\u00fcr. Yetenekli zanaatkarlar\u0131m\u0131z, geleneksel Hint k\u0131yafetinin her ince ayr\u0131nt\u0131s\u0131n\u0131 yakalayan canl\u0131 ve ger\u00e7ek\u00e7i bir vekt\u00f6r portresi olu\u015fturmak i\u00e7in Adobe Illustrator ve Adobe Photoshop&#039;u kullan\u0131r. K\u0131sa kollu veya uzun kollu bir ti\u015f\u00f6rt se\u00e7meniz fark etmeksizin, bu \u00fcniseks \u015faheser t\u00fcm ya\u015f gruplar\u0131na hitap eder - yeti\u015fkinler, gen\u00e7ler, \u00e7ocuklar ve y\u00fcr\u00fcmeye ba\u015flayan \u00e7ocuklar. Sadece bir ti\u015f\u00f6rt olman\u0131n \u00f6tesinde, k\u00fclt\u00fcrel ke\u015fiflere ve k\u00fcresel deneyimlere olan sevginizi somutla\u015ft\u0131ran giyilebilir bir tuvaldir. Bu tasar\u0131m\u0131 \u00e7e\u015fitli insan ve evcil hayvan y\u00fczleriyle ki\u015fiselle\u015ftirerek ti\u015f\u00f6rt oyununuzu bir \u00fcst seviyeye ta\u015f\u0131y\u0131n. Son teknoloji DTG bask\u0131 teknolojimiz canl\u0131 renkler ve kal\u0131c\u0131 kalite sa\u011flar. Kendinizi Hint miras\u0131n\u0131n cazibesine kapt\u0131r\u0131n ve sanat\u0131na ve geleneklerine olan ba\u011flant\u0131n\u0131z\u0131 gururla sergileyin. \u00c7e\u015fitli k\u00fclt\u00fcrlere ve tutkulara sayg\u0131 duru\u015funda bulunan benzer tasar\u0131mlar\u0131n bir dizisini ke\u015ffedin. Hindistan&#039;\u0131n zengin k\u00fclt\u00fcrel dokusunun ruhunu yans\u0131tan bu ki\u015fiselle\u015ftirilmi\u015f ti\u015f\u00f6rt ile gard\u0131robunuzun seyahat sevginiz ve k\u00fcresel \u00e7e\u015fitlili\u011fe olan takdiriniz hakk\u0131nda ciltler dolusu \u015fey s\u00f6ylemesine izin verin.<\/p>","protected":false},"excerpt":{"rendered":"<p>K\u00fclt\u00fcr\u00fc \u00f6zel bir geleneksel Hint elbise ti\u015f\u00f6rt\u00fc ile kutlay\u0131n. Seyahat tutkunlar\u0131 i\u00e7in ki\u015fiselle\u015ftirilmi\u015f foto\u011frafl\u0131 ti\u015f\u00f6rt, herhangi bir foto\u011fraf\u0131 benzersiz, k\u00fclt\u00fcrel ilhaml\u0131 bir ti\u015f\u00f6rte d\u00f6n\u00fc\u015ft\u00fcr\u00fcyor.<\/p>","protected":false},"featured_media":142864,"comment_status":"open","ping_status":"closed","template":"","meta":{"_acf_changed":false},"product_brand":[],"product_cat":[6195,6264,186,6345,6412,6428],"product_tag":[6433,2309,2314,6216,70,209],"class_list":{"0":"post-20691","1":"product","2":"type-product","3":"status-publish","4":"has-post-thumbnail","6":"product_cat-t-shirts-men","7":"product_cat-custom-gifts-indian-culture","8":"product_cat-men","9":"product_cat-mens-country-culture-t-shirts","10":"product_cat-photo-to-tees","11":"product_cat-translate-products","12":"product_tag-ai-artwork","13":"product_tag-diwali_gift","14":"product_tag-indian_wedding","15":"product_tag-mens-custom-t-shirts","16":"product_tag-travel_gift","17":"product_tag-travel_lover_gift","19":"first","20":"instock","21":"taxable","22":"shipping-taxable","23":"purchasable","24":"product-type-simple"},"acf":[],"wcpa_form_fields":null,"_links":{"self":[{"href":"https:\/\/www.customywear.com\/tr\/wp-json\/wp\/v2\/product\/20691","targetHints":{"allow":["GET"]}}],"collection":[{"href":"https:\/\/www.customywear.com\/tr\/wp-json\/wp\/v2\/product"}],"about":[{"href":"https:\/\/www.customywear.com\/tr\/wp-json\/wp\/v2\/types\/product"}],"replies":[{"embeddable":true,"href":"https:\/\/www.customywear.com\/tr\/wp-json\/wp\/v2\/comments?post=20691"}],"wp:featuredmedia":[{"embeddable":true,"href":"https:\/\/www.customywear.com\/tr\/wp-json\/wp\/v2\/media\/142864"}],"wp:attachment":[{"href":"https:\/\/www.customywear.com\/tr\/wp-json\/wp\/v2\/media?parent=20691"}],"wp:term":[{"taxonomy":"product_brand","embeddable":true,"href":"https:\/\/www.customywear.com\/tr\/wp-json\/wp\/v2\/product_brand?post=20691"},{"taxonomy":"product_cat","embeddable":true,"href":"https:\/\/www.customywear.com\/tr\/wp-json\/wp\/v2\/product_cat?post=20691"},{"taxonomy":"product_tag","embeddable":true,"href":"https:\/\/www.customywear.com\/tr\/wp-json\/wp\/v2\/product_tag?post=20691"}],"curies":[{"name":"wp","href":"https:\/\/api.w.org\/{rel}","templated":true}]}}