{"id":20708,"date":"2023-07-28T13:39:53","date_gmt":"2023-07-28T13:39:53","guid":{"rendered":"https:\/\/www.customywear.com\/?post_type=product&#038;p=20708"},"modified":"2026-05-05T20:24:11","modified_gmt":"2026-05-05T20:24:11","slug":"ozel-japon-erkek-tisortu","status":"publish","type":"product","link":"https:\/\/www.customywear.com\/tr\/custom-japanese-man-t-shirt\/","title":{"rendered":"Travel to Japan t-shirt for men &#8211; Personalized Asia Travel Gift"},"content":{"rendered":"<p>Benzersiz Ki\u015fiselle\u015ftirilmi\u015f Japon Adam Ti\u015f\u00f6rt\u00fcm\u00fczle ola\u011fan\u00fcst\u00fcy\u00fc deneyimleyin, de\u011ferli foto\u011fraf\u0131n\u0131z\u0131 \u00e7arp\u0131c\u0131 bir vekt\u00f6r portre sanat\u0131 \u015faheserine d\u00f6n\u00fc\u015ft\u00fcrmek i\u00e7in titizlikle haz\u0131rlanm\u0131\u015ft\u0131r. Uzman sanat\u00e7\u0131lar\u0131m\u0131z modern tasar\u0131m\u0131 zamans\u0131z zarafetle ustaca harmanlarken kendinizi geleneksel Japon k\u0131yafetlerinin cazibesine kapt\u0131r\u0131n. Bu \u00f6zel ti\u015f\u00f6rt sadece bir giysi de\u011fil; sanat ve k\u00fclt\u00fcr yolculu\u011fu, hem bireyselli\u011finizi hem de Japonya&#039;n\u0131n zengin miras\u0131na olan ba\u011flant\u0131n\u0131z\u0131 kutlayan giyilebilir bir an\u0131. Adobe Illustrator ve Adobe Photoshop&#039;un hassasiyetiyle desteklenen tasar\u0131m s\u00fcrecimiz, vizyonunuzu hayata ge\u00e7iren e\u015fsiz bir ayr\u0131nt\u0131 d\u00fczeyi garanti eder. Sonu\u00e7? Ge\u00e7mi\u015fin \u00f6z\u00fcn\u00fc yakalarken bug\u00fcn\u00fc kucaklayan y\u00fcksek kaliteli bir vekt\u00f6r sanat\u0131 yarat\u0131m\u0131. \u0130ster hevesli bir gezgin olun, ister k\u00fclt\u00fcr merakl\u0131s\u0131 olun veya sadece s\u0131ra d\u0131\u015f\u0131 bir hediye ar\u0131yor olun, birinci s\u0131n\u0131f vekt\u00f6r sanat\u0131na sahip bu ki\u015fiselle\u015ftirilmi\u015f ti\u015f\u00f6rt m\u00fckemmel bir uyumdur. Sadece yeti\u015fkinler i\u00e7in de\u011fil, ayn\u0131 zamanda gen\u00e7lerin, \u00e7ocuklar\u0131n ve y\u00fcr\u00fcmeye ba\u015flayan \u00e7ocuklar\u0131n zevklerine de hitap eden bu unisex tasar\u0131m\u0131n \u00e7ok y\u00f6nl\u00fcl\u00fc\u011f\u00fcn\u00fcn tad\u0131n\u0131 \u00e7\u0131kar\u0131n. M\u00fckemmelli\u011fe olan ba\u011fl\u0131l\u0131\u011f\u0131m\u0131z, zaman\u0131n testinden ge\u00e7en canl\u0131, solmaya dayan\u0131kl\u0131 renkler sa\u011flayan DTG bask\u0131 tekni\u011fimize kadar uzan\u0131r. \u0130nsan ve evcil hayvan y\u00fczlerini dahil ederek ki\u015fisel dokunu\u015funuzu ekleme potansiyelini a\u00e7\u0131\u011fa \u00e7\u0131kar\u0131n ve ger\u00e7ekten ki\u015fiye \u00f6zel giyilebilir bir sanat eseri yarat\u0131n. Bu koleksiyonu ke\u015ffederken, her biri bireysel ifadenize g\u00f6re uyarlanmay\u0131 bekleyen say\u0131s\u0131z benzer tasar\u0131m ke\u015ffedeceksiniz. Ki\u015fiselle\u015ftirilmi\u015f moday\u0131 yeniden tan\u0131mlay\u0131n ve att\u0131\u011f\u0131n\u0131z her ad\u0131mda yeni bir sanat seviyesini kucaklay\u0131n.<\/p>","protected":false},"excerpt":{"rendered":"<p>\u00d6zel bir Japon erkek ti\u015f\u00f6rt\u00fc ile an\u0131lar\u0131 canland\u0131r\u0131n. Foto\u011fraf\u0131n\u0131z\u0131, benzersiz bir hat\u0131ra i\u00e7in ki\u015fiselle\u015ftirilmi\u015f bir seyahat hediye ti\u015f\u00f6rt\u00fcne d\u00f6n\u00fc\u015ft\u00fcr\u00fcn.<\/p>","protected":false},"featured_media":142892,"comment_status":"open","ping_status":"closed","template":"","meta":{"_acf_changed":false},"product_brand":[],"product_cat":[6195,2341,186,6345,6412,6428],"product_tag":[6433,193,2342,555,556,2345,6216,209],"class_list":{"0":"post-20708","1":"product","2":"type-product","3":"status-publish","4":"has-post-thumbnail","6":"product_cat-t-shirts-men","7":"product_cat-custom-gifts-japanese-tradition","8":"product_cat-men","9":"product_cat-mens-country-culture-t-shirts","10":"product_cat-photo-to-tees","11":"product_cat-translate-products","12":"product_tag-ai-artwork","13":"product_tag-boyfriend_gift","14":"product_tag-custom-arts-japanese","15":"product_tag-harajuku_shirt","16":"product_tag-japanese_shirt","17":"product_tag-kpop_shirt","18":"product_tag-mens-custom-t-shirts","19":"product_tag-travel_lover_gift","21":"first","22":"instock","23":"taxable","24":"shipping-taxable","25":"purchasable","26":"product-type-simple"},"acf":[],"wcpa_form_fields":null,"_links":{"self":[{"href":"https:\/\/www.customywear.com\/tr\/wp-json\/wp\/v2\/product\/20708","targetHints":{"allow":["GET"]}}],"collection":[{"href":"https:\/\/www.customywear.com\/tr\/wp-json\/wp\/v2\/product"}],"about":[{"href":"https:\/\/www.customywear.com\/tr\/wp-json\/wp\/v2\/types\/product"}],"replies":[{"embeddable":true,"href":"https:\/\/www.customywear.com\/tr\/wp-json\/wp\/v2\/comments?post=20708"}],"wp:featuredmedia":[{"embeddable":true,"href":"https:\/\/www.customywear.com\/tr\/wp-json\/wp\/v2\/media\/142892"}],"wp:attachment":[{"href":"https:\/\/www.customywear.com\/tr\/wp-json\/wp\/v2\/media?parent=20708"}],"wp:term":[{"taxonomy":"product_brand","embeddable":true,"href":"https:\/\/www.customywear.com\/tr\/wp-json\/wp\/v2\/product_brand?post=20708"},{"taxonomy":"product_cat","embeddable":true,"href":"https:\/\/www.customywear.com\/tr\/wp-json\/wp\/v2\/product_cat?post=20708"},{"taxonomy":"product_tag","embeddable":true,"href":"https:\/\/www.customywear.com\/tr\/wp-json\/wp\/v2\/product_tag?post=20708"}],"curies":[{"name":"wp","href":"https:\/\/api.w.org\/{rel}","templated":true}]}}