{"id":20724,"date":"2023-07-28T13:40:09","date_gmt":"2023-07-28T13:40:09","guid":{"rendered":"https:\/\/www.customywear.com\/?post_type=product&#038;p=20724"},"modified":"2026-05-13T19:50:35","modified_gmt":"2026-05-13T19:50:35","slug":"ozel-kore-cift-tisortleri","status":"publish","type":"product","link":"https:\/\/www.customywear.com\/tr\/custom-korean-couples-tees\/","title":{"rendered":"Ki\u015fiye \u00d6zel Kore \u00c7ift G\u00f6mlekleri \u2013 Ki\u015fiselle\u015ftirilmi\u015f Kore Geleneksel Hediyesi"},"content":{"rendered":"<p>Kore geleneklerinin cazibesine sayg\u0131 duru\u015funda bulunan ki\u015fiselle\u015ftirilmi\u015f hazineler olan \u00d6zel Kore \u00c7ift G\u00f6mleklerimizle k\u00fclt\u00fcrel g\u00fczelli\u011fe dal\u0131n. Foto\u011fraflar\u0131n\u0131z, Adobe Illustrator kullan\u0131larak uzmanca b\u00fcy\u00fcleyici vekt\u00f6r portrelerine d\u00f6n\u00fc\u015ft\u00fcr\u00fcl\u00fcr ve siz ve e\u015finiz zarif Kore geleneksel k\u0131yafetleriyle s\u00fcslenir. Bu \u00f6zel ti\u015f\u00f6rt, \u00e7e\u015fitli k\u00fclt\u00fcrleri benimseyenler i\u00e7in nihai hediye olarak \u00f6ne \u00e7\u0131kar ve onu en yak\u0131n arkada\u015flar, Kore tutkunlar\u0131 veya Kore&#039;nin cazibesine kap\u0131lan herkes i\u00e7in d\u00fc\u015f\u00fcnceli bir se\u00e7im haline getirir. Tasar\u0131m s\u00fcrecimiz, ger\u00e7ek bir \u015faheser yaratmak i\u00e7in hem Adobe Illustrator hem de Adobe Photoshop&#039;u kullanarak ayr\u0131nt\u0131lara titizlikle dikkat etmeyi i\u00e7erir. Son teknoloji DTG bask\u0131 kullanan bu ti\u015f\u00f6rtler, g\u00f6rsel olarak \u00e7arp\u0131c\u0131 ve uzun \u00f6m\u00fcrl\u00fc olacak \u015fekilde tasarlanm\u0131\u015f y\u00fcksek kaliteli vekt\u00f6r sanat\u0131 sergiler. Yeti\u015fkinler, gen\u00e7ler, \u00e7ocuklar ve y\u00fcr\u00fcmeye ba\u015flayan \u00e7ocuklar i\u00e7in se\u00e7enekler sunan bu tasar\u0131m, her ya\u015f grubuna hitap ederek her k\u00fclt\u00fcr seven birey i\u00e7in m\u00fckemmel bir uyum sa\u011flar. Hem insanlar\u0131n hem de sevilen evcil hayvanlar\u0131n y\u00fczlerini ekleyerek ki\u015fiselle\u015ftirme potansiyelini ortaya \u00e7\u0131kar\u0131n. Koleksiyonumuz, her biri k\u00fclt\u00fcrel takdirin ve ortak ilgi alanlar\u0131n\u0131n \u00f6z\u00fcn\u00fc yakalayan \u00e7e\u015fitli tasar\u0131mlara sahiptir. Arkada\u015fl\u0131klar\u0131 kutlay\u0131n, \u00f6zel g\u00fcnleri kutlay\u0131n veya benzersiz yolculu\u011funuzla yank\u0131lanan giyilebilir bir sanat eseriyle Kore geleneklerinin g\u00fczelli\u011fine olan sevginizi ifade edin. \u00c7e\u015fitlili\u011fi, miras\u0131 ve farkl\u0131 k\u00fclt\u00fcrleri benimsemenin g\u00fczelli\u011fini kutlayan ki\u015fiselle\u015ftirilmi\u015f ti\u015f\u00f6rtler hediye etmenin keyfini \u00e7\u0131kar\u0131n.<\/p>","protected":false},"excerpt":{"rendered":"<p>\u00d6zel Koreli \u00e7iftler g\u00f6mlekleri ile Kore miras\u0131n\u0131 kutlay\u0131n. Ki\u015fiselle\u015ftirilmi\u015f Korece geleneksel hediyeler, foto\u011fraflar\u0131n\u0131z\u0131 benzersiz, e\u015fle\u015fen ti\u015f\u00f6rtlere d\u00f6n\u00fc\u015ft\u00fcr\u00fcr.<\/p>","protected":false},"featured_media":143923,"comment_status":"open","ping_status":"closed","template":"","meta":{"_acf_changed":false},"product_brand":[],"product_cat":[6197,6368,2421,6412,6428],"product_tag":[6440,2422,352,2345,968],"class_list":{"0":"post-20724","1":"product","2":"type-product","3":"status-publish","4":"has-post-thumbnail","6":"product_cat-t-shirts-couple","7":"product_cat-couples-culture-country-t-shirts","8":"product_cat-custom-gifts-korean-culture","9":"product_cat-photo-to-tees","10":"product_cat-translate-products","11":"product_tag-ai-artwork-couple","12":"product_tag-custom-arts-korean","13":"product_tag-honeymoon_shirt","14":"product_tag-kpop_shirt","15":"product_tag-mr_and_mrs_shirt","17":"first","18":"instock","19":"taxable","20":"shipping-taxable","21":"purchasable","22":"product-type-simple"},"acf":[],"wcpa_form_fields":null,"_links":{"self":[{"href":"https:\/\/www.customywear.com\/tr\/wp-json\/wp\/v2\/product\/20724","targetHints":{"allow":["GET"]}}],"collection":[{"href":"https:\/\/www.customywear.com\/tr\/wp-json\/wp\/v2\/product"}],"about":[{"href":"https:\/\/www.customywear.com\/tr\/wp-json\/wp\/v2\/types\/product"}],"replies":[{"embeddable":true,"href":"https:\/\/www.customywear.com\/tr\/wp-json\/wp\/v2\/comments?post=20724"}],"wp:featuredmedia":[{"embeddable":true,"href":"https:\/\/www.customywear.com\/tr\/wp-json\/wp\/v2\/media\/143923"}],"wp:attachment":[{"href":"https:\/\/www.customywear.com\/tr\/wp-json\/wp\/v2\/media?parent=20724"}],"wp:term":[{"taxonomy":"product_brand","embeddable":true,"href":"https:\/\/www.customywear.com\/tr\/wp-json\/wp\/v2\/product_brand?post=20724"},{"taxonomy":"product_cat","embeddable":true,"href":"https:\/\/www.customywear.com\/tr\/wp-json\/wp\/v2\/product_cat?post=20724"},{"taxonomy":"product_tag","embeddable":true,"href":"https:\/\/www.customywear.com\/tr\/wp-json\/wp\/v2\/product_tag?post=20724"}],"curies":[{"name":"wp","href":"https:\/\/api.w.org\/{rel}","templated":true}]}}