{"id":20745,"date":"2023-07-28T13:40:31","date_gmt":"2023-07-28T13:40:31","guid":{"rendered":"https:\/\/www.customywear.com\/?post_type=product&#038;p=20745"},"modified":"2026-05-05T20:23:34","modified_gmt":"2026-05-05T20:23:34","slug":"ozel-denizkizi-fotografi-tisort-hediyeleri","status":"publish","type":"product","link":"https:\/\/www.customywear.com\/tr\/custom-mermaid-photo-shirt-gifts\/","title":{"rendered":"Foto\u011fraf\u0131n\u0131z\u0131 \u00d6zel Bir K\u00fc\u00e7\u00fck Denizk\u0131z\u0131 Ti\u015f\u00f6rt\u00fcne D\u00f6n\u00fc\u015ft\u00fcr\u00fcn - M\u00fckemmel Denizk\u0131z\u0131 Hediyeleri"},"content":{"rendered":"<p>Ki\u015fiselle\u015ftirilmi\u015f denizk\u0131z\u0131 ti\u015f\u00f6rt\u00fcm\u00fczle b\u00fcy\u00fcl\u00fc bir d\u00fcnyaya dal\u0131n, foto\u011fraf\u0131n\u0131z b\u00fcy\u00fcleyici vekt\u00f6r portre sanat\u0131na b\u00fcy\u00fcl\u00fc bir d\u00f6n\u00fc\u015f\u00fcm ge\u00e7irir. Yetenekli sanat\u00e7\u0131lar\u0131m\u0131z sizi b\u00fcy\u00fcleyici bir denizk\u0131z\u0131 olarak tasvir eden benzersiz bir tasar\u0131m olu\u015ftururken, kendinizi veya sevdi\u011finiz birini okyanus derinliklerinin cazibesine b\u0131rak\u0131n. Bu \u00fcniseks uzun kollu ve k\u0131sa kollu ti\u015f\u00f6rt sadece bir giysi de\u011fil; denizk\u0131z\u0131 hayallerinizi ger\u00e7e\u011fe d\u00f6n\u00fc\u015ft\u00fcren bir sanat eseridir ve her ya\u015ftan denizk\u0131z\u0131 tutkunu i\u00e7in ideal bir hediyedir. Yarat\u0131c\u0131 s\u00fcrecimiz Adobe Illustrator ve Adobe Photoshop&#039;un g\u00fcc\u00fcnden yararlanarak de\u011ferli foto\u011fraflar\u0131n\u0131z\u0131 derinliklere uygun bir \u015fahesere d\u00f6n\u00fc\u015ft\u00fcr\u00fcr. Son teknoloji DTG bask\u0131 teknolojisini kullanarak, her ti\u015f\u00f6rt\u00fcn hayal g\u00fcc\u00fcn\u00fcz kadar canl\u0131, y\u00fcksek kaliteli vekt\u00f6r sanat\u0131na sahip olmas\u0131n\u0131 sa\u011fl\u0131yoruz. Ya\u015fa ba\u011fl\u0131 olmayan bu ti\u015f\u00f6rtler, yeti\u015fkinler, gen\u00e7ler, \u00e7ocuklar ve hatta en k\u00fc\u00e7\u00fck denizk\u0131zlar\u0131 - y\u00fcr\u00fcmeye ba\u015flayan \u00e7ocuklar i\u00e7in boyutlar sunarak \u00e7e\u015fitli bir kitleye hitap ediyor. Benzerli\u011finizi denizk\u0131z\u0131 aleminin gizemiyle birle\u015ftiren ki\u015fiselle\u015ftirilmi\u015f bir dokunu\u015fla dikkat \u00e7ekin. \u0130\u00e7inizdeki deniz sirenini serbest b\u0131rak\u0131n ve \u00f6zel yap\u0131m modan\u0131n g\u00fczelli\u011finin tad\u0131n\u0131 \u00e7\u0131kar\u0131n. \u0130ster do\u011fum g\u00fcn\u00fcn\u00fc kutluyor olun ister sadece denizk\u0131zlar\u0131na olan sevginizi kucakl\u0131yor olun, koleksiyonumuz ke\u015ffedilmeyi bekleyen benzer hayranl\u0131k uyand\u0131r\u0131c\u0131 tasar\u0131mlarla dolu. Gard\u0131robunuzu y\u00fckseltin ve ki\u015fiselle\u015ftirilmi\u015f denizk\u0131z\u0131 ti\u015f\u00f6rtlerimizle bir yarat\u0131c\u0131l\u0131k denizine dal\u0131n - bir sanat ve hayal g\u00fcc\u00fc hazinesi.<\/p>","protected":false},"excerpt":{"rendered":"<p>\u00d6zel bir k\u00fc\u00e7\u00fck denizk\u0131z\u0131 ti\u015f\u00f6rt\u00fc ile dalgalar yap\u0131n. Tuhaf, e\u015fsiz bir ti\u015f\u00f6rtle foto\u011fraf\u0131n\u0131z\u0131 m\u00fckemmel bir deniz k\u0131z\u0131 hediyesine d\u00f6n\u00fc\u015ft\u00fcr\u00fcn.<\/p>","protected":false},"featured_media":142997,"comment_status":"open","ping_status":"closed","template":"","meta":{"_acf_changed":false},"product_brand":[],"product_cat":[6191,1615,6412,6428,6375],"product_tag":[6433,1616,352,1617,1618,2457,112],"class_list":{"0":"post-20745","1":"product","2":"type-product","3":"status-publish","4":"has-post-thumbnail","6":"product_cat-t-shirts-women","7":"product_cat-custom-gifts-mermaid","8":"product_cat-photo-to-tees","9":"product_cat-translate-products","10":"product_cat-womens-animal-t-shirts","11":"product_tag-ai-artwork","12":"product_tag-custom-arts-mermaid","13":"product_tag-honeymoon_shirt","14":"product_tag-mermaid_gifts","15":"product_tag-mermaid_shirt","16":"product_tag-ocean_shirt","17":"product_tag-women","19":"first","20":"instock","21":"taxable","22":"shipping-taxable","23":"purchasable","24":"product-type-simple"},"acf":[],"wcpa_form_fields":null,"_links":{"self":[{"href":"https:\/\/www.customywear.com\/tr\/wp-json\/wp\/v2\/product\/20745","targetHints":{"allow":["GET"]}}],"collection":[{"href":"https:\/\/www.customywear.com\/tr\/wp-json\/wp\/v2\/product"}],"about":[{"href":"https:\/\/www.customywear.com\/tr\/wp-json\/wp\/v2\/types\/product"}],"replies":[{"embeddable":true,"href":"https:\/\/www.customywear.com\/tr\/wp-json\/wp\/v2\/comments?post=20745"}],"wp:featuredmedia":[{"embeddable":true,"href":"https:\/\/www.customywear.com\/tr\/wp-json\/wp\/v2\/media\/142997"}],"wp:attachment":[{"href":"https:\/\/www.customywear.com\/tr\/wp-json\/wp\/v2\/media?parent=20745"}],"wp:term":[{"taxonomy":"product_brand","embeddable":true,"href":"https:\/\/www.customywear.com\/tr\/wp-json\/wp\/v2\/product_brand?post=20745"},{"taxonomy":"product_cat","embeddable":true,"href":"https:\/\/www.customywear.com\/tr\/wp-json\/wp\/v2\/product_cat?post=20745"},{"taxonomy":"product_tag","embeddable":true,"href":"https:\/\/www.customywear.com\/tr\/wp-json\/wp\/v2\/product_tag?post=20745"}],"curies":[{"name":"wp","href":"https:\/\/api.w.org\/{rel}","templated":true}]}}