{"id":20749,"date":"2023-07-28T13:40:36","date_gmt":"2023-07-28T13:40:36","guid":{"rendered":"https:\/\/www.customywear.com\/?post_type=product&#038;p=20749"},"modified":"2026-05-05T20:24:11","modified_gmt":"2026-05-05T20:24:11","slug":"ozel-davulcu-portr-tisortu","status":"publish","type":"product","link":"https:\/\/www.customywear.com\/tr\/custom-drummer-portrait-tee\/","title":{"rendered":"Ki\u015fiye \u00d6zel Davulcu Portre Ti\u015f\u00f6rt\u00fc | Ki\u015fiselle\u015ftirilmi\u015f M\u00fczisyen Ti\u015f\u00f6rt\u00fc"},"content":{"rendered":"<p>Tarz\u0131n\u0131z\u0131 y\u00fckseltin ve m\u00fczi\u011fe olan tutkunuzu se\u00e7kin \u00d6zel Davulcu Portre Ti\u015f\u00f6rt\u00fcm\u00fczle sergileyin. M\u00fckemmel bir \u015fekilde tasarlanan bu unisex uzun kollu ve k\u0131sa kollu ti\u015f\u00f6rt, de\u011ferli foto\u011fraf\u0131n\u0131zdan \u00e7arp\u0131c\u0131 bir vekt\u00f6r portre sanat\u0131yla davul \u00e7alman\u0131n \u00f6z\u00fcn\u00fc yakalar. \u0130ster deneyimli bir m\u00fczisyen, ister kendini adam\u0131\u015f bir m\u00fczik \u00f6\u011fretmeni veya sadece ritmin ritmini seven biri olun, bu ki\u015fiselle\u015ftirilmi\u015f m\u00fczik ti\u015f\u00f6rt\u00fc m\u00fczik ruhunuzun ger\u00e7ek bir kan\u0131t\u0131d\u0131r. Foto\u011fraf\u0131n\u0131z\u0131 davul \u00e7alan hayranl\u0131k uyand\u0131ran bir davulcuya d\u00f6n\u00fc\u015ft\u00fcr\u00fcrken ki\u015fiselle\u015ftirilmi\u015f tasar\u0131m\u0131n b\u00fcy\u00fcs\u00fcn\u00fc deneyimleyin. Bu benzersiz m\u00fczik ti\u015f\u00f6rt\u00fc, yeti\u015fkinlerden gen\u00e7lere, \u00e7ocuklardan y\u00fcr\u00fcmeye ba\u015flayan \u00e7ocuklara kadar her ya\u015ftan davul tutkunu i\u00e7in nihai bir hediyedir. M\u00fczikal kimli\u011finizle yank\u0131lanan bir tasar\u0131mla ritmi ve ritmi kucaklay\u0131n. Adobe Illustrator ve Adobe Photoshop gibi sekt\u00f6r lideri ara\u00e7lar\u0131 kullanan tasar\u0131mc\u0131lar\u0131m\u0131z\u0131n yetenekli elleriyle hayata ge\u00e7irilen en ince ayr\u0131nt\u0131lara dal\u0131n. Sonu\u00e7? Sizin kadar benzersiz, y\u00fcksek kaliteli bir vekt\u00f6r sanat\u0131 \u015faheseri. Bu ki\u015fiye \u00f6zel ti\u015f\u00f6rt sadece bir giysi par\u00e7as\u0131 de\u011fil; kendini ifade etme tuvalidir. Herhangi bir insan veya evcil hayvan y\u00fcz\u00fcyle ki\u015fiselle\u015ftirme se\u00e7ene\u011fiyle, onu ger\u00e7ekten kendinize ait hale getirebilirsiniz. M\u00fczikal yolculu\u011funuzla m\u00fckemmel bir \u015fekilde uyum sa\u011flayan giyilebilir bir sanat eserine sahip olma \u015fans\u0131n\u0131 ka\u00e7\u0131rmay\u0131n. Bug\u00fcn ki\u015fiye \u00f6zel olas\u0131l\u0131klar d\u00fcnyas\u0131n\u0131 ke\u015ffedin!<\/p>","protected":false},"excerpt":{"rendered":"<p>\u00d6zel bir davulcu portre ti\u015f\u00f6rt\u00fc ile d\u0131\u015far\u0131 \u00e7\u0131k\u0131n. Ki\u015fiselle\u015ftirilmi\u015f m\u00fczisyen ti\u015f\u00f6rt\u00fc, herhangi bir foto\u011fraf\u0131 benzersiz, m\u00fczik temal\u0131 bir ti\u015f\u00f6rte d\u00f6n\u00fc\u015ft\u00fcr\u00fcr.<\/p>","protected":false},"featured_media":142684,"comment_status":"open","ping_status":"closed","template":"","meta":{"_acf_changed":false},"product_brand":[],"product_cat":[6195,1577,186,6340,1582,6412,6428],"product_tag":[6433,1578,6216,1583,1580],"class_list":{"0":"post-20749","1":"product","2":"type-product","3":"status-publish","4":"has-post-thumbnail","6":"product_cat-t-shirts-men","7":"product_cat-custom-gifts-drummers","8":"product_cat-men","9":"product_cat-mens-music-t-shirts","10":"product_cat-music","11":"product_cat-photo-to-tees","12":"product_cat-translate-products","13":"product_tag-ai-artwork","14":"product_tag-gift_for_drummer","15":"product_tag-mens-custom-t-shirts","16":"product_tag-music","17":"product_tag-music_teacher_shirt","19":"first","20":"instock","21":"taxable","22":"shipping-taxable","23":"purchasable","24":"product-type-simple"},"acf":[],"wcpa_form_fields":null,"_links":{"self":[{"href":"https:\/\/www.customywear.com\/tr\/wp-json\/wp\/v2\/product\/20749","targetHints":{"allow":["GET"]}}],"collection":[{"href":"https:\/\/www.customywear.com\/tr\/wp-json\/wp\/v2\/product"}],"about":[{"href":"https:\/\/www.customywear.com\/tr\/wp-json\/wp\/v2\/types\/product"}],"replies":[{"embeddable":true,"href":"https:\/\/www.customywear.com\/tr\/wp-json\/wp\/v2\/comments?post=20749"}],"wp:featuredmedia":[{"embeddable":true,"href":"https:\/\/www.customywear.com\/tr\/wp-json\/wp\/v2\/media\/142684"}],"wp:attachment":[{"href":"https:\/\/www.customywear.com\/tr\/wp-json\/wp\/v2\/media?parent=20749"}],"wp:term":[{"taxonomy":"product_brand","embeddable":true,"href":"https:\/\/www.customywear.com\/tr\/wp-json\/wp\/v2\/product_brand?post=20749"},{"taxonomy":"product_cat","embeddable":true,"href":"https:\/\/www.customywear.com\/tr\/wp-json\/wp\/v2\/product_cat?post=20749"},{"taxonomy":"product_tag","embeddable":true,"href":"https:\/\/www.customywear.com\/tr\/wp-json\/wp\/v2\/product_tag?post=20749"}],"curies":[{"name":"wp","href":"https:\/\/api.w.org\/{rel}","templated":true}]}}