{"id":20762,"date":"2023-07-28T13:40:45","date_gmt":"2023-07-28T13:40:45","guid":{"rendered":"https:\/\/www.customywear.com\/?post_type=product&#038;p=20762"},"modified":"2026-05-05T20:24:10","modified_gmt":"2026-05-05T20:24:10","slug":"ozel-denizkizi-tshirt-ona","status":"publish","type":"product","link":"https:\/\/www.customywear.com\/tr\/custom-mermaid-shirt-for-him\/","title":{"rendered":"Dalgalar\u0131n Alt\u0131nda A\u015fk\u0131n\u0131z\u0131 Yakalay\u0131n: Erkekler \u0130\u00e7in \u00d6zel Denizk\u0131z\u0131 G\u00f6mle\u011fi"},"content":{"rendered":"<p>Bizimle bir romantizm dalgas\u0131 serbest b\u0131rak\u0131n <strong>Dalgalar\u0131n Alt\u0131nda A\u015fk\u0131n\u0131z\u0131 Yakalay\u0131n: Erkekler \u0130\u00e7in \u00d6zel Denizk\u0131z\u0131 G\u00f6mle\u011fi<\/strong>. \u200d\u2642\ufe0f Uzmanca haz\u0131rlad\u0131\u011f\u0131m\u0131z fantezi d\u00fcnyas\u0131na dal\u0131n <strong>Foto\u011fraflar\u0131n\u0131z\u0131 b\u00fcy\u00fcleyici vekt\u00f6r portre sanat\u0131na d\u00f6n\u00fc\u015ft\u00fcr\u00fcn<\/strong>, sizi ve sevgilinizi okyanus y\u00fczeyinin alt\u0131nda dans eden deniz k\u0131zlar\u0131 olarak tasvir ediyor. Bu ki\u015fiselle\u015ftirilmi\u015f ti\u015f\u00f6rt, okyanus tutkunlar\u0131 i\u00e7in i\u00e7ten bir hediyedir ve ba\u011flant\u0131n\u0131z\u0131n \u00f6z\u00fcn\u00fc sanatsal ayr\u0131nt\u0131larla yakalar. Yetenekli zanaatkarlar\u0131m\u0131z Adobe Illustrator ve Adobe Photoshop&#039;un b\u00fcy\u00fcs\u00fcn\u00fc kullanarak vizyonunuzun titizlikle hayata ge\u00e7irilmesini sa\u011flar. Sonu\u00e7? Bir <strong>y\u00fcksek kaliteli vekt\u00f6r sanat\u0131<\/strong> ba\u015fyap\u0131t, geli\u015fmi\u015f DTG teknolojisi kullan\u0131larak dikkatlice bas\u0131lm\u0131\u015ft\u0131r. Canl\u0131 ve zamans\u0131z olan bu renkler, denizin g\u00fczelli\u011fini yans\u0131t\u0131r. Yeti\u015fkinlerden k\u00fc\u00e7\u00fck \u00e7ocuklara kadar her ya\u015fa uygun \u015fekilde tasarlanm\u0131\u015f, unisex \u00f6zel ti\u015f\u00f6rtlerimizin cazibesini deneyimleyin. Stil ve konforun uyumlu bir kar\u0131\u015f\u0131m\u0131, t\u00fcyl\u00fc dostlar\u0131n\u0131z da dahil olmak \u00fczere ailenizin her \u00fcyesi i\u00e7in m\u00fckemmel bir uyum sa\u011flar. Koleksiyonumuz, her biri ayn\u0131 yarat\u0131c\u0131l\u0131k ve hassasiyet \u00f6zverisiyle haz\u0131rlanm\u0131\u015f, b\u00fcy\u00fcleyici tasar\u0131mlardan olu\u015fan bir diziye sahiptir. Neden Capture Your Love Under the Waves: Erkekler \u0130\u00e7in \u00d6zel Denizk\u0131z\u0131 G\u00f6mle\u011fimizi Se\u00e7melisiniz? <strong>Ki\u015fiye \u00d6zel Romantizm:<\/strong> Kendinizi ve e\u015finizi su alt\u0131 alemine g\u00f6t\u00fcr\u00fcn, a\u015fk hikayenizi dalgalar\u0131n alt\u0131ndaki denizk\u0131z\u0131 yolda\u015flar\u0131 olarak tasvir edin. <strong>Yeniden Tasarlanm\u0131\u015f Sanat:<\/strong> Zanaatkarlar\u0131m\u0131z, ba\u011flant\u0131n\u0131z\u0131n \u00f6z\u00fcn\u00fc yakalamak i\u00e7in \u00fcst d\u00fczey tasar\u0131m ara\u00e7lar\u0131n\u0131 kullanarak karma\u015f\u0131k, y\u00fcksek kaliteli vekt\u00f6r sanat\u0131 yarat\u0131rlar. <strong>Ebedi Canl\u0131l\u0131k:<\/strong> DTG bask\u0131, okyanusun zamans\u0131z cazibesini yans\u0131tarak renklerin canl\u0131 ve kal\u0131c\u0131 kalmas\u0131n\u0131 sa\u011flar. <strong>Ya\u015fs\u0131z Cazibe:<\/strong> Her ya\u015fa uygun olarak tasarlanan unisex ti\u015f\u00f6rtlerimiz, konfor ve \u015f\u0131kl\u0131\u011f\u0131n kusursuz bir kar\u0131\u015f\u0131m\u0131n\u0131 sunarak a\u015fk\u0131n kal\u0131c\u0131 b\u00fcy\u00fcs\u00fcn\u00fc yans\u0131t\u0131yor. <strong>De\u011ferli Tahviller:<\/strong> \u0130nsan ili\u015fkilerinden sevgili evcil hayvanlar\u0131n\u0131zla kurdu\u011funuz de\u011ferli ba\u011fa kadar, tasar\u0131mlar\u0131m\u0131z en \u00f6nemli \u015feyleri \u00f6zetler. Capture Your Love Under the Waves: Erkekler \u0130\u00e7in \u00d6zel Deniz K\u0131z\u0131 G\u00f6mle\u011fi ile ki\u015fiselle\u015ftirilmi\u015f sanat\u00e7\u0131l\u0131\u011f\u0131n b\u00fcy\u00fcs\u00fcne kap\u0131l\u0131n. Gard\u0131robunuzu denizin b\u00fcy\u00fcs\u00fcyle y\u00fckseltin ve ba\u011flant\u0131n\u0131z\u0131 benzersiz bir \u015fekilde size ait bir tarzda kutlay\u0131n. B\u00fcy\u00fcleyici koleksiyonumuza dal\u0131n ve k\u0131yafetinizin en derin duygular\u0131n\u0131z\u0131n tuvali olmas\u0131na izin verin. Ki\u015fiselle\u015ftirilmi\u015f yolculu\u011funuza bug\u00fcn ba\u015flay\u0131n.<\/p>","protected":false},"excerpt":{"rendered":"<p>Onun i\u00e7in \u00f6zel bir deniz k\u0131z\u0131 g\u00f6mle\u011fi ile sevginizi dalgalar\u0131n alt\u0131nda yakalay\u0131n. Ki\u015fiselle\u015ftirilmi\u015f ti\u015f\u00f6rtler, herhangi bir foto\u011fraf\u0131 okyanustan ilham alan benzersiz bir hat\u0131raya d\u00f6n\u00fc\u015ft\u00fcr\u00fcr.<\/p>","protected":false},"featured_media":142990,"comment_status":"open","ping_status":"closed","template":"","meta":{"_acf_changed":false},"product_brand":[],"product_cat":[6195,1615,186,6343,6412,6428],"product_tag":[6433,1616,352,6216,1617,1618,2457],"class_list":{"0":"post-20762","1":"product","2":"type-product","3":"status-publish","4":"has-post-thumbnail","6":"product_cat-t-shirts-men","7":"product_cat-custom-gifts-mermaid","8":"product_cat-men","9":"product_cat-mens-anniversary-t-shirts","10":"product_cat-photo-to-tees","11":"product_cat-translate-products","12":"product_tag-ai-artwork","13":"product_tag-custom-arts-mermaid","14":"product_tag-honeymoon_shirt","15":"product_tag-mens-custom-t-shirts","16":"product_tag-mermaid_gifts","17":"product_tag-mermaid_shirt","18":"product_tag-ocean_shirt","20":"first","21":"instock","22":"taxable","23":"shipping-taxable","24":"purchasable","25":"product-type-simple"},"acf":[],"wcpa_form_fields":null,"_links":{"self":[{"href":"https:\/\/www.customywear.com\/tr\/wp-json\/wp\/v2\/product\/20762","targetHints":{"allow":["GET"]}}],"collection":[{"href":"https:\/\/www.customywear.com\/tr\/wp-json\/wp\/v2\/product"}],"about":[{"href":"https:\/\/www.customywear.com\/tr\/wp-json\/wp\/v2\/types\/product"}],"replies":[{"embeddable":true,"href":"https:\/\/www.customywear.com\/tr\/wp-json\/wp\/v2\/comments?post=20762"}],"wp:featuredmedia":[{"embeddable":true,"href":"https:\/\/www.customywear.com\/tr\/wp-json\/wp\/v2\/media\/142990"}],"wp:attachment":[{"href":"https:\/\/www.customywear.com\/tr\/wp-json\/wp\/v2\/media?parent=20762"}],"wp:term":[{"taxonomy":"product_brand","embeddable":true,"href":"https:\/\/www.customywear.com\/tr\/wp-json\/wp\/v2\/product_brand?post=20762"},{"taxonomy":"product_cat","embeddable":true,"href":"https:\/\/www.customywear.com\/tr\/wp-json\/wp\/v2\/product_cat?post=20762"},{"taxonomy":"product_tag","embeddable":true,"href":"https:\/\/www.customywear.com\/tr\/wp-json\/wp\/v2\/product_tag?post=20762"}],"curies":[{"name":"wp","href":"https:\/\/api.w.org\/{rel}","templated":true}]}}