{"id":20773,"date":"2023-07-28T13:40:53","date_gmt":"2023-07-28T13:40:53","guid":{"rendered":"https:\/\/www.customywear.com\/?post_type=product&#038;p=20773"},"modified":"2026-05-05T20:24:10","modified_gmt":"2026-05-05T20:24:10","slug":"ozel-meksika-gomlek","status":"publish","type":"product","link":"https:\/\/www.customywear.com\/tr\/custom-mexican-dress-shirt\/","title":{"rendered":"Mexico Shirt For men &#8211; Travel to Mexico Personalized Gift Tee"},"content":{"rendered":"<p>Benzersiz Ki\u015fiye \u00d6zel Meksika Elbise G\u00f6mle\u011fimizle G\u00f6r\u00fcn\u00fcm\u00fcn\u00fcz\u00fc D\u00f6n\u00fc\u015ft\u00fcr\u00fcn! Foto\u011fraf\u0131n\u0131z\u0131 Geleneksel Meksika Elbisesiyle S\u00fcslenmi\u015f Halde \u015e\u0131k Ki\u015fiselle\u015ftirilmi\u015f Bir Ti\u015f\u00f6rte D\u00f6n\u00fc\u015ft\u00fcr\u00fcn. Uzman Sanat\u00e7\u0131lar\u0131m\u0131z, Meksika K\u00fclt\u00fcr\u00fcn\u00fc Benimsedi\u011finizi G\u00f6steren Vekt\u00f6r Portrelerini Ustal\u0131kla Haz\u0131rl\u0131yor. Bu Ki\u015fiye \u00d6zel Ti\u015f\u00f6rt, Meksika ve Benzersiz Moda Tutkunlar\u0131 \u0130\u00e7in \u0130deal Bir Hediye. Meksika Geleneklerini Benimseyin: \u00d6zel Tasar\u0131m S\u00fcrecimiz, G\u00f6r\u00fcnt\u00fcn\u00fcz\u00fc Sanata D\u00f6n\u00fc\u015ft\u00fcrmek \u0130\u00e7in Adobe Illustrator ve Adobe Photoshop&#039;u \u0130\u00e7erir. DTG Bask\u0131 ile Her Ayr\u0131nt\u0131 Unisex Bir Kanvas \u00dczerine Canl\u0131 Renklerle Yakalan\u0131r. Yeti\u015fkinler, Gen\u00e7ler, \u00c7ocuklar ve Y\u00fcr\u00fcmeye Ba\u015flayan \u00c7ocuklar \u0130\u00e7in Uygun K\u0131sa Kollu ve Uzun Kollu Se\u00e7enekler Aras\u0131ndan Se\u00e7im Yap\u0131n. \u00d6zel G\u00fcnler \u0130\u00e7in M\u00fckemmel Hediyeler: \u0130ster Bir \u015eark\u0131c\u0131n\u0131n Do\u011fum G\u00fcn\u00fc, Y\u0131ld\u00f6n\u00fcm\u00fc, \u0130ster Sadece Meksika&#039;ya Hayran Birisi \u0130\u00e7in Bir Hediye Olsun, Ki\u015fiye \u00d6zel Meksika Elbise G\u00f6mle\u011fimiz D\u00fc\u015f\u00fcnceli ve Ki\u015fiselle\u015ftirilmi\u015f Bir Hediye Olur. Sonsuz Olas\u0131l\u0131klar\u0131 Ke\u015ffedin: B\u00fcy\u00fcleyici Tasar\u0131m ve Tema Dizimizi Ke\u015ffedin. Meksika Onur Y\u00fcr\u00fcy\u00fc\u015f\u00fc Kutlamalar\u0131ndan K\u00fclt\u00fcrel \u00d6vg\u00fclere, \u00d6zel Ti\u015f\u00f6rtlerimiz Gard\u0131robunuza Ki\u015filik Dokunu\u015fu Kat\u0131yor. An\u0131lar\u0131 ve K\u00fclt\u00fcr\u00fc Besleyin: Meksika Miras\u0131n\u0131n G\u00fczelli\u011fini Kucaklay\u0131n ve Att\u0131\u011f\u0131n\u0131z Her Ad\u0131mda Ba\u011flant\u0131n\u0131z\u0131 Kutlay\u0131n. Ki\u015fiselle\u015ftirilmi\u015f Foto\u011fraf Ti\u015f\u00f6rtlerimizle Meksika&#039;ya Olan Sevginizi \u015e\u0131k Bir \u015eekilde \u0130fade Edin! Daha Benzersiz Tasar\u0131mlar Bulun ve Ki\u015fiselle\u015ftirilmi\u015f Ti\u015f\u00f6rtlerle Gard\u0131robunuzu Geli\u015ftirin!<\/p>","protected":false},"excerpt":{"rendered":"<p>\u00d6zel bir Meksika elbisesi g\u00f6mle\u011fi ile gelene\u011fi onurland\u0131r\u0131n. Ki\u015fiselle\u015ftirilmi\u015f Meksika hediye ti\u015f\u00f6rtleri, herhangi bir foto\u011fraf\u0131 benzersiz bir k\u00fclt\u00fcrel ti\u015f\u00f6rte d\u00f6n\u00fc\u015ft\u00fcr\u00fcr.<\/p>","protected":false},"featured_media":143018,"comment_status":"open","ping_status":"closed","template":"","meta":{"_acf_changed":false},"product_brand":[],"product_cat":[6195,6157,6156,2689,6345,6412,6428],"product_tag":[6433,193,2690,102,6216,209],"class_list":{"0":"post-20773","1":"product","2":"type-product","3":"status-publish","4":"has-post-thumbnail","6":"product_cat-t-shirts-men","7":"product_cat-country","8":"product_cat-culture","9":"product_cat-custom-gifts-mexican-culture","10":"product_cat-mens-country-culture-t-shirts","11":"product_cat-photo-to-tees","12":"product_cat-translate-products","13":"product_tag-ai-artwork","14":"product_tag-boyfriend_gift","15":"product_tag-custom-arts-mexican","16":"product_tag-long_distance_gift","17":"product_tag-mens-custom-t-shirts","18":"product_tag-travel_lover_gift","20":"first","21":"instock","22":"taxable","23":"shipping-taxable","24":"purchasable","25":"product-type-simple"},"acf":[],"wcpa_form_fields":null,"_links":{"self":[{"href":"https:\/\/www.customywear.com\/tr\/wp-json\/wp\/v2\/product\/20773","targetHints":{"allow":["GET"]}}],"collection":[{"href":"https:\/\/www.customywear.com\/tr\/wp-json\/wp\/v2\/product"}],"about":[{"href":"https:\/\/www.customywear.com\/tr\/wp-json\/wp\/v2\/types\/product"}],"replies":[{"embeddable":true,"href":"https:\/\/www.customywear.com\/tr\/wp-json\/wp\/v2\/comments?post=20773"}],"wp:featuredmedia":[{"embeddable":true,"href":"https:\/\/www.customywear.com\/tr\/wp-json\/wp\/v2\/media\/143018"}],"wp:attachment":[{"href":"https:\/\/www.customywear.com\/tr\/wp-json\/wp\/v2\/media?parent=20773"}],"wp:term":[{"taxonomy":"product_brand","embeddable":true,"href":"https:\/\/www.customywear.com\/tr\/wp-json\/wp\/v2\/product_brand?post=20773"},{"taxonomy":"product_cat","embeddable":true,"href":"https:\/\/www.customywear.com\/tr\/wp-json\/wp\/v2\/product_cat?post=20773"},{"taxonomy":"product_tag","embeddable":true,"href":"https:\/\/www.customywear.com\/tr\/wp-json\/wp\/v2\/product_tag?post=20773"}],"curies":[{"name":"wp","href":"https:\/\/api.w.org\/{rel}","templated":true}]}}