{"id":20849,"date":"2023-07-28T13:41:48","date_gmt":"2023-07-28T13:41:48","guid":{"rendered":"https:\/\/www.customywear.com\/?post_type=product&#038;p=20849"},"modified":"2026-05-05T20:23:34","modified_gmt":"2026-05-05T20:23:34","slug":"ozel-piyano-calan-tisort","status":"publish","type":"product","link":"https:\/\/www.customywear.com\/tr\/personalized-piano-player-t-shirt\/","title":{"rendered":"Ki\u015fiselle\u015ftirilmi\u015f Piyano \u00c7alar Ti\u015f\u00f6rt\u00fc | \u00d6zel M\u00fczik Ti\u015f\u00f6rt\u00fc"},"content":{"rendered":"<p>B\u00fcy\u00fcleyici \u015fark\u0131lar\u0131m\u0131zla uyumlu bir akor \u00e7al\u0131n <strong>Ki\u015fiselle\u015ftirilmi\u015f Piyano \u00c7alar Ti\u015f\u00f6rt\u00fc<\/strong>! Foto\u011fraf\u0131n\u0131z\u0131, klavye \u00e7alan tutkulu bir piyanist olarak sizi tasvir eden \u00e7arp\u0131c\u0131 bir vekt\u00f6r portreye d\u00f6n\u00fc\u015ft\u00fcr\u00fcn. Bu \u00f6zel m\u00fczik ti\u015f\u00f6rt\u00fc, piyano ve m\u00fczi\u011fe olan sevginize bir \u00f6vg\u00fcd\u00fcr ve nihai ki\u015fiselle\u015ftirilmi\u015f ifade par\u00e7an\u0131z haline gelir.<\/p>\n<p><strong>Tutkunun Anahtar\u0131:<\/strong> Karma\u015f\u0131k bir \u015fekilde haz\u0131rlanm\u0131\u015f vekt\u00f6r sanat\u0131m\u0131zla m\u00fczik d\u00fcnyas\u0131na dal\u0131n. Tasar\u0131m, \u00e7almaya olan ba\u011fl\u0131l\u0131\u011f\u0131n\u0131z\u0131n ve sevginizin \u00f6z\u00fcn\u00fc yakalarken, piyano tu\u015flar\u0131n\u0131n parmaklar\u0131n\u0131z\u0131n alt\u0131nda dans etmesine izin verin.<\/p>\n<p><strong>Melodik Ba\u015fyap\u0131t:<\/strong> Ki\u015fiselle\u015ftirilmi\u015f bir dokunu\u015fla m\u00fczik yolculu\u011funuzu kutlay\u0131n. Bu ti\u015f\u00f6rt bir giysiden daha fazlas\u0131d\u0131r; sanat\u00e7\u0131l\u0131\u011f\u0131n\u0131z\u0131n g\u00fczelli\u011fini ve i\u00e7inizde yank\u0131lanan melodilere olan ba\u011fl\u0131l\u0131\u011f\u0131n\u0131z\u0131 yans\u0131tan bir tuvaldir.<\/p>\n<p><strong>Yeteneklerinizi Ortaya \u00c7\u0131kar\u0131n:<\/strong> Yetene\u011finizi, klavyenin b\u00fcy\u00fcleyici cazibesiyle imaj\u0131n\u0131z\u0131 uyumlu hale getiren bir tasar\u0131mla sergileyin. Her ayr\u0131nt\u0131 dikkatlice kaz\u0131nm\u0131\u015f olup, tutkunuzu yans\u0131tan ger\u00e7ek\u00e7i bir temsil yarat\u0131lm\u0131\u015ft\u0131r.<\/p>\n<p><strong>Ki\u015fiye \u00d6zel Konfor:<\/strong> M\u00fczik tutkunuzu takarken e\u015fsiz bir konfor deneyimleyin. Unisex tasar\u0131m\u0131m\u0131z rahat bir uyum sa\u011flayarak, en \u00fcst d\u00fczey konforun tad\u0131n\u0131 \u00e7\u0131kar\u0131rken bireyselli\u011finizi ifade etmenize olanak tan\u0131r.<\/p>\n<p>\u200d \u200d <strong>Her Ya\u015f \u0130\u00e7in:<\/strong> Yeti\u015fkinlerden \u00e7ocuklara ve y\u00fcr\u00fcmeye ba\u015flayan \u00e7ocuklara kadar, bu ki\u015fiselle\u015ftirilmi\u015f ti\u015f\u00f6rt nesilleri m\u00fczik arac\u0131l\u0131\u011f\u0131yla bir araya getiriyor. Piyanoya olan tutkunuzu payla\u015f\u0131n ve sevdiklerinizle kal\u0131c\u0131 an\u0131lar yarat\u0131n.<\/p>\n<p><strong>Sanat\u0131n Yeniden Tan\u0131mlanmas\u0131:<\/strong> Yarat\u0131c\u0131 s\u00fcrecimiz Adobe Illustrator ve Photoshop&#039;un hassasiyetini bir araya getirerek foto\u011fraf\u0131n\u0131z\u0131 piyanonun b\u00fcy\u00fcleyici d\u00fcnyas\u0131yla kusursuz bir \u015fekilde b\u00fct\u00fcnle\u015fen g\u00f6rsel bir \u015fahesere d\u00f6n\u00fc\u015ft\u00fcr\u00fcyor.<\/p>\n<p><strong>T\u00fcyl\u00fc Notlar:<\/strong> Ki\u015fiselle\u015ftirme melodisini t\u00fcyl\u00fc dostlar\u0131n\u0131z\u0131 da kapsayacak \u015fekilde geni\u015fletin. Ti\u015f\u00f6rtlerimiz hem insan hem de evcil hayvan y\u00fczlerinin eklenmesini memnuniyetle kar\u015f\u0131lar ve onlar\u0131 birlikteli\u011fin y\u00fcrek \u0131s\u0131tan bir sembol\u00fc haline getirir.<\/p>\n<p><strong>Ke\u015fif Bekliyor:<\/strong> Se\u00e7imlerin senfonisine dal\u0131n. M\u00fczikal ruhunuza hitap eden daha fazla tasar\u0131m ke\u015ffedin, benzersiz tarz\u0131n\u0131z\u0131 yans\u0131tan ki\u015fiselle\u015ftirilmi\u015f ti\u015f\u00f6rtlerden olu\u015fan bir galeri yarat\u0131n.<\/p>\n<p>M\u00fczikal yolculu\u011funuzu \u015fu \u015fekilde y\u00fckseltin: <strong>Ki\u015fiselle\u015ftirilmi\u015f Piyano \u00c7alar Ti\u015f\u00f6rt\u00fc<\/strong>Tutkunuzun melodisinin her bir iplikte yank\u0131lanmas\u0131na izin verin, sanat\u00e7\u0131l\u0131\u011f\u0131n\u0131z\u0131 ve m\u00fczi\u011fe olan sevginizi gururla ta\u015f\u0131y\u0131n. \u015eimdi sipari\u015f verin ve ki\u015fiselle\u015ftirilmi\u015f senfoninizin ortaya \u00e7\u0131kmas\u0131na izin verin!<\/p>","protected":false},"excerpt":{"rendered":"<p>Ki\u015fiselle\u015ftirilmi\u015f bir piyano \u00e7alar ti\u015f\u00f6rt ile m\u00fczik \u00e7al\u0131n. \u00d6zel m\u00fczik ti\u015f\u00f6rtleri, herhangi bir foto\u011fraf\u0131 t\u00fcr\u00fcn\u00fcn tek \u00f6rne\u011fi, cesur bir ti\u015f\u00f6rte d\u00f6n\u00fc\u015ft\u00fcr\u00fcr.<\/p>","protected":false},"featured_media":88714,"comment_status":"open","ping_status":"closed","template":"","meta":{"_acf_changed":false},"product_brand":[],"product_cat":[6191,1582,6412,6428,6435,6353],"product_tag":[6217,1583,112],"class_list":{"0":"post-20849","1":"product","2":"type-product","3":"status-publish","4":"has-post-thumbnail","6":"product_cat-t-shirts-women","7":"product_cat-music","8":"product_cat-photo-to-tees","9":"product_cat-translate-products","10":"product_cat-v2-women-tee","11":"product_cat-womens-music-t-shirts","12":"product_tag-custom-t-shirt","13":"product_tag-music","14":"product_tag-women","15":"wcpa_has_options","17":"first","18":"instock","19":"taxable","20":"shipping-taxable","21":"purchasable","22":"product-type-simple"},"acf":[],"wcpa_form_fields":{"wcpaData":{"product":{"product_price":24.99,"price_html":"<span class=\"wmc-wc-price\" ><span class=\"woocommerce-Price-amount amount\"><bdi><span class=\"woocommerce-Price-currencySymbol\">&euro;<\/span>24,99<\/bdi><\/span><span data-wmc_price_cache=\"{&quot;USD&quot;:&quot;&lt;span class=\\&quot;woocommerce-Price-amount amount\\&quot;&gt;&lt;bdi&gt;&lt;span class=\\&quot;woocommerce-Price-currencySymbol\\&quot;&gt;&amp;#36;&lt;\\\/span&gt;28,99&lt;\\\/bdi&gt;&lt;\\\/span&gt;&quot;,&quot;EUR&quot;:&quot;&lt;span class=\\&quot;woocommerce-Price-amount amount\\&quot;&gt;&lt;bdi&gt;&lt;span class=\\&quot;woocommerce-Price-currencySymbol\\&quot;&gt;&amp;euro;&lt;\\\/span&gt;24,99&lt;\\\/bdi&gt;&lt;\\\/span&gt;&quot;,&quot;CAD&quot;:&quot;&lt;span class=\\&quot;woocommerce-Price-amount amount\\&quot;&gt;&lt;bdi&gt;&lt;span class=\\&quot;woocommerce-Price-currencySymbol\\&quot;&gt;CAD$ &lt;\\\/span&gt;39,98&lt;\\\/bdi&gt;&lt;\\\/span&gt;&quot;,&quot;GBP&quot;:&quot;&lt;span class=\\&quot;woocommerce-Price-amount amount\\&quot;&gt;&lt;bdi&gt;&lt;span class=\\&quot;woocommerce-Price-currencySymbol\\&quot;&gt;&amp;pound;&lt;\\\/span&gt;21,74&lt;\\\/bdi&gt;&lt;\\\/span&gt;&quot;,&quot;PLN&quot;:&quot;&lt;span class=\\&quot;woocommerce-Price-amount amount\\&quot;&gt;&lt;bdi&gt;&lt;span class=\\&quot;woocommerce-Price-currencySymbol\\&quot;&gt;z\\u0142 &lt;\\\/span&gt;106,21&lt;\\\/bdi&gt;&lt;\\\/span&gt;&quot;,&quot;SEK&quot;:&quot;&lt;span class=\\&quot;woocommerce-Price-amount amount\\&quot;&gt;&lt;bdi&gt;&lt;span class=\\&quot;woocommerce-Price-currencySymbol\\&quot;&gt;kr &lt;\\\/span&gt;274,14&lt;\\\/bdi&gt;&lt;\\\/span&gt;&quot;,&quot;AUD&quot;:&quot;&lt;span class=\\&quot;woocommerce-Price-amount amount\\&quot;&gt;&lt;bdi&gt;&lt;span class=\\&quot;woocommerce-Price-currencySymbol\\&quot;&gt;AUD$ &lt;\\\/span&gt;40,48&lt;\\\/bdi&gt;&lt;\\\/span&gt;&quot;,&quot;JPY&quot;:&quot;&lt;span class=\\&quot;woocommerce-Price-amount amount\\&quot;&gt;&lt;bdi&gt;&lt;span class=\\&quot;woocommerce-Price-currencySymbol\\&quot;&gt;&amp;yen;&lt;\\\/span&gt;4.608,16&lt;\\\/bdi&gt;&lt;\\\/span&gt;&quot;,&quot;CZK&quot;:&quot;&lt;span class=\\&quot;woocommerce-Price-amount amount\\&quot;&gt;&lt;bdi&gt;&lt;span class=\\&quot;woocommerce-Price-currencySymbol\\&quot;&gt;K\\u010d &lt;\\\/span&gt;608,01&lt;\\\/bdi&gt;&lt;\\\/span&gt;&quot;,&quot;NZD&quot;:&quot;&lt;span class=\\&quot;woocommerce-Price-amount amount\\&quot;&gt;&lt;bdi&gt;&lt;span class=\\&quot;woocommerce-Price-currencySymbol\\&quot;&gt;NZD$ &lt;\\\/span&gt;49,73&lt;\\\/bdi&gt;&lt;\\\/span&gt;&quot;,&quot;CHF&quot;:&quot;&lt;span class=\\&quot;woocommerce-Price-amount amount\\&quot;&gt;&lt;bdi&gt;&lt;span class=\\&quot;woocommerce-Price-currencySymbol\\&quot;&gt;CHF &lt;\\\/span&gt;22,74&lt;\\\/bdi&gt;&lt;\\\/span&gt;&quot;}\" style=\"display: none;\" class=\"wmc-price-cache-list\"><\/span><\/span>","original_product_price":24.99,"price_including_tax":24.99,"price_excluding_tax":20.825,"product_id":{"parent":20849,"variation":false},"is_variable":false,"stock_status":"instock","stock_quantity":null,"parent_sku":"custom-tees-297","product_attributes":{"pa_style":{"is_variation":false,"values":["womens-t-shirt"]},"pa_customization":{"is_variation":false,"values":["add-your-photo","add-your-text-or-name","add-your-logo"]},"pa_material":{"is_variation":false,"values":["100-cotton"]},"pa_key-details":{"is_variation":false,"values":["unisex","regular-fit","premium-quality","digital-art"]},"pa_brand":{"is_variation":false,"values":["customywear"]},"pa_age-group":{"is_variation":false,"values":["adult"]},"pa_color":{"is_variation":false,"values":["black","white","navy","red"]},"pa_print-type":{"is_variation":false,"values":["dtg-print-direct-to-garment"]},"pa_gender":{"is_variation":false,"values":["female"]},"pa_size":{"is_variation":false,"values":["xs","s","m","l","xl","2xl","3xl"]}},"custom_fields":[],"is_taxable":true,"product_name":"Personalized Piano Player T-Shirt | Custom Music Tee"},"fields":{"sec_068d3c9600016f":{"extra":{"key":"sec_068d3c9600016f","section_id":"sec_068d3c9600016f","name":"T-shirt size and color","status":1,"cl_rule":"show","enableCl":false,"relations":[],"toggle":true,"title_tag":"h4","show_title":false,"showPrice":"default","form_id":137346,"form_rules":{"exclude_from_discount":false,"fee_label":"Fee","disp_hide_options_price":false,"disp_show_section_price":false,"disp_show_field_price":true,"layout_option":"standard","pric_use_as_fee":false,"process_fee_as":"woo_fee"},"layout_option":"standard"},"fields":[[{"active":true,"col":6,"relations":false,"cl_rule":"show","enableCl":false,"price":"","enablePrice":false,"className":"","label_position":"default","desc_position":"default","type":"color-group","required":false,"elementId":"color_group_7101367211","label":"Color","name":"color_group_7101367211","disp_type":"circle","values":[{"label":"Black","value":"Black","selected":false,"color":"#000000","tempId":"aco_63","gt_translate_keys":["label"]},{"label":"White","value":"White","selected":false,"color":"#ffffff","tempId":"aco_64","gt_translate_keys":["label"]},{"label":"Navy","value":"Navy","selected":false,"color":"#213a92","tempId":"aco_65","gt_translate_keys":["label"]},{"label":"Red","value":"Red","selected":false,"color":"#d0021b","tempId":"aco_136","gt_translate_keys":["label"]}],"layOut":"inline","error":false,"tooltip":"Pick your preferred T-shirt color","selection_type":"tick-border","show_selected_option":true,"adjust_width":true,"cart_display_type":"text","gt_translate_keys":["label","tooltip"],"price_dependency":false,"cl_dependency":false,"value":""}],[{"active":true,"col":6,"relations":false,"cl_rule":"show","enableCl":false,"price":"","enablePrice":false,"className":"","label_position":"default","desc_position":"default","type":"radio-group","required":false,"elementId":"radio-group_1068d3c960001b2","label":"Size ","name":"radio-group_1068d3c960001b2","values":[{"label":"XS","value":"XS","selected":false,"tempId":"aco_92","gt_translate_keys":["label"]},{"label":"S","value":"S","selected":false,"tempId":"aco_93","gt_translate_keys":["label"]},{"label":"M","value":"M","selected":false,"tempId":"aco_94","gt_translate_keys":["label"]},{"label":"L","value":"L","selected":false,"tempId":"aco_167","gt_translate_keys":["label"]},{"label":"XL","value":"XL","selected":false,"tempId":"aco_177","gt_translate_keys":["label"]},{"label":"2XL","value":"2XL","selected":false,"tempId":"aco_187","gt_translate_keys":["label"]},{"label":"3XL","value":"3XL","selected":false,"tempId":"aco_19","gt_translate_keys":["label"]}],"layOut":"inline","error":false,"checkUi":"button","tooltip":"Choose your T-shirt size \u2013 suitable for both men and women.","show_selected_option":true,"gt_translate_keys":["label","tooltip"],"price_dependency":false,"cl_dependency":false,"value":""}],[{"active":true,"col":6,"relations":[],"cl_rule":"hide","enableCl":false,"price":"","enablePrice":false,"className":"","label_position":"default","desc_position":"default","type":"file","required":false,"elementId":"file_668d3c960001c9","name":"file_668d3c960001c9","label":"Upload your photo(s)","upload_type":"ajax","uploadSize":"50","file_types":["images","docs","design"],"exts_supported":["jpg","jpeg","png","gif","webp","pdf","PSD"],"error":false,"hideImageIn_email":true,"multiple_upload":true,"max_file_count":"25","tooltip":"Please provide clear photos of the person looking directly at the camera","cartLabel":"Photo(s)","allowedFileTypes":".jpg,.jpeg,.png,.gif,.webp,.pdf,.PSD,image\/*,.doc,.docx,.xml,.dot,.docm,.dotm,.dotx,.htm,.html,.odt,.rtf,.txt,.wps,.xps,application\/msword,application\/vnd,.psd,.eps,.ai,.indd,.raw","gt_translate_keys":["label","tooltip"],"price_dependency":false,"cl_dependency":false,"value":""}],[{"active":true,"col":6,"relations":false,"cl_rule":"show","enableCl":false,"price":"","enablePrice":false,"className":"","label_position":"default","desc_position":"default","type":"checkbox","required":false,"elementId":"checkbox_268d3c960001de","label":"View more options","name":"checkbox_268d3c960001de","value":"","check_value":"Yes","checkUi":"","error":false,"hideFieldIn_cart":true,"hideFieldIn_order":true,"gt_translate_keys":["label","value","check_value"],"price_dependency":false,"cl_dependency":["text_168d3c960001ef","radio-group_1068d3c96000205","radio-group_568d3c9600021b"]}],[{"active":true,"col":6,"relations":[{"operator":false,"rules":[{"operator":"AND","rules":{"cl_field":"checkbox_268d3c960001de","cl_relation":"is","cl_val":true}}]}],"cl_rule":"show","enableCl":true,"price":"","enablePrice":false,"className":"","label_position":"default","desc_position":"default","type":"text","subtype":"text","required":false,"elementId":"text_168d3c960001ef","label":"Add text to your T-shirt design (optional)","name":"text_168d3c960001ef","value":"","error":false,"tooltip":"Your text will be added to the top or bottom of the T-shirt design.","placeholder":"eg: \"Emily: The best woman ever\"","cartLabel":"Text","gt_translate_keys":["label","placeholder","value","tooltip"],"price_dependency":false,"cl_dependency":false}],[{"active":true,"col":6,"relations":[{"operator":false,"rules":[{"operator":"AND","rules":{"cl_field":"checkbox_268d3c960001de","cl_relation":"is","cl_val":true}}]}],"cl_rule":"show","enableCl":true,"price":"","enablePrice":false,"className":"","label_position":"default","desc_position":"default","type":"radio-group","required":true,"elementId":"radio-group_1068d3c96000205","label":"Select t-shirt print location","name":"radio-group_1068d3c96000205","values":[{"label":"Front Side","value":"Front Side","selected":true,"tempId":"aco_5504","gt_translate_keys":["label"]},{"label":"Back Side","value":"Back Side","selected":false,"tempId":"aco_5505","gt_translate_keys":["label"]}],"layOut":"inline","error":false,"checkUi":"","cartLabel":"Print location","gt_translate_keys":["label"],"price_dependency":false,"cl_dependency":false,"value":""}],[{"active":true,"col":6,"relations":[{"operator":false,"rules":[{"operator":"AND","rules":{"cl_field":"checkbox_268d3c960001de","cl_relation":"is","cl_val":true}}]}],"cl_rule":"show","enableCl":true,"price":"","enablePrice":false,"className":"","label_position":"default","desc_position":"default","type":"radio-group","required":false,"elementId":"radio-group_568d3c9600021b","label":"Would you like to review the design before printing?","name":"radio-group_568d3c9600021b","values":[{"label":"No","value":"No","selected":true,"tempId":"aco_6274","gt_translate_keys":["label"]},{"label":"Yes","value":"Yes","selected":false,"tempId":"aco_6275","price":"","gt_translate_keys":["label"]}],"layOut":"inline","error":false,"checkUi":"","priceOptions":"different_for_all","pricingType":"fixed","use_as_fee":false,"fee_label":"Preview Image","tooltip":"If yes, we\u2019ll email you a preview of the design before printing. This may add 1-2 days to delivery time.*","cartLabel":"Preview Image","hideFieldIn_cart":true,"gt_translate_keys":["label","tooltip"],"price_dependency":false,"cl_dependency":["content_268d3c9600022d"],"value":""}],[{"active":true,"col":6,"relations":[{"operator":false,"rules":[{"operator":"AND","rules":{"cl_field":"radio-group_568d3c9600021b","cl_relation":"is","cl_val":"Yes"}}]}],"cl_rule":"show","enableCl":true,"price":"","enablePrice":false,"className":"","label_position":"default","desc_position":"default","type":"content","required":false,"elementId":"content_268d3c9600022d","label":"","name":"content_268d3c9600022d","contentType":"plain","value":"Please check your inbox, including Spam or other folders, within 1-2 business days for the preview image","error":false,"subtype":"p","hideFieldIn_cart":true,"hideFieldIn_order":true,"gt_translate_keys":["label","value"],"price_dependency":false,"cl_dependency":false}]]}},"config":{"price_override":"","enable_recaptcha":false,"bind_quantity":false,"quantity_bind_formula":false,"disp_summ_show_option_price":false,"disp_summ_show_product_price":false,"disp_summ_show_total_price":false,"disp_summ_show_fee":false,"disp_summ_show_discount":false,"summary_title":"","options_total_label":"Options Price","total_label":"Total","options_product_label":"Product Price","fee_label":"Fee","discount_label":"Discount","has_price":true,"has_quantity_formula":false},"mc_unit":1,"tax_rate":1,"tax_rate_real":0,"discount":{"percentage":0,"fixed":0},"design":{"conf":{"LabelPosition":"above","DescPosition":"above","UploadField":"default","QuantityFieldStyle":"default"},"css":{"LeftLabelWidth":"120px"}},"formulas":[],"clones":false,"cartKey":false}},"_links":{"self":[{"href":"https:\/\/www.customywear.com\/tr\/wp-json\/wp\/v2\/product\/20849","targetHints":{"allow":["GET"]}}],"collection":[{"href":"https:\/\/www.customywear.com\/tr\/wp-json\/wp\/v2\/product"}],"about":[{"href":"https:\/\/www.customywear.com\/tr\/wp-json\/wp\/v2\/types\/product"}],"replies":[{"embeddable":true,"href":"https:\/\/www.customywear.com\/tr\/wp-json\/wp\/v2\/comments?post=20849"}],"wp:featuredmedia":[{"embeddable":true,"href":"https:\/\/www.customywear.com\/tr\/wp-json\/wp\/v2\/media\/88714"}],"wp:attachment":[{"href":"https:\/\/www.customywear.com\/tr\/wp-json\/wp\/v2\/media?parent=20849"}],"wp:term":[{"taxonomy":"product_brand","embeddable":true,"href":"https:\/\/www.customywear.com\/tr\/wp-json\/wp\/v2\/product_brand?post=20849"},{"taxonomy":"product_cat","embeddable":true,"href":"https:\/\/www.customywear.com\/tr\/wp-json\/wp\/v2\/product_cat?post=20849"},{"taxonomy":"product_tag","embeddable":true,"href":"https:\/\/www.customywear.com\/tr\/wp-json\/wp\/v2\/product_tag?post=20849"}],"curies":[{"name":"wp","href":"https:\/\/api.w.org\/{rel}","templated":true}]}}