{"id":21083,"date":"2023-07-28T13:45:25","date_gmt":"2023-07-28T13:45:25","guid":{"rendered":"https:\/\/www.customywear.com\/?post_type=product&#038;p=21083"},"modified":"2026-05-07T15:29:55","modified_gmt":"2026-05-07T15:29:55","slug":"ozel-japon-genclik-fotograf-donusum-tshirt","status":"publish","type":"product","link":"https:\/\/www.customywear.com\/tr\/custom-japanese-tee-transform-photo-youth-japan-shirt\/","title":{"rendered":"Custom Japanese Tee for girls &#8211; your photo to Japan Shirt"},"content":{"rendered":"<p>Kal\u0131c\u0131 bir izlenim b\u0131rakacak benzersiz ve ki\u015fiselle\u015ftirilmi\u015f bir hediye mi ar\u0131yorsunuz? Ba\u015fka yere bakmay\u0131n! \u00c7ocu\u011funuzun geleneksel bir Japon elbisesi giymi\u015f gibi g\u00f6r\u00fcnmesini sa\u011flayan, de\u011ferli foto\u011fraf\u0131n\u0131z\u0131 \u00e7arp\u0131c\u0131 bir vekt\u00f6r portre sanat\u0131na d\u00f6n\u00fc\u015ft\u00fcrd\u00fc\u011f\u00fcm\u00fcz \u00f6zel Gen\u00e7lik K\u0131sa Kollu ve Uzun Kollu Ti\u015f\u00f6rt\u00fcm\u00fcz\u00fc sunuyoruz. Bu, onu her ya\u015ftan Japon veya Asya k\u00fclt\u00fcr\u00fc tutkunlar\u0131 i\u00e7in m\u00fckemmel bir hediye haline getiriyor. \u0130\u015f\u00e7ili\u011fimizle gurur duyuyoruz ve foto\u011fraflar\u0131n\u0131z\u0131 dikkatlice \u00e7izmek ve bu benzersiz tasar\u0131m\u0131 olu\u015fturmak i\u00e7in Adobe Illustrator ve Adobe Photoshop gibi sekt\u00f6r lideri yaz\u0131l\u0131mlar\u0131 kullan\u0131yoruz. Bu, her ayr\u0131nt\u0131y\u0131 hassasiyetle yakalayan y\u00fcksek kaliteli vekt\u00f6r sanat\u0131n\u0131 garanti eder. Ve endi\u015felenmeyin, bask\u0131 s\u00fcrecimiz canl\u0131 ve uzun \u00f6m\u00fcrl\u00fc renkler elde etmek i\u00e7in DTG bask\u0131 teknolojisini kullan\u0131r. Bu ti\u015f\u00f6rtler yaln\u0131zca gen\u00e7ler i\u00e7in mevcut de\u011fil, ayn\u0131 zamanda yeti\u015fkinler, \u00e7ocuklar ve hatta y\u00fcr\u00fcmeye ba\u015flayan \u00e7ocuklar i\u00e7in de mevcuttur! \u00c7ocu\u011funuzu do\u011fum g\u00fcn\u00fcnde \u015fa\u015f\u0131rtmak veya \u00f6zel bir g\u00fcn\u00fc anmak istiyorsan\u0131z, \u00f6zel ti\u015f\u00f6rt\u00fcm\u00fcz unutulmaz ve anlaml\u0131 bir hediye olacakt\u0131r. Ve en iyi yan\u0131? Bu ti\u015f\u00f6rtleri, hem insanlar hem de evcil hayvanlar dahil olmak \u00fczere sevdiklerinizin y\u00fczlerini kullanarak ki\u015fiselle\u015ftirebilirsiniz. Sipari\u015f vermek basit ve zahmetsizdir. Sadece bize en sevdi\u011finiz foto\u011fraf\u0131 verin, yetenekli sanat\u00e7\u0131lar\u0131m\u0131z onu bir sanat eserine d\u00f6n\u00fc\u015ft\u00fcrmek i\u00e7in sihirlerini kullanacakt\u0131r. Herhangi bir sorunuz varsa veya daha fazla yard\u0131ma ihtiyac\u0131n\u0131z varsa, g\u00fcler y\u00fczl\u00fc m\u00fc\u015fteri destek ekibimiz yard\u0131m etmeye haz\u0131r. \u00d6yleyse neden bekliyorsunuz? Bug\u00fcn \u00f6zel bir Japon ti\u015f\u00f6rt\u00fc yarat\u0131n ve foto\u011fraflar\u0131n\u0131z\u0131 ger\u00e7ekten benzersiz bir \u015fekilde hayata ge\u00e7irin.<\/p>","protected":false},"excerpt":{"rendered":"<p>\u00d6zel bir Japon ti\u015f\u00f6rt\u00fc ile onur k\u00fclt\u00fcr\u00fc. E\u015fsiz, e\u015fsiz bir ti\u015f\u00f6rt i\u00e7in foto\u011fraf\u0131n\u0131z\u0131 ki\u015fiselle\u015ftirilmi\u015f bir Youth Japan g\u00f6mle\u011fine d\u00f6n\u00fc\u015ft\u00fcr\u00fcn.<\/p>","protected":false},"featured_media":142913,"comment_status":"open","ping_status":"closed","template":"","meta":{"_acf_changed":false},"product_brand":[],"product_cat":[6193,6157,6156,2341,6412,6428],"product_tag":[6433,6439,64,2342,67,557],"class_list":{"0":"post-21083","1":"product","2":"type-product","3":"status-publish","4":"has-post-thumbnail","6":"product_cat-girls-t-shirts","7":"product_cat-country","8":"product_cat-culture","9":"product_cat-custom-gifts-japanese-tradition","10":"product_cat-photo-to-tees","11":"product_cat-translate-products","12":"product_tag-ai-artwork","13":"product_tag-ai-kids-artwork","14":"product_tag-country_shirts","15":"product_tag-custom-arts-japanese","16":"product_tag-kids_birthday_shirt","17":"product_tag-manga_shirt","19":"first","20":"instock","21":"taxable","22":"shipping-taxable","23":"purchasable","24":"product-type-simple"},"acf":[],"wcpa_form_fields":null,"_links":{"self":[{"href":"https:\/\/www.customywear.com\/tr\/wp-json\/wp\/v2\/product\/21083","targetHints":{"allow":["GET"]}}],"collection":[{"href":"https:\/\/www.customywear.com\/tr\/wp-json\/wp\/v2\/product"}],"about":[{"href":"https:\/\/www.customywear.com\/tr\/wp-json\/wp\/v2\/types\/product"}],"replies":[{"embeddable":true,"href":"https:\/\/www.customywear.com\/tr\/wp-json\/wp\/v2\/comments?post=21083"}],"wp:featuredmedia":[{"embeddable":true,"href":"https:\/\/www.customywear.com\/tr\/wp-json\/wp\/v2\/media\/142913"}],"wp:attachment":[{"href":"https:\/\/www.customywear.com\/tr\/wp-json\/wp\/v2\/media?parent=21083"}],"wp:term":[{"taxonomy":"product_brand","embeddable":true,"href":"https:\/\/www.customywear.com\/tr\/wp-json\/wp\/v2\/product_brand?post=21083"},{"taxonomy":"product_cat","embeddable":true,"href":"https:\/\/www.customywear.com\/tr\/wp-json\/wp\/v2\/product_cat?post=21083"},{"taxonomy":"product_tag","embeddable":true,"href":"https:\/\/www.customywear.com\/tr\/wp-json\/wp\/v2\/product_tag?post=21083"}],"curies":[{"name":"wp","href":"https:\/\/api.w.org\/{rel}","templated":true}]}}