{"id":21125,"date":"2023-07-28T13:45:54","date_gmt":"2023-07-28T13:45:54","guid":{"rendered":"https:\/\/www.customywear.com\/?post_type=product&#038;p=21125"},"modified":"2026-05-07T15:29:52","modified_gmt":"2026-05-07T15:29:52","slug":"ozel-davulcu-kiz-tisort","status":"publish","type":"product","link":"https:\/\/www.customywear.com\/tr\/personalized-drummer-girl-shirt\/","title":{"rendered":"Ki\u015fiselle\u015ftirilmi\u015f Davulcu K\u0131z G\u00f6mle\u011fi \u2013 \u00d6zel Rock n Roll \u00c7ocuk Ti\u015f\u00f6rt\u00fc"},"content":{"rendered":"<p>\u00c7ocu\u011funuzun m\u00fczi\u011fe olan tutkusunu b\u00fcy\u00fcleyici oyunlar\u0131m\u0131zla ate\u015fleyin. <em>Ki\u015fiselle\u015ftirilmi\u015f Davulcu K\u0131z G\u00f6mle\u011fi<\/em>. Foto\u011fraf\u0131n\u0131 Adobe Illustrator kullanarak dinamik bir vekt\u00f6r sanat\u0131na d\u00f6n\u00fc\u015ft\u00fcr\u00fcrken onu rock n&#039; roll ritmine b\u0131rak\u0131n ve m\u00fczi\u011fe dalm\u0131\u015f gen\u00e7 bir davulcunun \u00f6z\u00fcn\u00fc yakalay\u0131n. Bu \u00f6zel ti\u015f\u00f6rt, kendi davullar\u0131n\u0131n ritmine g\u00f6re y\u00fcr\u00fcyen tomurcuklanan m\u00fczisyenler i\u00e7in uyumlu ve ilham verici bir hediyedir. Titiz tasar\u0131m s\u00fcrecimiz, Adobe Photoshop ve DTG bask\u0131 teknolojisinin g\u00fcc\u00fcnden yararlanarak ayr\u0131nt\u0131lara dikkat ve yarat\u0131c\u0131 ifadeyi garanti eder. Sonu\u00e7, gen\u00e7ler, \u00e7ocuklar ve y\u00fcr\u00fcmeye ba\u015flayan \u00e7ocuklar i\u00e7in \u00f6zel olarak tasarlanm\u0131\u015f canl\u0131 ve y\u00fcksek kaliteli bir unisex ti\u015f\u00f6rtt\u00fcr ve \u00e7ocu\u011funuzun \u015f\u0131k bir \u015fekilde \u00f6ne \u00e7\u0131kmas\u0131n\u0131 sa\u011flar. Benzersiz ve ki\u015fiselle\u015ftirilmi\u015f davulcu temal\u0131 k\u0131yafetiyle m\u00fczi\u011fe olan tutkusunu sergilerken yarat\u0131c\u0131l\u0131\u011f\u0131n\u0131n merkez sahneye \u00e7\u0131kmas\u0131na izin verin. Tasar\u0131m\u0131 kendi y\u00fcz\u00fc veya hatta sevdi\u011fi bir evcil hayvan\u0131n y\u00fcz\u00fc olsun, se\u00e7ti\u011fi y\u00fczlerle ki\u015fiselle\u015ftirerek hediyesini ger\u00e7ekten unutulmaz k\u0131l\u0131n. Bireyselli\u011fini kutlayan \u00f6zel bir par\u00e7a ile m\u00fczik ve ritim d\u00fcnyas\u0131n\u0131 kucaklay\u0131n. \u0130ster ritimlerini \u00e7al\u0131\u015fs\u0131n ister sadece en sevdi\u011fi melodilerle co\u015fsun, bu ti\u015f\u00f6rt kendini ifade etme ve yarat\u0131c\u0131l\u0131\u011f\u0131n g\u00fcc\u00fcn\u00fcn s\u00fcrekli bir hat\u0131rlat\u0131c\u0131s\u0131. Daha fazla tasar\u0131m ke\u015ffedin ve her giydi\u011finizde m\u00fczi\u011fe olan sevgisini art\u0131r\u0131n.<\/p>","protected":false},"excerpt":{"rendered":"<p>Ki\u015fiselle\u015ftirilmi\u015f bir davulcu k\u0131z g\u00f6mle\u011fi ile m\u00fczi\u011fe hayat verin. \u00d6zel rock n roll \u00e7ocuk ti\u015f\u00f6rtleri, herhangi bir foto\u011fraf\u0131 e\u011flenceli, t\u00fcr\u00fcn\u00fcn tek \u00f6rne\u011fi bir ti\u015f\u00f6rte d\u00f6n\u00fc\u015ft\u00fcr\u00fcr.<\/p>","protected":false},"featured_media":142705,"comment_status":"open","ping_status":"closed","template":"","meta":{"_acf_changed":false},"product_brand":[],"product_cat":[6193,1577,6412,6428],"product_tag":[6433,6439,1578,65,1583,156],"class_list":{"0":"post-21125","1":"product","2":"type-product","3":"status-publish","4":"has-post-thumbnail","6":"product_cat-girls-t-shirts","7":"product_cat-custom-gifts-drummers","8":"product_cat-photo-to-tees","9":"product_cat-translate-products","10":"product_tag-ai-artwork","11":"product_tag-ai-kids-artwork","12":"product_tag-gift_for_drummer","13":"product_tag-kid","14":"product_tag-music","15":"product_tag-youth-girl","17":"first","18":"instock","19":"taxable","20":"shipping-taxable","21":"purchasable","22":"product-type-simple"},"acf":[],"wcpa_form_fields":null,"_links":{"self":[{"href":"https:\/\/www.customywear.com\/tr\/wp-json\/wp\/v2\/product\/21125","targetHints":{"allow":["GET"]}}],"collection":[{"href":"https:\/\/www.customywear.com\/tr\/wp-json\/wp\/v2\/product"}],"about":[{"href":"https:\/\/www.customywear.com\/tr\/wp-json\/wp\/v2\/types\/product"}],"replies":[{"embeddable":true,"href":"https:\/\/www.customywear.com\/tr\/wp-json\/wp\/v2\/comments?post=21125"}],"wp:featuredmedia":[{"embeddable":true,"href":"https:\/\/www.customywear.com\/tr\/wp-json\/wp\/v2\/media\/142705"}],"wp:attachment":[{"href":"https:\/\/www.customywear.com\/tr\/wp-json\/wp\/v2\/media?parent=21125"}],"wp:term":[{"taxonomy":"product_brand","embeddable":true,"href":"https:\/\/www.customywear.com\/tr\/wp-json\/wp\/v2\/product_brand?post=21125"},{"taxonomy":"product_cat","embeddable":true,"href":"https:\/\/www.customywear.com\/tr\/wp-json\/wp\/v2\/product_cat?post=21125"},{"taxonomy":"product_tag","embeddable":true,"href":"https:\/\/www.customywear.com\/tr\/wp-json\/wp\/v2\/product_tag?post=21125"}],"curies":[{"name":"wp","href":"https:\/\/api.w.org\/{rel}","templated":true}]}}