{"id":21186,"date":"2023-07-28T13:46:37","date_gmt":"2023-07-28T13:46:37","guid":{"rendered":"https:\/\/www.customywear.com\/?post_type=product&#038;p=21186"},"modified":"2026-05-07T15:29:52","modified_gmt":"2026-05-07T15:29:52","slug":"golf-sever-tisort","status":"publish","type":"product","link":"https:\/\/www.customywear.com\/tr\/custom-golf-lover-tshirt\/","title":{"rendered":"Ki\u015fiselle\u015ftirilmi\u015f Spor Ti\u015f\u00f6rt\u00fcne \u00d6zel Golf A\u015f\u0131\u011f\u0131 Ti\u015f\u00f6rt \/ Foto\u011fraf"},"content":{"rendered":"<p>\u00c7ocu\u011funuzun stilini \u00d6zel Golf Sever Ti\u015f\u00f6rt\u00fcm\u00fczle y\u00fckseltin. \u00c7ocu\u011funuzun foto\u011fraf\u0131n\u0131n, a\u00e7\u0131k hava sporlar\u0131na olan sevgisinin \u00f6z\u00fcn\u00fc yakalayan b\u00fcy\u00fcleyici bir vekt\u00f6r portresine d\u00f6n\u00fc\u015fmesini izleyin. K\u00fc\u00e7\u00fck \u00e7ocu\u011funuz golf tutkunu olsun ya da sadece aktif olmaktan ho\u015flan\u0131yor olsun, bu ti\u015f\u00f6rt tutkusunu sergilemenin harika bir yoludur. Adobe Illustrator ve Adobe Photoshop&#039;un hassasiyetini kullanarak, yetenekli tasar\u0131mc\u0131lar\u0131m\u0131z se\u00e7ti\u011finiz g\u00f6r\u00fcnt\u00fcn\u00fcn birinci s\u0131n\u0131f bir vekt\u00f6r sanat\u0131 yorumunu olu\u015fturur. Son teknoloji DTG bask\u0131 tekni\u011fi kal\u0131c\u0131 renkler ve karma\u015f\u0131k detaylar sa\u011flar. Bu \u00e7ok y\u00f6nl\u00fc ve unisex tasar\u0131m, yeti\u015fkinlerden ve gen\u00e7lerden \u00e7ocuklara ve hatta y\u00fcr\u00fcmeye ba\u015flayan \u00e7ocuklara kadar her ya\u015f grubuna uygundur. Ki\u015fiselle\u015ftirilmi\u015f moda ruhunu bir sanat dokunu\u015fuyla kutlay\u0131n. \u00d6zel Golf Sever Ti\u015f\u00f6rt\u00fcm\u00fcz an\u0131lar\u0131 \u00f6l\u00fcms\u00fczle\u015ftirmek i\u00e7in m\u00fckemmel bir tuvaldir. \u00dcr\u00fcn yelpazesinde, hepsi insan ve evcil hayvan portreleriyle \u00f6zelle\u015ftirilebilen \u00e7e\u015fitli tasar\u0131mlar bulunur. Giyilebilir sanat\u0131n keyfini ke\u015ffedin ve bu benzersiz, \u00f6zel yap\u0131m ti\u015f\u00f6rtle benzersiz stilinizi ifade edin. <strong>Temel \u00d6zellikler:<\/strong><\/p>\n<ul>\n<li>Foto\u011fraf\u0131n\u0131zdan d\u00f6n\u00fc\u015ft\u00fcr\u00fclebilir vekt\u00f6r sanat\u0131<\/li>\n<li>Kal\u0131c\u0131 canl\u0131l\u0131k i\u00e7in DTG bask\u0131<\/li>\n<li>Her ya\u015fa uygun unisex tasar\u0131m<\/li>\n<li>\u0130nsan ve evcil hayvan portreleriyle \u00f6zelle\u015ftirilebilir<\/li>\n<li>Yeti\u015fkinler, gen\u00e7ler, \u00e7ocuklar ve y\u00fcr\u00fcmeye ba\u015flayan \u00e7ocuklar i\u00e7in mevcuttur<\/li>\n<\/ul>\n<p>Anlar\u0131 giyilebilir \u015faheserlere d\u00f6n\u00fc\u015ft\u00fcrmenin heyecan\u0131n\u0131 ya\u015fay\u0131n. Bug\u00fcn \u00d6zel Golf Sever Ti\u015f\u00f6rt\u00fcn\u00fcz\u00fc sipari\u015f edin ve kendini ifade etme ve ki\u015fiselle\u015ftirilmi\u015f hediye verme sanat\u0131n\u0131 benimseyin.<\/p>","protected":false},"excerpt":{"rendered":"<p>\u00d6zel bir golf sever ti\u015f\u00f6rt\u00fc ile \u015f\u0131k bir \u015fekilde ti\u015f\u00f6rt yap\u0131n. Ki\u015fiselle\u015ftirilmi\u015f spor ti\u015f\u00f6rtler i\u00e7in foto\u011fraf, herhangi bir foto\u011fraf\u0131 t\u00fcr\u00fcn\u00fcn tek \u00f6rne\u011fi sportif bir ti\u015f\u00f6rte d\u00f6n\u00fc\u015ft\u00fcr\u00fcr.<\/p>","protected":false},"featured_media":142789,"comment_status":"open","ping_status":"closed","template":"","meta":{"_acf_changed":false},"product_brand":[],"product_cat":[6193,933,6412,6428],"product_tag":[6433,6439,934,937,938,2075,65,67,326,105,156],"class_list":{"0":"post-21186","1":"product","2":"type-product","3":"status-publish","4":"has-post-thumbnail","6":"product_cat-girls-t-shirts","7":"product_cat-custom-gifts-golf-players","8":"product_cat-photo-to-tees","9":"product_cat-translate-products","10":"product_tag-ai-artwork","11":"product_tag-ai-kids-artwork","12":"product_tag-birthday_shirt","13":"product_tag-golf","14":"product_tag-golf_gifts","15":"product_tag-golf_shirt","16":"product_tag-kid","17":"product_tag-kids_birthday_shirt","18":"product_tag-sports","19":"product_tag-summer_shirt","20":"product_tag-youth-girl","22":"first","23":"instock","24":"taxable","25":"shipping-taxable","26":"purchasable","27":"product-type-simple"},"acf":[],"wcpa_form_fields":null,"_links":{"self":[{"href":"https:\/\/www.customywear.com\/tr\/wp-json\/wp\/v2\/product\/21186","targetHints":{"allow":["GET"]}}],"collection":[{"href":"https:\/\/www.customywear.com\/tr\/wp-json\/wp\/v2\/product"}],"about":[{"href":"https:\/\/www.customywear.com\/tr\/wp-json\/wp\/v2\/types\/product"}],"replies":[{"embeddable":true,"href":"https:\/\/www.customywear.com\/tr\/wp-json\/wp\/v2\/comments?post=21186"}],"wp:featuredmedia":[{"embeddable":true,"href":"https:\/\/www.customywear.com\/tr\/wp-json\/wp\/v2\/media\/142789"}],"wp:attachment":[{"href":"https:\/\/www.customywear.com\/tr\/wp-json\/wp\/v2\/media?parent=21186"}],"wp:term":[{"taxonomy":"product_brand","embeddable":true,"href":"https:\/\/www.customywear.com\/tr\/wp-json\/wp\/v2\/product_brand?post=21186"},{"taxonomy":"product_cat","embeddable":true,"href":"https:\/\/www.customywear.com\/tr\/wp-json\/wp\/v2\/product_cat?post=21186"},{"taxonomy":"product_tag","embeddable":true,"href":"https:\/\/www.customywear.com\/tr\/wp-json\/wp\/v2\/product_tag?post=21186"}],"curies":[{"name":"wp","href":"https:\/\/api.w.org\/{rel}","templated":true}]}}