{"id":21198,"date":"2023-07-28T13:46:45","date_gmt":"2023-07-28T13:46:45","guid":{"rendered":"https:\/\/www.customywear.com\/?post_type=product&#038;p=21198"},"modified":"2026-05-05T20:24:09","modified_gmt":"2026-05-05T20:24:09","slug":"ozel-tshirt-jimnastik-erkek-antrenman","status":"publish","type":"product","link":"https:\/\/www.customywear.com\/tr\/custom-gymnastics-man-workout-t-shirt\/","title":{"rendered":"Ki\u015fiye \u00d6zel Jimnastik Erkek Antrenman Ti\u015f\u00f6rt\u00fc \u2013 Ki\u015fiye \u00d6zel Egzersiz Ti\u015f\u00f6rt\u00fc"},"content":{"rendered":"<p>Benzersiz \u00d6zel Jimnastik Adam Antrenman Ti\u015f\u00f6rt\u00fcm\u00fczle egzersiz rutininizi y\u00fckseltin. Adobe Illustrator ve Adobe Photoshop&#039;un g\u00fcc\u00fcn\u00fc kullanarak, canland\u0131r\u0131c\u0131 egzersizler yaparken sizi pitoresk bir plaj arka plan\u0131na yerle\u015ftirerek foto\u011fraf\u0131n\u0131z\u0131 \u00e7arp\u0131c\u0131 bir g\u00f6rsele d\u00f6n\u00fc\u015ft\u00fcrece\u011fiz. Bu ki\u015fiselle\u015ftirilmi\u015f ti\u015f\u00f6rt, egzersiz tutkunlar\u0131, spor salonuna gidenler ve aktif bir ya\u015fam tarz\u0131na sahip olanlar i\u00e7in \u00f6zel olarak tasarlanm\u0131\u015ft\u0131r.<\/p>\n<p>Ki\u015fiye \u00f6zel antrenman ti\u015f\u00f6rt\u00fcm\u00fczle stil ve zindeli\u011fin birle\u015fimini deneyimleyin. Bu tasar\u0131m, egzersize olan ba\u011fl\u0131l\u0131\u011f\u0131n\u0131z\u0131n \u00f6z\u00fcn\u00fc yakalar ve onu hareket sanat\u0131n\u0131 takdir eden erkekler i\u00e7in ideal bir hediye haline getirir. Spor salonu arkada\u015f\u0131 olman\u0131n \u00f6tesinde, egzersiz temal\u0131 do\u011fum g\u00fcnleri, antrenman y\u0131ld\u00f6n\u00fcmleri ve daha fazlas\u0131yla yank\u0131lanan \u00e7ok y\u00f6nl\u00fc bir par\u00e7ad\u0131r.<\/p>\n<p>DTG bask\u0131l\u0131 ti\u015f\u00f6rtlerimiz, canl\u0131 ve kal\u0131c\u0131 tasar\u0131mlar sa\u011flayan y\u00fcksek kaliteli vekt\u00f6r sanat\u0131na sahiptir. Unisex stillerde mevcut olan ti\u015f\u00f6rtlerimiz yeti\u015fkinlere, gen\u00e7lere, \u00e7ocuklara ve hatta y\u00fcr\u00fcmeye ba\u015flayan \u00e7ocuklara hitap eder. Tasar\u0131ma insan ve evcil hayvan y\u00fczlerini entegre ederek ki\u015fisel bir dokunu\u015fla spor k\u0131yafetlerinizi y\u00fckseltin ve fitness tutkunuzun g\u00f6rsel bir temsilini yarat\u0131n. Bir dizi se\u00e7ene\u011fi ke\u015ffedin ve ba\u011fl\u0131l\u0131\u011f\u0131n\u0131z\u0131 gururla giyme f\u0131rsat\u0131n\u0131 yakalay\u0131n.<\/p>","protected":false},"excerpt":{"rendered":"<p>\u00d6zel bir jimnastik adam egzersiz ti\u015f\u00f6rt\u00fc ile \u015f\u0131k bir \u015fekilde antrenman yap\u0131n. Ki\u015fiselle\u015ftirilmi\u015f egzersiz ti\u015f\u00f6rtleri, foto\u011fraflar\u0131 cesur fitness tasar\u0131mlar\u0131na d\u00f6n\u00fc\u015ft\u00fcr\u00fcr.<\/p>","protected":false},"featured_media":143254,"comment_status":"open","ping_status":"closed","template":"","meta":{"_acf_changed":false},"product_brand":[],"product_cat":[6195,526,186,6337,6339,6412,310,6428],"product_tag":[6433,6217,6165,546,6216,326],"class_list":{"0":"post-21198","1":"product","2":"type-product","3":"status-publish","4":"has-post-thumbnail","6":"product_cat-t-shirts-men","7":"product_cat-gym-shirts","8":"product_cat-men","9":"product_cat-mens-gym-t-shirts","10":"product_cat-mens-sports-t-shirts","11":"product_cat-photo-to-tees","12":"product_cat-sports-shirts","13":"product_cat-translate-products","14":"product_tag-ai-artwork","15":"product_tag-custom-t-shirt","16":"product_tag-custom-gym-tees","17":"product_tag-gym","18":"product_tag-mens-custom-t-shirts","19":"product_tag-sports","21":"first","22":"instock","23":"taxable","24":"shipping-taxable","25":"purchasable","26":"product-type-simple"},"acf":[],"wcpa_form_fields":null,"_links":{"self":[{"href":"https:\/\/www.customywear.com\/tr\/wp-json\/wp\/v2\/product\/21198","targetHints":{"allow":["GET"]}}],"collection":[{"href":"https:\/\/www.customywear.com\/tr\/wp-json\/wp\/v2\/product"}],"about":[{"href":"https:\/\/www.customywear.com\/tr\/wp-json\/wp\/v2\/types\/product"}],"replies":[{"embeddable":true,"href":"https:\/\/www.customywear.com\/tr\/wp-json\/wp\/v2\/comments?post=21198"}],"wp:featuredmedia":[{"embeddable":true,"href":"https:\/\/www.customywear.com\/tr\/wp-json\/wp\/v2\/media\/143254"}],"wp:attachment":[{"href":"https:\/\/www.customywear.com\/tr\/wp-json\/wp\/v2\/media?parent=21198"}],"wp:term":[{"taxonomy":"product_brand","embeddable":true,"href":"https:\/\/www.customywear.com\/tr\/wp-json\/wp\/v2\/product_brand?post=21198"},{"taxonomy":"product_cat","embeddable":true,"href":"https:\/\/www.customywear.com\/tr\/wp-json\/wp\/v2\/product_cat?post=21198"},{"taxonomy":"product_tag","embeddable":true,"href":"https:\/\/www.customywear.com\/tr\/wp-json\/wp\/v2\/product_tag?post=21198"}],"curies":[{"name":"wp","href":"https:\/\/api.w.org\/{rel}","templated":true}]}}