{"id":21199,"date":"2023-07-28T13:46:46","date_gmt":"2023-07-28T13:46:46","guid":{"rendered":"https:\/\/www.customywear.com\/?post_type=product&#038;p=21199"},"modified":"2026-05-05T20:24:09","modified_gmt":"2026-05-05T20:24:09","slug":"ozel-tshirt-iyi-kimsenin-dogum-gunu-erkek","status":"publish","type":"product","link":"https:\/\/www.customywear.com\/tr\/custom-happy-birthday-man-shirt\/","title":{"rendered":"Ki\u015fiye \u00d6zel Mutlu Y\u0131llar Erkek G\u00f6mle\u011fi \u2013 Erkekler \u0130\u00e7in Ki\u015fiselle\u015ftirilmi\u015f E\u011flenceli Hediye"},"content":{"rendered":"<p>Do\u011fum g\u00fcnlerinizi \u00d6zel Mutlu Y\u0131llar Erkek G\u00f6mle\u011fimizle unutulmaz k\u0131l\u0131n. Uzman sanat\u00e7\u0131lar\u0131m\u0131z, canl\u0131 bir do\u011fum g\u00fcn\u00fc pastas\u0131n\u0131n \u00f6n\u00fcnde kutlaman\u0131z\u0131 sergileyen bir vekt\u00f6r portre sanat\u0131 olu\u015fturmak i\u00e7in Adobe Illustrator ve Adobe Photoshop kullan\u0131r. Bu ki\u015fiselle\u015ftirilmi\u015f ti\u015f\u00f6rt, erkek arkada\u015f\u0131n\u0131z, baban\u0131z, kocan\u0131z, karde\u015finiz ve hayat\u0131n\u0131zdaki herhangi bir \u00f6zel adam i\u00e7in m\u00fckemmel, en e\u011flenceli ve ne\u015feli hediyedir. Unisex Yeti\u015fkin K\u0131sa Kollu ve Uzun Kollu ti\u015f\u00f6rt tasar\u0131m\u0131m\u0131zla ki\u015fiselle\u015ftirmenin keyfini \u00e7\u0131kar\u0131n. Bu sadece bir ti\u015f\u00f6rt de\u011fil; kutlama ruhunu yakalayan kahkaha att\u0131ran bir sanat eseri. \u0130ster \u00f6nemli bir do\u011fum g\u00fcn\u00fc olsun ister sadece kutlanacak bir g\u00fcn, bu ti\u015f\u00f6rt bu duruma bir mizah ve ki\u015fiselle\u015ftirme dokunu\u015fu katar. DTG bask\u0131 s\u00fcrecimiz, ki\u015fiselle\u015ftirilmi\u015f tasar\u0131m\u0131n\u0131z\u0131n canl\u0131 ve y\u00fcksek kalitede kalmas\u0131n\u0131 sa\u011flayarak karma\u015f\u0131k vekt\u00f6r sanat\u0131n\u0131 sergiler. Bu \u00e7ok y\u00f6nl\u00fc ti\u015f\u00f6rtler yeti\u015fkinlere, gen\u00e7lere, \u00e7ocuklara ve y\u00fcr\u00fcmeye ba\u015flayan \u00e7ocuklara hitap eder ve onlar\u0131 \u00e7ok \u00e7e\u015fitli ya\u015flar i\u00e7in ideal bir se\u00e7im haline getirir. Tasar\u0131ma insan ve evcil hayvan y\u00fczleri ekleyerek kahkahay\u0131 y\u00fckseltin ve unutulmaz bir hat\u0131ra yarat\u0131n. Sonsuz tasar\u0131m se\u00e7enekleriyle ki\u015fiye \u00f6zel hediye d\u00fcnyas\u0131n\u0131 ke\u015ffedin ve do\u011fum g\u00fcn\u00fc sevincini hi\u00e7 olmad\u0131\u011f\u0131 kadar payla\u015f\u0131n.<\/p>","protected":false},"excerpt":{"rendered":"<p>Do\u011fum g\u00fcnlerini \u00f6zel bir mutlu do\u011fum g\u00fcn\u00fc adam g\u00f6mle\u011fi ile kutlay\u0131n. Onun i\u00e7in ki\u015fiselle\u015ftirilmi\u015f e\u011flenceli hediyeler, herhangi bir foto\u011fraf\u0131 benzersiz, \u015fenlikli bir ti\u015f\u00f6rte d\u00f6n\u00fc\u015ft\u00fcr\u00fcr.<\/p>","protected":false},"featured_media":142573,"comment_status":"open","ping_status":"closed","template":"","meta":{"_acf_changed":false},"product_brand":[],"product_cat":[6195,496,6246,186,6342,6412,6428],"product_tag":[6433,498,6216,6219,6220],"class_list":{"0":"post-21199","1":"product","2":"type-product","3":"status-publish","4":"has-post-thumbnail","6":"product_cat-t-shirts-men","7":"product_cat-birthday","8":"product_cat-custom-gifts-birthday-party","9":"product_cat-men","10":"product_cat-mens-birthday-t-shirts","11":"product_cat-photo-to-tees","12":"product_cat-translate-products","13":"product_tag-ai-artwork","14":"product_tag-birthday","15":"product_tag-mens-custom-t-shirts","16":"product_tag-order-custom-shirts","17":"product_tag-t-shirt-printing-near-me","19":"first","20":"instock","21":"taxable","22":"shipping-taxable","23":"purchasable","24":"product-type-simple"},"acf":[],"wcpa_form_fields":null,"_links":{"self":[{"href":"https:\/\/www.customywear.com\/tr\/wp-json\/wp\/v2\/product\/21199","targetHints":{"allow":["GET"]}}],"collection":[{"href":"https:\/\/www.customywear.com\/tr\/wp-json\/wp\/v2\/product"}],"about":[{"href":"https:\/\/www.customywear.com\/tr\/wp-json\/wp\/v2\/types\/product"}],"replies":[{"embeddable":true,"href":"https:\/\/www.customywear.com\/tr\/wp-json\/wp\/v2\/comments?post=21199"}],"wp:featuredmedia":[{"embeddable":true,"href":"https:\/\/www.customywear.com\/tr\/wp-json\/wp\/v2\/media\/142573"}],"wp:attachment":[{"href":"https:\/\/www.customywear.com\/tr\/wp-json\/wp\/v2\/media?parent=21199"}],"wp:term":[{"taxonomy":"product_brand","embeddable":true,"href":"https:\/\/www.customywear.com\/tr\/wp-json\/wp\/v2\/product_brand?post=21199"},{"taxonomy":"product_cat","embeddable":true,"href":"https:\/\/www.customywear.com\/tr\/wp-json\/wp\/v2\/product_cat?post=21199"},{"taxonomy":"product_tag","embeddable":true,"href":"https:\/\/www.customywear.com\/tr\/wp-json\/wp\/v2\/product_tag?post=21199"}],"curies":[{"name":"wp","href":"https:\/\/api.w.org\/{rel}","templated":true}]}}