{"id":21207,"date":"2023-07-28T13:46:58","date_gmt":"2023-07-28T13:46:58","guid":{"rendered":"https:\/\/www.customywear.com\/?post_type=product&#038;p=21207"},"modified":"2026-05-16T11:14:10","modified_gmt":"2026-05-16T11:14:10","slug":"ozel-yuruyus-kadin-gomlegi","status":"publish","type":"product","link":"https:\/\/www.customywear.com\/tr\/custom-hiking-woman-shirt\/","title":{"rendered":"\u00d6zel Y\u00fcr\u00fcy\u00fc\u015f Kad\u0131n G\u00f6mle\u011fi \u2013 Ki\u015fiselle\u015ftirilmi\u015f Kad\u0131n Y\u00fcr\u00fcy\u00fc\u015f\u00e7\u00fc Da\u011f Ti\u015f\u00f6rt\u00fc"},"content":{"rendered":"<p>Zirveleri fetheden kad\u0131n y\u00fcr\u00fcy\u00fc\u015f\u00e7\u00fclere ki\u015fiselle\u015ftirilmi\u015f bir \u00f6vg\u00fc olan \u00d6zel Y\u00fcr\u00fcy\u00fc\u015f Kad\u0131n G\u00f6mle\u011fimizle a\u00e7\u0131k hava maceralar\u0131n\u0131z\u0131 bir \u00fcst seviyeye ta\u015f\u0131y\u0131n. Yetenekli zanaatkarlar\u0131m\u0131z, Adobe Illustrator ve Adobe Photoshop&#039;un g\u00fcc\u00fcnden yararlanarak b\u00fcy\u00fcleyici vekt\u00f6r portre sanat\u0131 yarat\u0131yor ve foto\u011fraf\u0131n\u0131z\u0131 g\u00f6rkemli bir da\u011f\u0131 fethetti\u011finiz \u00e7arp\u0131c\u0131 bir tasvire d\u00f6n\u00fc\u015ft\u00fcr\u00fcyor. Birinci s\u0131n\u0131f sanat eserlerimizle s\u00fcslenmi\u015f bu \u00f6zel ti\u015f\u00f6rt, y\u00fcr\u00fcy\u00fc\u015f merakl\u0131lar\u0131 ve do\u011fa severler i\u00e7in en iyi hediyedir. \u00d6zel Unisex Yeti\u015fkin K\u0131sa Kollu ve Uzun Kollu Ti\u015f\u00f6rt tasar\u0131m\u0131m\u0131zla ki\u015fiselle\u015ftirmenin b\u00fcy\u00fcs\u00fcn\u00fc deneyimleyin. Bu ti\u015f\u00f6rtler giysi olman\u0131n \u00f6tesinde, zirvelere t\u0131rmanman\u0131n ve zorluklar\u0131 fethetmenin heyecan\u0131n\u0131 \u00f6zetleyen de\u011ferli hat\u0131ralar haline geliyor. \u00c7ok y\u00f6nl\u00fc bir unisex stiliyle, \u00e7e\u015fitli ya\u015flara hitap ediyor ve yeti\u015fkinler, gen\u00e7ler, \u00e7ocuklar ve y\u00fcr\u00fcmeye ba\u015flayan \u00e7ocuklar i\u00e7in uygun hale getiriyor. \u0130nsan ve evcil hayvan y\u00fczlerini dahil ederek tasar\u0131m\u0131n\u0131za bir miktar bireysellik kat\u0131n ve ger\u00e7ekten benzersiz ti\u015f\u00f6rtler yarat\u0131n. Bu ki\u015fiselle\u015ftirilmi\u015f ti\u015f\u00f6rtler yaln\u0131zca a\u00e7\u0131k havan\u0131n g\u00fczelli\u011fini kutlamakla kalm\u0131yor, ayn\u0131 zamanda kad\u0131n y\u00fcr\u00fcy\u00fc\u015f\u00e7\u00fclerin g\u00fc\u00e7 ve kudretini de simgeliyor. Her biri benzersiz yolculu\u011funuzun ruhunu yakalamaya ve do\u011fan\u0131n harikalar\u0131yla derin bir ba\u011f kurmaya haz\u0131r tasar\u0131m yelpazemizi ke\u015ffedin.<\/p>","protected":false},"excerpt":{"rendered":"<p>\u00d6zel bir y\u00fcr\u00fcy\u00fc\u015f kad\u0131n g\u00f6mle\u011fi ile \u015f\u0131k bir y\u00fcr\u00fcy\u00fc\u015f yap\u0131n. Ki\u015fiselle\u015ftirilmi\u015f kad\u0131n y\u00fcr\u00fcy\u00fc\u015f\u00e7\u00fc da\u011f ti\u015f\u00f6rtleri, herhangi bir foto\u011fraf\u0131 benzersiz bir d\u0131\u015f mekandan ilham alan bir ti\u015f\u00f6rte d\u00f6n\u00fc\u015ft\u00fcr\u00fcr.<\/p>","protected":false},"featured_media":142837,"comment_status":"open","ping_status":"closed","template":"","meta":{"_acf_changed":false},"product_brand":[],"product_cat":[6191,558,559,6412,310,6428,75,6356],"product_tag":[560,6433,562,326,6442,112],"class_list":{"0":"post-21207","1":"product","2":"type-product","3":"status-publish","4":"has-post-thumbnail","6":"product_cat-t-shirts-women","7":"product_cat-custom-gifts-hiking","8":"product_cat-hiking-t-shirts","9":"product_cat-photo-to-tees","10":"product_cat-sports-shirts","11":"product_cat-translate-products","12":"product_cat-women","13":"product_cat-womens-summer-t-shirts","14":"product_tag-adventure_shirt","15":"product_tag-ai-artwork","16":"product_tag-hiking-art","17":"product_tag-sports","18":"product_tag-top-artwork","19":"product_tag-women","21":"first","22":"instock","23":"taxable","24":"shipping-taxable","25":"purchasable","26":"product-type-simple"},"acf":[],"wcpa_form_fields":null,"_links":{"self":[{"href":"https:\/\/www.customywear.com\/tr\/wp-json\/wp\/v2\/product\/21207","targetHints":{"allow":["GET"]}}],"collection":[{"href":"https:\/\/www.customywear.com\/tr\/wp-json\/wp\/v2\/product"}],"about":[{"href":"https:\/\/www.customywear.com\/tr\/wp-json\/wp\/v2\/types\/product"}],"replies":[{"embeddable":true,"href":"https:\/\/www.customywear.com\/tr\/wp-json\/wp\/v2\/comments?post=21207"}],"wp:featuredmedia":[{"embeddable":true,"href":"https:\/\/www.customywear.com\/tr\/wp-json\/wp\/v2\/media\/142837"}],"wp:attachment":[{"href":"https:\/\/www.customywear.com\/tr\/wp-json\/wp\/v2\/media?parent=21207"}],"wp:term":[{"taxonomy":"product_brand","embeddable":true,"href":"https:\/\/www.customywear.com\/tr\/wp-json\/wp\/v2\/product_brand?post=21207"},{"taxonomy":"product_cat","embeddable":true,"href":"https:\/\/www.customywear.com\/tr\/wp-json\/wp\/v2\/product_cat?post=21207"},{"taxonomy":"product_tag","embeddable":true,"href":"https:\/\/www.customywear.com\/tr\/wp-json\/wp\/v2\/product_tag?post=21207"}],"curies":[{"name":"wp","href":"https:\/\/api.w.org\/{rel}","templated":true}]}}