{"id":21209,"date":"2023-07-28T13:47:08","date_gmt":"2023-07-28T13:47:08","guid":{"rendered":"https:\/\/www.customywear.com\/?post_type=product&#038;p=21209"},"modified":"2026-05-07T15:29:52","modified_gmt":"2026-05-07T15:29:52","slug":"hint-kiz-ozel-tshirt","status":"publish","type":"product","link":"https:\/\/www.customywear.com\/tr\/custom-indian-girl-tee\/","title":{"rendered":"\u00d6zel Hintli K\u0131z Ti\u015f\u00f6rt \/ Foto\u011fraf\u0131n\u0131z\u0131 Ki\u015fiselle\u015ftirilmi\u015f Ti\u015f\u00f6rte D\u00f6n\u00fc\u015ft\u00fcr\u00fcn"},"content":{"rendered":"<p>De\u011ferli anlar\u0131n sanatsal modayla bulu\u015ftu\u011fu \u00f6zel Ki\u015fiye \u00d6zel Hint K\u0131z\u0131 Ti\u015f\u00f6rt\u00fcm\u00fczle gard\u0131robunuzu y\u00fckseltin. Yetenekli tasar\u0131mc\u0131lar\u0131m\u0131z \u00e7ocu\u011funuzun foto\u011fraf\u0131n\u0131 ustal\u0131kla b\u00fcy\u00fcleyici bir vekt\u00f6r portresine d\u00f6n\u00fc\u015ft\u00fcrerek \u00e7a\u011fda\u015f stili Hindistan&#039;\u0131n k\u00fclt\u00fcrel zenginli\u011fiyle kusursuz bir \u015fekilde harmanl\u0131yor. Sevdiklerinizi ki\u015fiselle\u015ftirilmi\u015f giyilebilir bir sanat eserine dald\u0131r\u0131n ve her durumu ger\u00e7ekten \u00f6zel hale getirin. Adobe Illustrator ve Adobe Photoshop&#039;un g\u00fcc\u00fcnden yararlanarak, DTG bask\u0131 yoluyla vizyonunuzu hayata ge\u00e7iriyoruz ve canl\u0131 ve kal\u0131c\u0131 tasar\u0131mlar sa\u011fl\u0131yoruz. Yeti\u015fkinlerden gen\u00e7lere, \u00e7ocuklara ve hatta y\u00fcr\u00fcmeye ba\u015flayan \u00e7ocuklara kadar her ya\u015fa uygun \u015fekilde tasarlanm\u0131\u015f unisex koleksiyonumuzun \u00e7ok y\u00f6nl\u00fcl\u00fc\u011f\u00fcn\u00fc benimseyin. Do\u011fum g\u00fcnlerini, aile tatillerini kutlay\u0131n veya Hindistan&#039;\u0131n miras\u0131n\u0131n \u00f6z\u00fcn\u00fc yakalayan ki\u015fiye \u00f6zel bir ti\u015f\u00f6rtle benzersiz zevkinizi sergileyin. Sadece gen\u00e7leri de\u011fil yeti\u015fkinleri de s\u00fcsleyen ve moda yoluyla bir birliktelik duygusunu besleyen ola\u011fan\u00fcst\u00fc bir tasar\u0131m haz\u0131rlarken ki\u015fiselle\u015ftirmenin keyfini \u00e7\u0131kar\u0131n. Her bir par\u00e7an\u0131n an\u0131lar\u0131 giyilebilir ifadelere d\u00f6n\u00fc\u015ft\u00fcrme sanat\u0131n\u0131n bir kan\u0131t\u0131 oldu\u011fu \u00e7e\u015fitli se\u00e7eneklerimizi ke\u015ffedin. De\u011ferli bir an\u0131y\u0131, her ipli\u011fin bir hikaye anlatt\u0131\u011f\u0131, y\u00fcksek kaliteli, ki\u015fiselle\u015ftirilmi\u015f bir ti\u015f\u00f6rtle hediye etmenin b\u00fcy\u00fcs\u00fcn\u00fc ke\u015ffedin.<\/p>","protected":false},"excerpt":{"rendered":"<p>\u00d6zel bir Hintli k\u0131z ti\u015f\u00f6rt ile gelene\u011fi onurland\u0131r\u0131n. E\u015fsiz, k\u00fclt\u00fcrel ilhaml\u0131 bir tasar\u0131m i\u00e7in foto\u011fraf\u0131n\u0131z\u0131 ki\u015fiselle\u015ftirilmi\u015f bir ti\u015f\u00f6rte d\u00f6n\u00fc\u015ft\u00fcr\u00fcn.<\/p>","protected":false},"featured_media":142885,"comment_status":"open","ping_status":"closed","template":"","meta":{"_acf_changed":false},"product_brand":[],"product_cat":[6193,6264,6412,6428],"product_tag":[560,6433,6439,2309,2314,65,67,156],"class_list":{"0":"post-21209","1":"product","2":"type-product","3":"status-publish","4":"has-post-thumbnail","6":"product_cat-girls-t-shirts","7":"product_cat-custom-gifts-indian-culture","8":"product_cat-photo-to-tees","9":"product_cat-translate-products","10":"product_tag-adventure_shirt","11":"product_tag-ai-artwork","12":"product_tag-ai-kids-artwork","13":"product_tag-diwali_gift","14":"product_tag-indian_wedding","15":"product_tag-kid","16":"product_tag-kids_birthday_shirt","17":"product_tag-youth-girl","19":"first","20":"instock","21":"taxable","22":"shipping-taxable","23":"purchasable","24":"product-type-simple"},"acf":[],"wcpa_form_fields":null,"_links":{"self":[{"href":"https:\/\/www.customywear.com\/tr\/wp-json\/wp\/v2\/product\/21209","targetHints":{"allow":["GET"]}}],"collection":[{"href":"https:\/\/www.customywear.com\/tr\/wp-json\/wp\/v2\/product"}],"about":[{"href":"https:\/\/www.customywear.com\/tr\/wp-json\/wp\/v2\/types\/product"}],"replies":[{"embeddable":true,"href":"https:\/\/www.customywear.com\/tr\/wp-json\/wp\/v2\/comments?post=21209"}],"wp:featuredmedia":[{"embeddable":true,"href":"https:\/\/www.customywear.com\/tr\/wp-json\/wp\/v2\/media\/142885"}],"wp:attachment":[{"href":"https:\/\/www.customywear.com\/tr\/wp-json\/wp\/v2\/media?parent=21209"}],"wp:term":[{"taxonomy":"product_brand","embeddable":true,"href":"https:\/\/www.customywear.com\/tr\/wp-json\/wp\/v2\/product_brand?post=21209"},{"taxonomy":"product_cat","embeddable":true,"href":"https:\/\/www.customywear.com\/tr\/wp-json\/wp\/v2\/product_cat?post=21209"},{"taxonomy":"product_tag","embeddable":true,"href":"https:\/\/www.customywear.com\/tr\/wp-json\/wp\/v2\/product_tag?post=21209"}],"curies":[{"name":"wp","href":"https:\/\/api.w.org\/{rel}","templated":true}]}}