{"id":21214,"date":"2023-07-28T13:47:11","date_gmt":"2023-07-28T13:47:11","guid":{"rendered":"https:\/\/www.customywear.com\/?post_type=product&#038;p=21214"},"modified":"2026-05-07T15:29:52","modified_gmt":"2026-05-07T15:29:52","slug":"ozel-karate-cocuk-kiz-tisortu","status":"publish","type":"product","link":"https:\/\/www.customywear.com\/tr\/custom-karate-kid-girls-shirt\/","title":{"rendered":"\u00d6zel Karate \u00c7ocuk K\u0131z G\u00f6mlek \/ Ki\u015fiselle\u015ftirilmi\u015f D\u00f6v\u00fc\u015f Sanatlar\u0131 Gen\u00e7lik Tee"},"content":{"rendered":"<p>Gen\u00e7 spor tutkununuzu, \u00e7ocu\u011funuzun foto\u011fraf\u0131n\u0131 ustal\u0131kla karate hareketlerini sergiledi\u011fi b\u00fcy\u00fcleyici bir vekt\u00f6r portresine d\u00f6n\u00fc\u015ft\u00fcrd\u00fc\u011f\u00fcm\u00fcz &#034;\u00d6zel Karate \u00c7ocuk K\u0131z G\u00f6mle\u011fimiz&#034; ile ilhamland\u0131r\u0131n. Bu ki\u015fiselle\u015ftirilmi\u015f gen\u00e7lik ti\u015f\u00f6rt\u00fc, gen\u00e7 d\u00f6v\u00fc\u015f sanatlar\u0131 tutkunlar\u0131 i\u00e7in m\u00fckemmel bir hediyedir ve onlar\u0131 spor ve d\u00f6v\u00fc\u015f sanatlar\u0131na olan tutkular\u0131n\u0131 benimsemeye te\u015fvik eder. Adobe Illustrator ve Adobe Photoshop&#039;un uzmanl\u0131\u011f\u0131n\u0131 kullanarak, \u00e7ocu\u011funuzun foto\u011fraf\u0131n\u0131n her ayr\u0131nt\u0131s\u0131n\u0131n y\u00fcksek kaliteli bir vekt\u00f6r sanat\u0131na d\u00f6n\u00fc\u015ft\u00fcr\u00fclmesini ve d\u00f6v\u00fc\u015f sanatlar\u0131 yolculu\u011funun \u00f6z\u00fcn\u00fc yakalamas\u0131n\u0131 sa\u011fl\u0131yoruz. Hem Gen\u00e7lik K\u0131sa Kollu hem de Uzun Kollu se\u00e7enekleri bulunan bu yarat\u0131c\u0131 ti\u015f\u00f6rt, y\u00fcr\u00fcmeye ba\u015flayan \u00e7ocuklardan \u00e7ocuklara ve gen\u00e7lere kadar her ya\u015ftan k\u0131za uygundur. Tasar\u0131m, canl\u0131 renkler ve y\u0131kamadan sonra dayan\u0131kl\u0131l\u0131k sa\u011flayan DTG bask\u0131 teknolojisi kullan\u0131larak bas\u0131lm\u0131\u015ft\u0131r. Daha da \u00f6zel hale getirmek i\u00e7in, ekstra bir ki\u015fiselle\u015ftirme dokunu\u015fu ekleyerek evcil hayvan\u0131n\u0131z\u0131n y\u00fcz\u00fcn\u00fc sanat eserine ekleme se\u00e7ene\u011fi sunuyoruz. K\u00fc\u00e7\u00fck d\u00f6v\u00fc\u015f sanatlar\u0131 tutkununuzu, gard\u0131robuna d\u00fc\u015f\u00fcnceli ve g\u00fc\u00e7lendirici bir ek olan bu benzersiz \u00f6zel karate \u00e7ocuk k\u0131z ti\u015f\u00f6rt\u00fc ile tutkusunu gururla ta\u015f\u0131maya te\u015fvik edin.<\/p>","protected":false},"excerpt":{"rendered":"<p>\u00d6zel Karate Kid Girls g\u00f6mle\u011fi ile usta d\u00f6v\u00fc\u015f sanatlar\u0131. Ki\u015fiselle\u015ftirilmi\u015f d\u00f6v\u00fc\u015f sanatlar\u0131 gen\u00e7lik ti\u015f\u00f6rtleri, herhangi bir foto\u011fraf\u0131 benzersiz, benzersiz bir ti\u015f\u00f6rte d\u00f6n\u00fc\u015ft\u00fcr\u00fcr.<\/p>","protected":false},"featured_media":142941,"comment_status":"open","ping_status":"closed","template":"","meta":{"_acf_changed":false},"product_brand":[],"product_cat":[6193,2406,6412,6428],"product_tag":[6433,6439,934,2408,1301,1302,65,67,326,156],"class_list":{"0":"post-21214","1":"product","2":"type-product","3":"status-publish","4":"has-post-thumbnail","6":"product_cat-girls-t-shirts","7":"product_cat-custom-gifts-karate","8":"product_cat-photo-to-tees","9":"product_cat-translate-products","10":"product_tag-ai-artwork","11":"product_tag-ai-kids-artwork","12":"product_tag-birthday_shirt","13":"product_tag-custom-arts-karate","14":"product_tag-jiu_jitsu_shirt","15":"product_tag-karate_gift","16":"product_tag-kid","17":"product_tag-kids_birthday_shirt","18":"product_tag-sports","19":"product_tag-youth-girl","21":"first","22":"instock","23":"taxable","24":"shipping-taxable","25":"purchasable","26":"product-type-simple"},"acf":[],"wcpa_form_fields":null,"_links":{"self":[{"href":"https:\/\/www.customywear.com\/tr\/wp-json\/wp\/v2\/product\/21214","targetHints":{"allow":["GET"]}}],"collection":[{"href":"https:\/\/www.customywear.com\/tr\/wp-json\/wp\/v2\/product"}],"about":[{"href":"https:\/\/www.customywear.com\/tr\/wp-json\/wp\/v2\/types\/product"}],"replies":[{"embeddable":true,"href":"https:\/\/www.customywear.com\/tr\/wp-json\/wp\/v2\/comments?post=21214"}],"wp:featuredmedia":[{"embeddable":true,"href":"https:\/\/www.customywear.com\/tr\/wp-json\/wp\/v2\/media\/142941"}],"wp:attachment":[{"href":"https:\/\/www.customywear.com\/tr\/wp-json\/wp\/v2\/media?parent=21214"}],"wp:term":[{"taxonomy":"product_brand","embeddable":true,"href":"https:\/\/www.customywear.com\/tr\/wp-json\/wp\/v2\/product_brand?post=21214"},{"taxonomy":"product_cat","embeddable":true,"href":"https:\/\/www.customywear.com\/tr\/wp-json\/wp\/v2\/product_cat?post=21214"},{"taxonomy":"product_tag","embeddable":true,"href":"https:\/\/www.customywear.com\/tr\/wp-json\/wp\/v2\/product_tag?post=21214"}],"curies":[{"name":"wp","href":"https:\/\/api.w.org\/{rel}","templated":true}]}}