{"id":21216,"date":"2023-07-28T13:47:13","date_gmt":"2023-07-28T13:47:13","guid":{"rendered":"https:\/\/www.customywear.com\/?post_type=product&#038;p=21216"},"modified":"2026-05-05T20:23:30","modified_gmt":"2026-05-05T20:23:30","slug":"ozel-karate-kadin-tshirt","status":"publish","type":"product","link":"https:\/\/www.customywear.com\/tr\/custom-karate-woman-shirt\/","title":{"rendered":"Ki\u015fiye \u00d6zel Karate Kad\u0131n G\u00f6mle\u011fi | Ki\u015fiye \u00d6zel Kung Fu Spor \u00d6\u011fretmeni Anne K\u0131z Arkada\u015f K\u0131z Karde\u015f Ti\u015f\u00f6rt\u00fc"},"content":{"rendered":"<p>&#034;\u00d6zel Karate Kad\u0131n G\u00f6mle\u011fimiz&#034; ile d\u00f6v\u00fc\u015f sanatlar\u0131n\u0131n g\u00fcc\u00fcn\u00fc ve zarafetini kucaklay\u0131n. Foto\u011fraf\u0131n\u0131z\u0131 ustal\u0131kla karate becerilerinizi sergileyen b\u00fcy\u00fcleyici bir vekt\u00f6r portrenize d\u00f6n\u00fc\u015ft\u00fcr\u00fcyoruz. Bu ki\u015fiselle\u015ftirilmi\u015f ti\u015f\u00f6rt, tutkulu bir spor \u00f6\u011fretmeni, \u00f6zverili bir anne, destekleyici bir k\u0131z arkada\u015f veya \u015fefkatli bir k\u0131z karde\u015f olsan\u0131z da d\u00f6v\u00fc\u015f sanatlar\u0131 merakl\u0131lar\u0131 i\u00e7in m\u00fckemmel bir hediyedir. Bu benzersiz ve \u00f6zel tasar\u0131m ti\u015f\u00f6rt ile karate ve kung fu&#039;ya olan sevginizi kutlay\u0131n. Adobe Illustrator ve Adobe Photoshop&#039;un uzmanl\u0131\u011f\u0131n\u0131 kullanarak, foto\u011fraf\u0131n\u0131z\u0131n her ayr\u0131nt\u0131s\u0131n\u0131n y\u00fcksek kaliteli bir vekt\u00f6r sanat\u0131na d\u00f6n\u00fc\u015ft\u00fcr\u00fclmesini ve d\u00f6v\u00fc\u015f sanatlar\u0131 yolculu\u011funuzun \u00f6z\u00fcn\u00fc yakalamas\u0131n\u0131 sa\u011fl\u0131yoruz. Hem Yeti\u015fkin K\u0131sa Kollu hem de Uzun Kollu se\u00e7enekleri bulunan bu unisex ti\u015f\u00f6rt, yeti\u015fkinlerden gen\u00e7lere, \u00e7ocuklara ve y\u00fcr\u00fcmeye ba\u015flayan \u00e7ocuklara kadar her ya\u015f i\u00e7in ki\u015fiselle\u015ftirilebilir. Daha da \u00f6zel hale getirmek i\u00e7in, sanat eserine evcil hayvan\u0131n\u0131z\u0131n y\u00fcz\u00fcn\u00fc ekleme se\u00e7ene\u011fi sunuyoruz ve ekstra bir ki\u015fiselle\u015ftirme dokunu\u015fu ekliyoruz. \u0130ster antrenman seanslar\u0131nda, ister g\u00fcnl\u00fck gezilerde, ister d\u00f6v\u00fc\u015f sanatlar\u0131na olan ba\u011fl\u0131l\u0131\u011f\u0131n\u0131z\u0131 sergilemek i\u00e7in giyin, \u00f6zel karate kad\u0131n ti\u015f\u00f6rt\u00fcm\u00fcz gard\u0131robunuz i\u00e7in g\u00fc\u00e7l\u00fc ve anlaml\u0131 bir ektir. Bu benzersiz ki\u015fiselle\u015ftirilmi\u015f ti\u015f\u00f6rt ile d\u00f6v\u00fc\u015f sanatlar\u0131 ruhunuzu kucaklay\u0131n ve tutkunuzu gururla ta\u015f\u0131y\u0131n.<\/p>","protected":false},"excerpt":{"rendered":"<p>G\u00fcc\u00fcn\u00fc \u00f6zel bir karate kad\u0131n g\u00f6mle\u011fi ile kutlay\u0131n. Ki\u015fiselle\u015ftirilmi\u015f kung fu spor \u00f6\u011fretmeni anne, k\u0131z arkada\u015f\u0131 veya k\u0131z karde\u015f tees, herhangi bir foto\u011fraf\u0131 benzersiz bir ti\u015f\u00f6rte d\u00f6n\u00fc\u015ft\u00fcr\u00fcr.<\/p>","protected":false},"featured_media":142927,"comment_status":"open","ping_status":"closed","template":"","meta":{"_acf_changed":false},"product_brand":[],"product_cat":[6191,2406,6412,6428,6351,6352],"product_tag":[6433,934,6217,2408,1301,1302,1792,326,112,1827],"class_list":{"0":"post-21216","1":"product","2":"type-product","3":"status-publish","4":"has-post-thumbnail","6":"product_cat-t-shirts-women","7":"product_cat-custom-gifts-karate","8":"product_cat-photo-to-tees","9":"product_cat-translate-products","10":"product_cat-womens-gym-t-shirts","11":"product_cat-womens-sports-t-shirts","12":"product_tag-ai-artwork","13":"product_tag-birthday_shirt","14":"product_tag-custom-t-shirt","15":"product_tag-custom-arts-karate","16":"product_tag-jiu_jitsu_shirt","17":"product_tag-karate_gift","18":"product_tag-muay_thai_shirt","19":"product_tag-sports","20":"product_tag-women","21":"product_tag-workout_shirt","23":"first","24":"instock","25":"taxable","26":"shipping-taxable","27":"purchasable","28":"product-type-simple"},"acf":[],"wcpa_form_fields":null,"_links":{"self":[{"href":"https:\/\/www.customywear.com\/tr\/wp-json\/wp\/v2\/product\/21216","targetHints":{"allow":["GET"]}}],"collection":[{"href":"https:\/\/www.customywear.com\/tr\/wp-json\/wp\/v2\/product"}],"about":[{"href":"https:\/\/www.customywear.com\/tr\/wp-json\/wp\/v2\/types\/product"}],"replies":[{"embeddable":true,"href":"https:\/\/www.customywear.com\/tr\/wp-json\/wp\/v2\/comments?post=21216"}],"wp:featuredmedia":[{"embeddable":true,"href":"https:\/\/www.customywear.com\/tr\/wp-json\/wp\/v2\/media\/142927"}],"wp:attachment":[{"href":"https:\/\/www.customywear.com\/tr\/wp-json\/wp\/v2\/media?parent=21216"}],"wp:term":[{"taxonomy":"product_brand","embeddable":true,"href":"https:\/\/www.customywear.com\/tr\/wp-json\/wp\/v2\/product_brand?post=21216"},{"taxonomy":"product_cat","embeddable":true,"href":"https:\/\/www.customywear.com\/tr\/wp-json\/wp\/v2\/product_cat?post=21216"},{"taxonomy":"product_tag","embeddable":true,"href":"https:\/\/www.customywear.com\/tr\/wp-json\/wp\/v2\/product_tag?post=21216"}],"curies":[{"name":"wp","href":"https:\/\/api.w.org\/{rel}","templated":true}]}}