{"id":21218,"date":"2023-07-28T13:47:14","date_gmt":"2023-07-28T13:47:14","guid":{"rendered":"https:\/\/www.customywear.com\/?post_type=product&#038;p=21218"},"modified":"2026-05-07T15:29:52","modified_gmt":"2026-05-07T15:29:52","slug":"ozel-koreli-erkek-cocuk-gomlegi","status":"publish","type":"product","link":"https:\/\/www.customywear.com\/tr\/custom-korean-boy-shirt\/","title":{"rendered":"Ki\u015fiye \u00d6zel Koreli Erkek G\u00f6mle\u011fi | Seyahat Severler \u0130\u00e7in Ki\u015fiselle\u015ftirilmi\u015f Kore \u00dclke Turu Ti\u015f\u00f6rt\u00fc"},"content":{"rendered":"<p>\u00c7ocu\u011funuzun foto\u011fraf\u0131n\u0131 b\u00fcy\u00fcleyici bir vekt\u00f6r portre sanat\u0131na ustal\u0131kla d\u00f6n\u00fc\u015ft\u00fcrd\u00fc\u011f\u00fcm\u00fcz ve onu b\u00fcy\u00fcleyici bir Kore geleneksel elbisesiyle tasvir etti\u011fimiz &#034;\u00d6zel Koreli \u00c7ocuk G\u00f6mle\u011fi&#034; ile Kore k\u00fclt\u00fcr\u00fcn\u00fcn b\u00fcy\u00fcleyici cazibesini kucaklay\u0131n. Bu yarat\u0131c\u0131 gen\u00e7 k\u0131sa kollu ve uzun kollu ti\u015f\u00f6rt tasar\u0131m\u0131, G\u00fcney Kore&#039;nin \u00f6z\u00fcn\u00fc ve zengin miras\u0131n\u0131 yakalayan gen\u00e7 Koreli ve Asyal\u0131 k\u00fclt\u00fcr merakl\u0131lar\u0131 i\u00e7in m\u00fckemmel bir \u00f6zel hediyedir. Adobe Illustrator ve Adobe Photoshop&#039;un kullan\u0131m\u0131yla, ortaya \u00e7\u0131kan tasar\u0131m\u0131n y\u00fcksek kaliteli vekt\u00f6r sanat\u0131na sahip olmas\u0131n\u0131 ve \u00e7ocu\u011funuzdaki k\u00fclt\u00fcrel gururu ve hayranl\u0131\u011f\u0131 ortaya \u00e7\u0131karmas\u0131n\u0131 sa\u011fl\u0131yoruz. Bu ki\u015fiselle\u015ftirilmi\u015f ti\u015f\u00f6rtler hem yeti\u015fkinler, hem gen\u00e7ler, hem \u00e7ocuklar hem de y\u00fcr\u00fcmeye ba\u015flayan \u00e7ocuklar i\u00e7in mevcuttur ve bunlar\u0131 her ya\u015f i\u00e7in \u00e7ok y\u00f6nl\u00fc hediyeler haline getirir. Ayr\u0131ca, \u00e7ocu\u011funuzun sevdi\u011fi bir evcil hayvanla derin bir ba\u011f\u0131 varsa, t\u00fcyl\u00fc arkada\u015f\u0131n\u0131n y\u00fcz\u00fcn\u00fc portreye ekleme se\u00e7ene\u011fi sunuyoruz ve bu i\u00e7ten hediyeye ekstra bir ki\u015fiselle\u015ftirme dokunu\u015fu ekliyoruz. Kore geleneklerinin harikalar\u0131n\u0131 kucaklay\u0131n ve k\u00fc\u00e7\u00fck \u00e7ocu\u011funuzun Kore&#039;ye ve b\u00fcy\u00fcleyici tarihine olan sevgisini, Asya k\u00fclt\u00fcr\u00fcn\u00fcn g\u00fczelli\u011fine ho\u015f bir \u00f6vg\u00fc olan \u00f6zel Kore erkek \u00e7ocuk ti\u015f\u00f6rt\u00fcm\u00fczle sergilemesine izin verin.<\/p>","protected":false},"excerpt":{"rendered":"<p>\u00d6zel bir Kore erkek g\u00f6mle\u011fi ile miras\u0131 onurland\u0131r\u0131n. Seyahat severler i\u00e7in ki\u015fiselle\u015ftirilmi\u015f Kore \u00fclke turu ti\u015f\u00f6rtleri, herhangi bir foto\u011fraf\u0131 t\u00fcr\u00fcn\u00fcn tek \u00f6rne\u011fi bir ti\u015f\u00f6rte d\u00f6n\u00fc\u015ft\u00fcr\u00fcr.<\/p>","protected":false},"featured_media":142962,"comment_status":"open","ping_status":"closed","template":"","meta":{"_acf_changed":false},"product_brand":[],"product_cat":[6189,2421,6412,6428],"product_tag":[6433,6439,64,2422,65,67,2345,73],"class_list":{"0":"post-21218","1":"product","2":"type-product","3":"status-publish","4":"has-post-thumbnail","6":"product_cat-boys-t-shirts","7":"product_cat-custom-gifts-korean-culture","8":"product_cat-photo-to-tees","9":"product_cat-translate-products","10":"product_tag-ai-artwork","11":"product_tag-ai-kids-artwork","12":"product_tag-country_shirts","13":"product_tag-custom-arts-korean","14":"product_tag-kid","15":"product_tag-kids_birthday_shirt","16":"product_tag-kpop_shirt","17":"product_tag-youth-boy","19":"first","20":"instock","21":"taxable","22":"shipping-taxable","23":"purchasable","24":"product-type-simple"},"acf":[],"wcpa_form_fields":null,"_links":{"self":[{"href":"https:\/\/www.customywear.com\/tr\/wp-json\/wp\/v2\/product\/21218","targetHints":{"allow":["GET"]}}],"collection":[{"href":"https:\/\/www.customywear.com\/tr\/wp-json\/wp\/v2\/product"}],"about":[{"href":"https:\/\/www.customywear.com\/tr\/wp-json\/wp\/v2\/types\/product"}],"replies":[{"embeddable":true,"href":"https:\/\/www.customywear.com\/tr\/wp-json\/wp\/v2\/comments?post=21218"}],"wp:featuredmedia":[{"embeddable":true,"href":"https:\/\/www.customywear.com\/tr\/wp-json\/wp\/v2\/media\/142962"}],"wp:attachment":[{"href":"https:\/\/www.customywear.com\/tr\/wp-json\/wp\/v2\/media?parent=21218"}],"wp:term":[{"taxonomy":"product_brand","embeddable":true,"href":"https:\/\/www.customywear.com\/tr\/wp-json\/wp\/v2\/product_brand?post=21218"},{"taxonomy":"product_cat","embeddable":true,"href":"https:\/\/www.customywear.com\/tr\/wp-json\/wp\/v2\/product_cat?post=21218"},{"taxonomy":"product_tag","embeddable":true,"href":"https:\/\/www.customywear.com\/tr\/wp-json\/wp\/v2\/product_tag?post=21218"}],"curies":[{"name":"wp","href":"https:\/\/api.w.org\/{rel}","templated":true}]}}