{"id":21220,"date":"2023-07-28T13:47:15","date_gmt":"2023-07-28T13:47:15","guid":{"rendered":"https:\/\/www.customywear.com\/?post_type=product&#038;p=21220"},"modified":"2026-05-05T20:24:09","modified_gmt":"2026-05-05T20:24:09","slug":"ozel-kore-erkek-tshirt","status":"publish","type":"product","link":"https:\/\/www.customywear.com\/tr\/custom-korean-man-shirt\/","title":{"rendered":"Ki\u015fiye \u00d6zel Kore Erkek G\u00f6mle\u011fi | Ki\u015fiye \u00d6zel Geleneksel Elbise Seyahat Ti\u015f\u00f6rt\u00fc"},"content":{"rendered":"<p>&#034;\u00d6zel Kore Erkek G\u00f6mle\u011fi&#034; ile b\u00fcy\u00fcleyici Kore k\u00fclt\u00fcr\u00fcne bir yolculu\u011fa \u00e7\u0131k\u0131n. Foto\u011fraf\u0131n\u0131z\u0131 ustal\u0131kla b\u00fcy\u00fcleyici bir vekt\u00f6r portre sanat\u0131na d\u00f6n\u00fc\u015ft\u00fcr\u00fcyoruz ve geleneksel bir Kore k\u0131yafeti giymi\u015fsiniz gibi g\u00f6r\u00fcnmesini sa\u011fl\u0131yoruz. Bu \u00f6zel ti\u015f\u00f6rt, seyahatin ve k\u00fclt\u00fcrel ke\u015ffin cazibesini kutluyor ve onu Kore miras\u0131n\u0131n zenginli\u011fini takdir edenler i\u00e7in anlaml\u0131 ve benzersiz bir hediye haline getiriyor. \u00d6zel unisex yeti\u015fkin k\u0131sa kollu ve uzun kollu ti\u015f\u00f6rt tasar\u0131m\u0131m\u0131z herkes i\u00e7in rahat ve \u015f\u0131k bir uyum sa\u011fl\u0131yor ve Adobe Illustrator ve Adobe Photoshop kullan\u0131m\u0131m\u0131zla Kore gelene\u011finin \u00f6z\u00fcn\u00fc g\u00fczel bir \u015fekilde yakalayan y\u00fcksek kaliteli vekt\u00f6r sanat\u0131 garanti ediyoruz. G\u00fcney Kore&#039;ye \u00f6zel bir geziyi anmak veya sadece Kore k\u00fclt\u00fcr\u00fcne olan sevginizi sergilemek isteyin, bu ki\u015fiselle\u015ftirilmi\u015f ti\u015f\u00f6rt m\u00fckemmel bir se\u00e7imdir. Ayr\u0131ca, portreye sevgili evcil hayvan\u0131n\u0131z\u0131n y\u00fcz\u00fcn\u00fc ekleme se\u00e7ene\u011finiz de var ve hediyeye ekstra bir ki\u015fiselle\u015ftirme dokunu\u015fu kat\u0131yor. Kore k\u00fclt\u00fcr\u00fcn\u00fcn d\u00fcnyas\u0131na ad\u0131m at\u0131n ve k\u00fclt\u00fcrel \u00e7e\u015fitlili\u011fin zamans\u0131z cazibesine ola\u011fan\u00fcst\u00fc bir \u00f6vg\u00fc olan \u00f6zel Kore erkek g\u00f6mle\u011fimizle gelene\u011fin g\u00fczelli\u011fini kucaklay\u0131n.<\/p>","protected":false},"excerpt":{"rendered":"<p>Gelene\u011fi \u00f6zel bir Koreli erkek g\u00f6mle\u011fi ile kucaklay\u0131n. Ki\u015fiselle\u015ftirilmi\u015f geleneksel elbise seyahat ti\u015f\u00f6rtleri, herhangi bir foto\u011fraf\u0131 benzersiz bir k\u00fclt\u00fcrel ti\u015f\u00f6rte d\u00f6n\u00fc\u015ft\u00fcr\u00fcr.<\/p>","protected":false},"featured_media":142948,"comment_status":"open","ping_status":"closed","template":"","meta":{"_acf_changed":false},"product_brand":[],"product_cat":[6195,6157,6156,2421,186,6345,6412,6428],"product_tag":[6433,193,2422,503,2345,102,6216,209],"class_list":{"0":"post-21220","1":"product","2":"type-product","3":"status-publish","4":"has-post-thumbnail","6":"product_cat-t-shirts-men","7":"product_cat-country","8":"product_cat-culture","9":"product_cat-custom-gifts-korean-culture","10":"product_cat-men","11":"product_cat-mens-country-culture-t-shirts","12":"product_cat-photo-to-tees","13":"product_cat-translate-products","14":"product_tag-ai-artwork","15":"product_tag-boyfriend_gift","16":"product_tag-custom-arts-korean","17":"product_tag-girlfriend_gift","18":"product_tag-kpop_shirt","19":"product_tag-long_distance_gift","20":"product_tag-mens-custom-t-shirts","21":"product_tag-travel_lover_gift","23":"first","24":"instock","25":"taxable","26":"shipping-taxable","27":"purchasable","28":"product-type-simple"},"acf":[],"wcpa_form_fields":null,"_links":{"self":[{"href":"https:\/\/www.customywear.com\/tr\/wp-json\/wp\/v2\/product\/21220","targetHints":{"allow":["GET"]}}],"collection":[{"href":"https:\/\/www.customywear.com\/tr\/wp-json\/wp\/v2\/product"}],"about":[{"href":"https:\/\/www.customywear.com\/tr\/wp-json\/wp\/v2\/types\/product"}],"replies":[{"embeddable":true,"href":"https:\/\/www.customywear.com\/tr\/wp-json\/wp\/v2\/comments?post=21220"}],"wp:featuredmedia":[{"embeddable":true,"href":"https:\/\/www.customywear.com\/tr\/wp-json\/wp\/v2\/media\/142948"}],"wp:attachment":[{"href":"https:\/\/www.customywear.com\/tr\/wp-json\/wp\/v2\/media?parent=21220"}],"wp:term":[{"taxonomy":"product_brand","embeddable":true,"href":"https:\/\/www.customywear.com\/tr\/wp-json\/wp\/v2\/product_brand?post=21220"},{"taxonomy":"product_cat","embeddable":true,"href":"https:\/\/www.customywear.com\/tr\/wp-json\/wp\/v2\/product_cat?post=21220"},{"taxonomy":"product_tag","embeddable":true,"href":"https:\/\/www.customywear.com\/tr\/wp-json\/wp\/v2\/product_tag?post=21220"}],"curies":[{"name":"wp","href":"https:\/\/api.w.org\/{rel}","templated":true}]}}