{"id":21221,"date":"2023-07-28T13:47:16","date_gmt":"2023-07-28T13:47:16","guid":{"rendered":"https:\/\/www.customywear.com\/?post_type=product&#038;p=21221"},"modified":"2026-05-05T20:23:30","modified_gmt":"2026-05-05T20:23:30","slug":"ozel-kore-kadin-kultur-tisortu","status":"publish","type":"product","link":"https:\/\/www.customywear.com\/tr\/custom-korean-women-culture-shirt\/","title":{"rendered":"\u00d6zel Kore Kad\u0131n K\u00fclt\u00fcr\u00fc G\u00f6mle\u011fi | Ki\u015fiselle\u015ftirilmi\u015f Geleneksel Elbise Ti\u015f\u00f6rt\u00fc"},"content":{"rendered":"<p>Foto\u011fraf\u0131n\u0131z\u0131 ustal\u0131kla b\u00fcy\u00fcleyici bir vekt\u00f6r portre sanat\u0131na d\u00f6n\u00fc\u015ft\u00fcrd\u00fc\u011f\u00fcm\u00fcz ve geleneksel bir Kore elbisesiyle zarif bir \u015fekilde s\u00fcslenmi\u015f gibi g\u00f6r\u00fcnd\u00fc\u011f\u00fcn\u00fcz &#034;\u00d6zel Kore Kad\u0131n K\u00fclt\u00fcr\u00fc G\u00f6mle\u011fimiz&#034; ile Kore k\u00fclt\u00fcr\u00fcn\u00fcn g\u00fczelli\u011fine dal\u0131n. Bu \u00f6zel ti\u015f\u00f6rt, Kore k\u00fclt\u00fcr\u00fcn\u00fcn zenginli\u011fini ve miras\u0131n\u0131 sergileyerek seyahatin ve k\u00fclt\u00fcrel ke\u015ffin cazibesini takdir edenler i\u00e7in anlaml\u0131 ve benzersiz bir hediye haline getiriyor. \u00d6zel unisex yeti\u015fkin k\u0131sa kollu ve uzun kollu ti\u015f\u00f6rt tasar\u0131m\u0131m\u0131z herkes i\u00e7in rahat ve \u015f\u0131k bir uyum sa\u011flar ve Adobe Illustrator ve Adobe Photoshop kullan\u0131m\u0131m\u0131zla Kore gelene\u011finin \u00f6z\u00fcn\u00fc g\u00fczel bir \u015fekilde yakalayan y\u00fcksek kaliteli vekt\u00f6r sanat\u0131 garanti ediyoruz. G\u00fcney Kore&#039;ye \u00f6zel bir geziyi anmak veya sadece Kore miras\u0131n\u0131n cazibesini kutlamak isteyin, bu ki\u015fiselle\u015ftirilmi\u015f ti\u015f\u00f6rt m\u00fckemmel bir se\u00e7imdir. Ayr\u0131ca, portreye sevgili evcil hayvan\u0131n\u0131z\u0131n y\u00fcz\u00fcn\u00fc ekleme se\u00e7ene\u011finiz de var ve hediyeye ekstra bir ki\u015fiselle\u015ftirme dokunu\u015fu kat\u0131yor. Kore k\u00fclt\u00fcr\u00fcn\u00fcn d\u00fcnyas\u0131na ad\u0131m at\u0131n ve gelenek ve tarihin zamans\u0131z cazibesine ola\u011fan\u00fcst\u00fc bir \u00f6vg\u00fc olan \u00f6zel Kore kad\u0131n k\u00fclt\u00fcr g\u00f6mle\u011fimizle seyahat sevginizi sergileyin.<\/p>","protected":false},"excerpt":{"rendered":"<p>K\u00fclt\u00fcr\u00fc \u00f6zel bir Kore kad\u0131n k\u00fclt\u00fcr\u00fc g\u00f6mle\u011fi ile kutlay\u0131n. Ki\u015fiselle\u015ftirilmi\u015f geleneksel elbise ti\u015f\u00f6rtleri, herhangi bir foto\u011fraf\u0131 benzersiz, t\u00fcr\u00fcn\u00fcn tek \u00f6rne\u011fi bir ti\u015f\u00f6rte d\u00f6n\u00fc\u015ft\u00fcr\u00fcr.<\/p>","protected":false},"featured_media":142955,"comment_status":"open","ping_status":"closed","template":"","meta":{"_acf_changed":false},"product_brand":[],"product_cat":[6191,2421,6412,6428,6355],"product_tag":[6433,2422,503,2345,102,209,112],"class_list":{"0":"post-21221","1":"product","2":"type-product","3":"status-publish","4":"has-post-thumbnail","6":"product_cat-t-shirts-women","7":"product_cat-custom-gifts-korean-culture","8":"product_cat-photo-to-tees","9":"product_cat-translate-products","10":"product_cat-womens-culture-country-t-shirts","11":"product_tag-ai-artwork","12":"product_tag-custom-arts-korean","13":"product_tag-girlfriend_gift","14":"product_tag-kpop_shirt","15":"product_tag-long_distance_gift","16":"product_tag-travel_lover_gift","17":"product_tag-women","19":"first","20":"instock","21":"taxable","22":"shipping-taxable","23":"purchasable","24":"product-type-simple"},"acf":[],"wcpa_form_fields":null,"_links":{"self":[{"href":"https:\/\/www.customywear.com\/tr\/wp-json\/wp\/v2\/product\/21221","targetHints":{"allow":["GET"]}}],"collection":[{"href":"https:\/\/www.customywear.com\/tr\/wp-json\/wp\/v2\/product"}],"about":[{"href":"https:\/\/www.customywear.com\/tr\/wp-json\/wp\/v2\/types\/product"}],"replies":[{"embeddable":true,"href":"https:\/\/www.customywear.com\/tr\/wp-json\/wp\/v2\/comments?post=21221"}],"wp:featuredmedia":[{"embeddable":true,"href":"https:\/\/www.customywear.com\/tr\/wp-json\/wp\/v2\/media\/142955"}],"wp:attachment":[{"href":"https:\/\/www.customywear.com\/tr\/wp-json\/wp\/v2\/media?parent=21221"}],"wp:term":[{"taxonomy":"product_brand","embeddable":true,"href":"https:\/\/www.customywear.com\/tr\/wp-json\/wp\/v2\/product_brand?post=21221"},{"taxonomy":"product_cat","embeddable":true,"href":"https:\/\/www.customywear.com\/tr\/wp-json\/wp\/v2\/product_cat?post=21221"},{"taxonomy":"product_tag","embeddable":true,"href":"https:\/\/www.customywear.com\/tr\/wp-json\/wp\/v2\/product_tag?post=21221"}],"curies":[{"name":"wp","href":"https:\/\/api.w.org\/{rel}","templated":true}]}}