{"id":21258,"date":"2023-07-28T13:47:43","date_gmt":"2023-07-28T13:47:43","guid":{"rendered":"https:\/\/www.customywear.com\/?post_type=product&#038;p=21258"},"modified":"2026-05-07T15:29:51","modified_gmt":"2026-05-07T15:29:51","slug":"ozel-denizkizi-kiz-genclik-tisort","status":"publish","type":"product","link":"https:\/\/www.customywear.com\/tr\/personalized-mermaid-girl-youth-shirt\/","title":{"rendered":"Ki\u015fiselle\u015ftirilmi\u015f Deniz K\u0131z\u0131 K\u0131z Gen\u00e7lik Ti\u015f\u00f6rt\u00fc | \u00d6zel Sualt\u0131 Macera Ti\u015f\u00f6rt\u00fc"},"content":{"rendered":"<p>\u00c7ocu\u011funuzun foto\u011fraf\u0131n\u0131n Adobe Illustrator kullan\u0131larak b\u00fcy\u00fcleyici bir vekt\u00f6r \u00e7izime d\u00f6n\u00fc\u015ft\u00fcr\u00fcld\u00fc\u011f\u00fc &#034;Ki\u015fiselle\u015ftirilmi\u015f Deniz K\u0131z\u0131 K\u0131z Gen\u00e7lik Ti\u015f\u00f6rt\u00fcm\u00fcz&#034; ile hayal d\u00fcnyas\u0131na dal\u0131n. K\u00fc\u00e7\u00fck \u00e7ocu\u011funuzun bu \u00f6zel ti\u015f\u00f6rtte okyanusun derinliklerini ke\u015ffeden zarif bir denizk\u0131z\u0131 gibi g\u00f6r\u00fcnmesini izleyin. Bu b\u00fcy\u00fcleyici tasar\u0131m, denizk\u0131zlar\u0131n\u0131n mistik d\u00fcnyas\u0131na kap\u0131lm\u0131\u015f gen\u00e7, yarat\u0131c\u0131 zihinler i\u00e7in m\u00fckemmel bir ilham verici hediye g\u00f6revi g\u00f6r\u00fcr. Yetenekli tasar\u0131mc\u0131lar\u0131m\u0131z, y\u00fcksek kaliteli vekt\u00f6r sanat\u0131 olu\u015fturmak i\u00e7in Adobe Illustrator ve Adobe Photoshop ile sihirlerini kullanarak canl\u0131 renkler ve karma\u015f\u0131k detaylarla denizk\u0131z\u0131 fantezisini hayata ge\u00e7irir. DTG bask\u0131 tekni\u011fi, tasar\u0131m\u0131n say\u0131s\u0131z maceradan sonra bile canl\u0131 ve dayan\u0131kl\u0131 kalmas\u0131n\u0131 sa\u011flar. Bu unisex ti\u015f\u00f6rt, yeti\u015fkinler, gen\u00e7ler, \u00e7ocuklar ve y\u00fcr\u00fcmeye ba\u015flayan \u00e7ocuklar dahil t\u00fcm ya\u015f gruplar\u0131 i\u00e7in mevcuttur ve t\u00fcm aile i\u00e7in keyifli bir s\u00fcrpriz haline getirir. Ayr\u0131ca, bu ho\u015f denizk\u0131z\u0131 temal\u0131 ti\u015f\u00f6rte ekstra bir sihir ve benzersizlik dokunu\u015fu ekleyerek tasar\u0131m\u0131 herhangi bir insan veya evcil hayvan y\u00fcz\u00fcyle ki\u015fiselle\u015ftirme se\u00e7ene\u011fi sunuyoruz.<\/p>","protected":false},"excerpt":{"rendered":"<p>Ki\u015fiselle\u015ftirilmi\u015f bir Mermaid Girl Youth T-shirt ile denizleri ke\u015ffedin. \u00d6zel sualt\u0131 macera ti\u015f\u00f6rtleri, herhangi bir foto\u011fraf\u0131 e\u011flenceli, benzersiz bir ti\u015f\u00f6rte d\u00f6n\u00fc\u015ft\u00fcr\u00fcr.<\/p>","protected":false},"featured_media":143011,"comment_status":"open","ping_status":"closed","template":"","meta":{"_acf_changed":false},"product_brand":[],"product_cat":[6193,1615,6412,6428],"product_tag":[6433,6439,6331,1616,65,1617,1618,2457,156],"class_list":{"0":"post-21258","1":"product","2":"type-product","3":"status-publish","4":"has-post-thumbnail","6":"product_cat-girls-t-shirts","7":"product_cat-custom-gifts-mermaid","8":"product_cat-photo-to-tees","9":"product_cat-translate-products","10":"product_tag-ai-artwork","11":"product_tag-ai-kids-artwork","12":"product_tag-custom-picture-t-shirt-for-girls","13":"product_tag-custom-arts-mermaid","14":"product_tag-kid","15":"product_tag-mermaid_gifts","16":"product_tag-mermaid_shirt","17":"product_tag-ocean_shirt","18":"product_tag-youth-girl","20":"first","21":"instock","22":"taxable","23":"shipping-taxable","24":"purchasable","25":"product-type-simple"},"acf":[],"wcpa_form_fields":null,"_links":{"self":[{"href":"https:\/\/www.customywear.com\/tr\/wp-json\/wp\/v2\/product\/21258","targetHints":{"allow":["GET"]}}],"collection":[{"href":"https:\/\/www.customywear.com\/tr\/wp-json\/wp\/v2\/product"}],"about":[{"href":"https:\/\/www.customywear.com\/tr\/wp-json\/wp\/v2\/types\/product"}],"replies":[{"embeddable":true,"href":"https:\/\/www.customywear.com\/tr\/wp-json\/wp\/v2\/comments?post=21258"}],"wp:featuredmedia":[{"embeddable":true,"href":"https:\/\/www.customywear.com\/tr\/wp-json\/wp\/v2\/media\/143011"}],"wp:attachment":[{"href":"https:\/\/www.customywear.com\/tr\/wp-json\/wp\/v2\/media?parent=21258"}],"wp:term":[{"taxonomy":"product_brand","embeddable":true,"href":"https:\/\/www.customywear.com\/tr\/wp-json\/wp\/v2\/product_brand?post=21258"},{"taxonomy":"product_cat","embeddable":true,"href":"https:\/\/www.customywear.com\/tr\/wp-json\/wp\/v2\/product_cat?post=21258"},{"taxonomy":"product_tag","embeddable":true,"href":"https:\/\/www.customywear.com\/tr\/wp-json\/wp\/v2\/product_tag?post=21258"}],"curies":[{"name":"wp","href":"https:\/\/api.w.org\/{rel}","templated":true}]}}